{"id":2463,"date":"2022-01-07T17:29:53","date_gmt":"2022-01-07T17:29:53","guid":{"rendered":"https:\/\/wip.digitalsteam.ca\/inukpak\/contact-us\/"},"modified":"2024-05-10T19:30:12","modified_gmt":"2024-05-10T19:30:12","slug":"nous-joindre","status":"publish","type":"page","link":"https:\/\/inukpakoutfitting.ca\/fr\/nous-joindre\/","title":{"rendered":"Nous joindre"},"content":{"rendered":"<h1>Nous joindre<\/h1>\n<h2><span uk-icon=\"icon:comment; ratio:2;\"><\/span> \u00c9crivez-nous<\/h2>\n<div>SVP, veuillez utiliser le formulaire ci-dessous pour communiquer avec nous. Nous nous ferons un devoir de vous r\u00e9pondre le plus rapidement possible. *Pensez \u00e0 verifier dans vos pourriels!*<\/div>\n<div>\n<div class=\"forminator-ui forminator-custom-form forminator-custom-form-2662 forminator-design--default forminator-enclosed forminator_ajax\" data-forminator-render=\"0\" data-form=\"forminator-module-2662\" data-uid=\"69ef4948c06b9\"><br\/><\/div><form\r\n\t\t\t\tid=\"forminator-module-2662\"\r\n\t\t\t\tclass=\"forminator-ui forminator-custom-form forminator-custom-form-2662 forminator-design--default forminator-enclosed forminator_ajax\"\r\n\t\t\t\tmethod=\"post\"\r\n\t\t\t\tdata-forminator-render=\"0\"\r\n\t\t\t\tdata-form-id=\"2662\"\r\n\t\t\t\t data-color-option=\"default\" data-design=\"default\" data-grid=\"enclosed\" style=\"display: none;\"\r\n\t\t\t\tdata-uid=\"69ef4948c06b9\"\r\n\t\t\t><div role=\"alert\" aria-live=\"polite\" class=\"forminator-response-message forminator-error\" aria-hidden=\"true\"><\/div><div class=\"forminator-row\"><div id=\"name-1\" class=\"forminator-field-name forminator-col forminator-col-12 \"><div class=\"forminator-field\"><label for=\"forminator-field-name-1_69ef4948c06b9\" id=\"forminator-field-name-1_69ef4948c06b9-label\" class=\"forminator-label\">Nom complet <span class=\"forminator-required\">*<\/span><\/label><input type=\"text\" name=\"name-1\" value=\"\" placeholder=\"Nom complet\" id=\"forminator-field-name-1_69ef4948c06b9\" class=\"forminator-input forminator-name--field\" aria-required=\"true\" autocomplete=\"name\" \/><\/div><\/div><\/div><div class=\"forminator-row\"><div id=\"email-1\" class=\"forminator-field-email forminator-col forminator-col-12 \"><div class=\"forminator-field\"><label for=\"forminator-field-email-1_69ef4948c06b9\" id=\"forminator-field-email-1_69ef4948c06b9-label\" class=\"forminator-label\">Courriel <span class=\"forminator-required\">*<\/span><\/label><input type=\"email\" name=\"email-1\" value=\"\" placeholder=\"Courriel\" id=\"forminator-field-email-1_69ef4948c06b9\" class=\"forminator-input forminator-email--field\" data-required=\"true\" aria-required=\"true\" autocomplete=\"email\" \/><\/div><\/div><\/div><div class=\"forminator-row\"><div id=\"phone-1\" class=\"forminator-field-phone forminator-col forminator-col-12 \"><div class=\"forminator-field\"><label for=\"forminator-field-phone-1_69ef4948c06b9\" id=\"forminator-field-phone-1_69ef4948c06b9-label\" class=\"forminator-label\">T\u00e9l\u00e9phone <span class=\"forminator-required\">*<\/span><\/label><input type=\"text\" name=\"phone-1\" value=\"\" placeholder=\"T\u00e9l\u00e9phone\" id=\"forminator-field-phone-1_69ef4948c06b9\" class=\"forminator-input forminator-field--phone\" data-required=\"1\" aria-required=\"true\" autocomplete=\"off\" \/><\/div><\/div><\/div><div class=\"forminator-row\"><div id=\"select-1\" class=\"forminator-field-select forminator-col forminator-col-12 \"><div class=\"forminator-field\"><label for=\"forminator-form-2662__field--select-1_69ef4948c06b9\" id=\"forminator-form-2662__field--select-1_69ef4948c06b9-label\" class=\"forminator-label\">Cat\u00e9gorie <span class=\"forminator-required\">*<\/span><\/label><select  id=\"forminator-form-2662__field--select-1_69ef4948c06b9\" class=\"forminator-select--field forminator-select2 forminator-select2-multiple\" data-required=\"1\" name=\"select-1\" data-default-value=\"\" data-placeholder=\"Veuillez choisir une cat\u00e9gorie\" data-search=\"false\" data-search-placeholder=\"Veuillez choisir une cat\u00e9gorie\" data-checkbox=\"false\" data-allow-clear=\"false\" aria-labelledby=\"forminator-form-2662__field--select-1_69ef4948c06b9-label\"><option value=\"\"  >Veuillez choisir une cat\u00e9gorie<\/option><option value=\"R\u00e9servation-Excursion\"  data-calculation=\"0\">R\u00e9servation Excursion<\/option><option value=\"R\u00e9servation-Exp\u00e9dition\"  data-calculation=\"0\">R\u00e9servation Exp\u00e9dition<\/option><option value=\"R\u00e9servation-program-D\u00e9couvrir\"  data-calculation=\"0\">R\u00e9servation program D\u00e9couvrir<\/option><option value=\"R\u00e9servation-Formation\"  data-calculation=\"0\">R\u00e9servation Formation<\/option><option value=\"R\u00e9servation-produits-sur-mesure\"  data-calculation=\"0\">R\u00e9servation produits sur-mesure<\/option><option value=\"Marketing\"  data-calculation=\"0\">Marketing<\/option><option value=\"Finance\"  data-calculation=\"0\">Finance<\/option><option value=\"Autres-demandes\"  data-calculation=\"0\">Autres demandes<\/option><\/select><\/div><\/div><\/div><div class=\"forminator-row\"><div id=\"text-1\" class=\"forminator-field-text forminator-col forminator-col-12 \"><div class=\"forminator-field\"><label for=\"forminator-field-text-1_69ef4948c06b9\" id=\"forminator-field-text-1_69ef4948c06b9-label\" class=\"forminator-label\">Sujet <span class=\"forminator-required\">*<\/span><\/label><input type=\"text\" name=\"text-1\" value=\"\" placeholder=\"Sujet\" id=\"forminator-field-text-1_69ef4948c06b9\" class=\"forminator-input forminator-name--field\" data-required=\"1\" \/><\/div><\/div><\/div><div class=\"forminator-row\"><div id=\"textarea-1\" class=\"forminator-field-textarea forminator-col forminator-col-12 \"><div class=\"forminator-field\"><label for=\"forminator-field-textarea-1_69ef4948c06b9\" id=\"forminator-field-textarea-1_69ef4948c06b9-label\" class=\"forminator-label\">Message <span class=\"forminator-required\">*<\/span><\/label><textarea name=\"textarea-1\" placeholder=\"Enter your message...\" id=\"forminator-field-textarea-1_69ef4948c06b9\" class=\"forminator-textarea\" rows=\"6\" style=\"--forminator-textarea-min-height:140px;\" maxlength=\"1000\" ><\/textarea><span id=\"forminator-field-textarea-1_69ef4948c06b9-description\" class=\"forminator-description\"><span data-limit=\"1000\" data-type=\"characters\" data-editor=\"\">0 \/ 1000<\/span><\/span><\/div><\/div><\/div><div class=\"forminator-row\" style=\"margin: 0;\"><div id=\"captcha-1\" class=\"forminator-field-captcha  forminator-col-12 \"><div class=\"forminator-captcha-left forminator-g-recaptcha recaptcha-invisible\" data-theme=\"light\" data-badge=\"bottomright\" data-sitekey=\"6Ldmvj4jAAAAABHriMz0RUXIvrJz5PfMU0s8OlXU\" data-size=\"invisible\"><\/div> <\/div><\/div><input type=\"hidden\" name=\"referer_url\" value=\"\" \/><div class=\"forminator-row forminator-row-last\"><div class=\"forminator-col\"><div class=\"forminator-field\"><button class=\"forminator-button forminator-button-submit uk-button uk-button-default\">SEND<\/button><\/div><\/div><\/div><input type=\"hidden\" id=\"forminator_nonce\" name=\"forminator_nonce\" value=\"9916057081\" \/><input type=\"hidden\" name=\"_wp_http_referer\" value=\"\/fr\/wp-json\/wp\/v2\/pages\/2463\" \/><input type=\"hidden\" name=\"form_id\" value=\"2662\"><input type=\"hidden\" name=\"page_id\" value=\"2463\"><input type=\"hidden\" name=\"form_type\" value=\"default\"><input type=\"hidden\" name=\"current_url\" value=\"https:\/\/inukpakoutfitting.ca\/fr\/nous-joindre\/\"><input type=\"hidden\" name=\"render_id\" value=\"0\"><input type=\"hidden\" name=\"action\" value=\"forminator_submit_form_custom-forms\"><label for=\"input_7\" class=\"forminator-hidden\" aria-hidden=\"true\">Veuillez ne pas remplir ce champ. <input id=\"input_7\" type=\"text\" name=\"input_7\" value=\"\" autocomplete=\"off\"><\/label><\/form><\/div>\n<h2><span uk-icon=\"icon:location; ratio:2\"><\/span>Nos coordonn\u00e9es<\/h2>\n<div>\n<p>63.7536,-68.5028<\/p>\n<h3>Inukpak Outfitting<\/h3>\n<\/div>\n<div>\n<p>N 63\u00b0 43&prime; 42.881\u00a0\u00bb<br \/>W 68\u00b0 26&prime; 32.686\u00a0\u00bb<\/p>\n<p>Inukpak Outfitting<br \/>3310 Niaqunngusiariaq rd.<br \/>Iqaluit, Nunavut<br \/>X0A 2H0, Canada <\/p>\n<p>T\u00e9l\u00e9phone: (867) 222-6489<\/p>\n<\/div>\n<p><!--more--><br \/>\n<!-- {\"name\":\"BKP Contact Us (EN)\",\"type\":\"layout\",\"children\":[{\"type\":\"section\",\"props\":{\"image_position\":\"center-center\",\"padding\":\"xsmall\",\"style\":\"muted\",\"title_breakpoint\":\"xl\",\"title_position\":\"top-left\",\"title_rotation\":\"left\",\"vertical_align\":\"middle\",\"width\":\"default\"},\"children\":[{\"type\":\"row\",\"children\":[{\"type\":\"column\",\"props\":{\"image_position\":\"center-center\",\"position_sticky_breakpoint\":\"m\"},\"children\":[{\"type\":\"headline\",\"props\":{\"content\":\"Nous joindre\",\"css\":\".el-element {\\n  text-transform: uppercase;\\n}\",\"text_align\":\"left\",\"title_color\":\"secondary\",\"title_decoration\":\"bullet\",\"title_element\":\"h1\",\"title_style\":\"h3\"}}]}]}],\"name\":\"TITLE BAR\"},{\"type\":\"section\",\"props\":{\"image_position\":\"center-center\",\"style\":\"default\",\"title_breakpoint\":\"xl\",\"title_position\":\"top-left\",\"title_rotation\":\"left\",\"vertical_align\":\"middle\",\"width\":\"default\",\"yooessentials_form\":{\"state\":false,\"after_submit_actions\":[],\"html5validation\":true,\"override_action_url\":false,\"action_method\":\"POST\"}},\"children\":[{\"type\":\"row\",\"props\":{\"layout\":\"1-2,1-2\"},\"children\":[{\"type\":\"column\",\"children\":[{\"type\":\"headline\",\"props\":{\"content\":\"<span uk-icon=\\\"icon:comment; ratio:2;\\\"><\\\/span> \\u00c9crivez-nous\",\"title_element\":\"h2\",\"title_style\":\"h1\"}},{\"type\":\"text\",\"props\":{\"column_breakpoint\":\"m\",\"content\":\"SVP, veuillez utiliser le formulaire ci-dessous pour communiquer avec nous. Nous nous ferons un devoir de vous r\\u00e9pondre le plus rapidement possible. *Pensez \\u00e0 verifier dans vos pourriels!*\",\"margin\":\"default\"}},{\"type\":\"html\",\"props\":{\"content\":\"[forminator_form id=\\\"2662\\\"]\"}}],\"props\":{\"image_position\":\"center-center\",\"position_sticky_breakpoint\":\"m\",\"width_medium\":\"1-2\"}},{\"type\":\"column\",\"children\":[{\"type\":\"headline\",\"props\":{\"content\":\"<span uk-icon=\\\"icon:location; ratio:2\\\"><\\\/span>Nos coordonn\\u00e9es\",\"title_element\":\"h2\",\"title_style\":\"h1\"}},{\"type\":\"map\",\"props\":{\"class\":\"contactmap\",\"controls\":true,\"dragging\":true,\"image_svg_color\":\"emphasis\",\"link_style\":\"default\",\"link_text\":\"Read more\",\"margin\":\"\",\"max_zoom\":18,\"meta_align\":\"below-title\",\"meta_element\":\"div\",\"meta_style\":\"text-meta\",\"min_zoom\":0,\"poi\":false,\"show_content\":true,\"show_image\":true,\"show_link\":true,\"show_meta\":true,\"show_title\":true,\"title_element\":\"h3\",\"title_hover_style\":\"reset\",\"type\":\"roadmap\",\"zoom\":\"2\",\"zooming\":true},\"children\":[{\"type\":\"map_item\",\"props\":{\"location\":\"63.7536,-68.5028\",\"title\":\"Inukpak Outfitting\"}}]},{\"type\":\"text\",\"props\":{\"column_breakpoint\":\"m\",\"content\":\"\n\n<p>N 63\\u00b0 43' 42.881''<br \\\/>W 68\\u00b0 26' 32.686''<\\\/p>\\n\n\n<p>Inukpak Outfitting<br \\\/>3310 Niaqunngusiariaq rd.<br \\\/>Iqaluit, Nunavut<br \\\/>X0A 2H0, Canada <br \\\/><br \\\/>T\\u00e9l\\u00e9phone: (867) 222-6489<\\\/p>\",\"margin\":\"default\"}}],\"props\":{\"image_position\":\"center-center\",\"position_sticky_breakpoint\":\"m\",\"width_medium\":\"1-2\"}}]}],\"formid\":\"e428037f\"}],\"version\":\"4.3.4\",\"yooessentialsVersion\":\"2.2.9\"} --><\/p>\n","protected":false},"excerpt":{"rendered":"<p>Nous joindre \u00c9crivez-nous SVP, veuillez utiliser le formulaire ci-dessous pour communiquer avec nous. Nous nous ferons un devoir de vous r\u00e9pondre le plus rapidement possible. *Pensez \u00e0 verifier dans vos pourriels!* Nos coordonn\u00e9es 63.7536,-68.5028 Inukpak Outfitting N 63\u00b0 43&prime; 42.881\u00a0\u00bbW 68\u00b0 26&prime; 32.686\u00a0\u00bb Inukpak Outfitting3310 Niaqunngusiariaq rd.Iqaluit, NunavutX0A 2H0, Canada T\u00e9l\u00e9phone: (867) 222-6489<\/p>\n","protected":false},"author":1,"featured_media":0,"parent":0,"menu_order":0,"comment_status":"closed","ping_status":"closed","template":"","meta":{"footnotes":""},"class_list":["post-2463","page","type-page","status-publish","hentry"],"_links":{"self":[{"href":"https:\/\/inukpakoutfitting.ca\/fr\/wp-json\/wp\/v2\/pages\/2463","targetHints":{"allow":["GET"]}}],"collection":[{"href":"https:\/\/inukpakoutfitting.ca\/fr\/wp-json\/wp\/v2\/pages"}],"about":[{"href":"https:\/\/inukpakoutfitting.ca\/fr\/wp-json\/wp\/v2\/types\/page"}],"author":[{"embeddable":true,"href":"https:\/\/inukpakoutfitting.ca\/fr\/wp-json\/wp\/v2\/users\/1"}],"replies":[{"embeddable":true,"href":"https:\/\/inukpakoutfitting.ca\/fr\/wp-json\/wp\/v2\/comments?post=2463"}],"version-history":[{"count":0,"href":"https:\/\/inukpakoutfitting.ca\/fr\/wp-json\/wp\/v2\/pages\/2463\/revisions"}],"wp:attachment":[{"href":"https:\/\/inukpakoutfitting.ca\/fr\/wp-json\/wp\/v2\/media?parent=2463"}],"curies":[{"name":"wp","href":"https:\/\/api.w.org\/{rel}","templated":true}]}}