{"id":2467,"date":"2022-01-07T17:27:46","date_gmt":"2022-01-07T17:27:46","guid":{"rendered":"https:\/\/wip.digitalsteam.ca\/inukpak\/mentions\/"},"modified":"2022-06-04T22:20:58","modified_gmt":"2022-06-04T22:20:58","slug":"mentions-fr","status":"publish","type":"page","link":"https:\/\/inukpakoutfitting.ca\/fr\/a-propos\/mentions-fr\/","title":{"rendered":"Mentions"},"content":{"rendered":"<h1>Mentions honorables<\/h1>\n<div>Fier d&rsquo;\u00eatre l&rsquo;activit\u00e9 #1 \u00e0 Iqaluit et #1 au Nunavut<\/div>\n<div>\n<p>Voir ce que les autres ont \u00e0 <a title=\"Trip Advisor\" href=\"https:\/\/fr.tripadvisor.ca\/Attraction_Review-g183793-d6154911-Reviews-Inukpak_Outfitting-Iqaluit_Nunavut.html\" target=\"_blank\" rel=\"noopener noreferrer\">dire sur nous<\/a>!<\/p>\n<\/div>\n<p><img decoding=\"async\" data-src=\"\/inukpak\/wp-content\/uploads\/2022\/05\/CSE_MemberBadge_white.png\" alt=\"Canadian Signature Experiences\" src=\"data:image\/svg+xml;base64,PHN2ZyB3aWR0aD0iMSIgaGVpZ2h0PSIxIiB4bWxucz0iaHR0cDovL3d3dy53My5vcmcvMjAwMC9zdmciPjwvc3ZnPg==\" class=\"lazyload\"><\/p>\n<h3>Exp\u00e9riences Canadiennes Distinctives<\/h3>\n<div>\n<p>Inukpak Outfitting Inc. est fi\u00e8re d&rsquo;\u00eatre membre de la collection Exp\u00e9riences Canadiennes Distinctives de Destination Canada. Les Exp\u00e9riences Canadiennes Distinctives sont une collection organis\u00e9e d&rsquo;exp\u00e9riences de voyage extraordinaires et authentiquement canadiennes. Aussi diverses que le pays lui-m\u00eame, ces exp\u00e9riences uniques sont offertes d&rsquo;un oc\u00e9an \u00e0 l&rsquo;autre et offrent une introduction aux meilleurs endroits que le Canada et les Canadiens ont \u00e0 offrir.<\/p>\n<\/div>\n<p>\n    <a href=\"\/fr\/decouvrir\/decouverte-arctique-hiver\">Visitez notre forfait d\u00e9couverte d&rsquo;hiver<\/a>\n<\/p>\n<hr>\n<p><img decoding=\"async\" data-src=\"\/inukpak\/wp-content\/uploads\/2022\/05\/find-us-on-tripadvisor.png\" alt=\"Trip advisor Certificate of excellence\" src=\"data:image\/svg+xml;base64,PHN2ZyB3aWR0aD0iMSIgaGVpZ2h0PSIxIiB4bWxucz0iaHR0cDovL3d3dy53My5vcmcvMjAwMC9zdmciPjwvc3ZnPg==\" class=\"lazyload\"><\/p>\n<h3>2017 Trip advisor Certificate of excellence<\/h3>\n<p>\n    <a href=\"https:\/\/fr.tripadvisor.ca\/Attraction_Review-g183793-d6154911-Reviews-Inukpak_Outfitting-Iqaluit_Nunavut.html\">Voir ce que les autres ont \u00e0 dire sur nous!<\/a>\n<\/p>\n<hr>\n<p><img decoding=\"async\" data-src=\"\/inukpak\/wp-content\/uploads\/2022\/06\/logo-gala-2017.jpeg\" alt=\"Gala des Entrepreneurs du Nunavut 2017\" src=\"data:image\/svg+xml;base64,PHN2ZyB3aWR0aD0iMSIgaGVpZ2h0PSIxIiB4bWxucz0iaHR0cDovL3d3dy53My5vcmcvMjAwMC9zdmciPjwvc3ZnPg==\" class=\"lazyload\"><\/p>\n<h3>Gala des Entrepreneurs du Nunavut 2017<\/h3>\n<div>Laur\u00e9at cat\u00e9gorie: Entreprise de services<\/div>\n<p>\n    <a href=\"\/images\/partners\/communique_24mars_fr.pdf\">Voir le communiqu\u00e9 de presse <\/a>\n<\/p>\n<p>\n    <a href=\"http:\/\/carrefournunavut.ca\/fr\/accueil\/42-nouvelles\/nouvelles\/faits-saillants\/616-gala-de-entrepreneuriat-2017-les-gagnants\">Visitez leur site<\/a>\n<\/p>\n<hr>\n<p><a href=\"http:\/\/www.carrefournunavut.ca\/fr\/component\/content\/article\/11-nouvelles\/nouvelles\/596-felicitations-au-gagnants-des-lauriers-de-la-pme-2016\"><img decoding=\"async\" data-src=\"\/inukpak\/wp-content\/uploads\/2022\/05\/logo-laurier-pme-2016.png\" alt=\"Lauriers de la PME\" src=\"data:image\/svg+xml;base64,PHN2ZyB3aWR0aD0iMSIgaGVpZ2h0PSIxIiB4bWxucz0iaHR0cDovL3d3dy53My5vcmcvMjAwMC9zdmciPjwvc3ZnPg==\" class=\"lazyload\"><\/a><\/p>\n<h3>Lauriers de la PME<\/h3>\n<div>Nomin\u00e9 cat\u00e9gorie: Entreprises dirig\u00e9e par un jeune entrepreneur<\/div>\n<div>Le concours des Lauriers de la PME s\u2019adresse aux petites et moyennes entreprises (PME) francophones \u00e0 l\u2019ext\u00e9rieur du Qu\u00e9bec. Les entreprises \u00e0 propri\u00e9taire unique, les soci\u00e9t\u00e9s en nom collectif, les soci\u00e9t\u00e9s par actions et les coop\u00e9ratives \u00e0 but lucratif sont admissibles.\n<\/div>\n<p>\n    <a href=\"http:\/\/www.carrefournunavut.ca\/fr\/component\/content\/article\/11-nouvelles\/nouvelles\/596-felicitations-au-gagnants-des-lauriers-de-la-pme-2016\">Visitez leur site<\/a>\n<\/p>\n<hr>\n<p><a href=\"http:\/\/www.carrefournunavut.ca\/fr\/component\/content\/article\/11-nouvelles\/nouvelles\/504-les-entrepreneurs-francophones-du-nunavut-reconnus \"><img decoding=\"async\" data-src=\"\/inukpak\/wp-content\/uploads\/2022\/06\/logo-gala-entrepreneur-nunavut-2014.png\" alt=\"Gala des Entrepreneurs du Nunavut 2017\" src=\"data:image\/svg+xml;base64,PHN2ZyB3aWR0aD0iMSIgaGVpZ2h0PSIxIiB4bWxucz0iaHR0cDovL3d3dy53My5vcmcvMjAwMC9zdmciPjwvc3ZnPg==\" class=\"lazyload\"><\/a><\/p>\n<h3>Gala des Entrepreneurs du Nunavut 2014 <\/h3>\n<div>Laur\u00e9at: Prix \u00ab\u00a0Coup de coeur\u00a0\u00bb du jury<\/div>\n<div>Le concours des Lauriers de la PME s\u2019adresse aux petites et moyennes entreprises (PME) francophones \u00e0 l\u2019ext\u00e9rieur du Qu\u00e9bec. Les entreprises \u00e0 propri\u00e9taire unique, les soci\u00e9t\u00e9s en nom collectif, les soci\u00e9t\u00e9s par actions et les coop\u00e9ratives \u00e0 but lucratif sont admissibles.\n<\/div>\n<p>\n    <a href=\"http:\/\/www.carrefournunavut.ca\/fr\/component\/content\/article\/11-nouvelles\/nouvelles\/504-les-entrepreneurs-francophones-du-nunavut-reconnus \">Visitez leur site<\/a>\n<\/p>\n<p><!--more--><br \/>\n<!-- {\"name\":\"BKP Mentions FR\",\"type\":\"layout\",\"children\":[{\"type\":\"section\",\"props\":{\"style\":\"muted\",\"width\":\"default\",\"vertical_align\":\"middle\",\"title_position\":\"top-left\",\"title_rotation\":\"left\",\"title_breakpoint\":\"xl\",\"image_position\":\"center-center\",\"padding\":\"xsmall\"},\"children\":[{\"type\":\"row\",\"children\":[{\"type\":\"column\",\"props\":{\"position_sticky_breakpoint\":\"m\",\"image_position\":\"center-center\",\"media_overlay_gradient\":\"\"},\"children\":[{\"type\":\"headline\",\"props\":{\"title_element\":\"h1\",\"content\":\"Mentions honorables\",\"title_style\":\"h3\",\"text_align\":\"left\",\"title_decoration\":\"bullet\",\"title_color\":\"secondary\",\"css\":\".el-element {\\n  text-transform: uppercase;\\n}\"}}]}]}],\"name\":\"TITLE BAR\"},{\"name\":\"\",\"type\":\"section\",\"props\":{\"style\":\"default\",\"width\":\"default\",\"image_size\":\"cover\",\"image_position\":\"center-center\",\"vertical_align\":\"middle\",\"title_position\":\"top-left\",\"title_rotation\":\"left\",\"title_breakpoint\":\"xl\"},\"children\":[{\"name\":\"\",\"type\":\"row\",\"children\":[{\"name\":\"\",\"type\":\"column\",\"props\":{\"image_position\":\"center-center\",\"width_medium\":\"1-1\",\"position_sticky_breakpoint\":\"m\",\"media_overlay_gradient\":\"\"},\"children\":[{\"name\":\"\",\"type\":\"text\",\"props\":{\"column_breakpoint\":\"m\",\"margin\":\"default\",\"content\":\"Fier d'\\u00eatre l'activit\\u00e9 #1 \\u00e0 Iqaluit et #1 au Nunavut\",\"margin_remove_bottom\":true,\"margin_remove_top\":true,\"text_size\":\"large\"}},{\"name\":\"\",\"type\":\"text\",\"props\":{\"column_breakpoint\":\"m\",\"margin\":\"default\",\"content\":\"\n\n<p>Voir ce que les autres ont \\u00e0 <a title=\\\"Trip Advisor\\\" href=\\\"https:\\\/\\\/fr.tripadvisor.ca\\\/Attraction_Review-g183793-d6154911-Reviews-Inukpak_Outfitting-Iqaluit_Nunavut.html\\\" target=\\\"_blank\\\" rel=\\\"noopener noreferrer\\\">dire sur nous<\\\/a>!<\\\/p>\",\"margin_remove_top\":true}}]}]}]},{\"name\":\"Canadian Signature Experiences\",\"type\":\"section\",\"props\":{\"style\":\"default\",\"width\":\"default\",\"image_size\":\"cover\",\"image_position\":\"center-center\",\"vertical_align\":\"middle\",\"title_position\":\"top-left\",\"title_rotation\":\"left\",\"title_breakpoint\":\"xl\"},\"children\":[{\"name\":\"\",\"type\":\"row\",\"props\":{\"layout\":\"1-3,2-3\"},\"children\":[{\"name\":\"\",\"type\":\"column\",\"props\":{\"image_position\":\"center-center\",\"width_medium\":\"1-3\",\"position_sticky_breakpoint\":\"m\",\"media_overlay_gradient\":\"\"},\"children\":[{\"name\":\"\",\"type\":\"image\",\"props\":{\"margin\":\"remove-vertical\",\"image\":\"wp-content\\\/uploads\\\/2022\\\/05\\\/CSE_MemberBadge_white.png\",\"text_align\":\"left\",\"image_alt\":\"Canadian Signature Experiences\",\"link\":\"\",\"link_target\":\"blank\",\"image_width\":\"300px\",\"image_svg_color\":\"emphasis\"}}]},{\"name\":\"\",\"type\":\"column\",\"props\":{\"image_position\":\"center-center\",\"width_medium\":\"2-3\",\"position_sticky_breakpoint\":\"m\",\"media_overlay_gradient\":\"\"},\"children\":[{\"name\":\"\",\"type\":\"headline\",\"props\":{\"title_element\":\"h3\",\"content\":\"Exp\\u00e9riences Canadiennes Distinctives\",\"title_style\":\"h3\",\"margin_remove_bottom\":true}},{\"name\":\"\",\"type\":\"text\",\"props\":{\"column_breakpoint\":\"m\",\"margin\":\"default\",\"content\":\"\n\n<p>Inukpak Outfitting Inc. est fi\\u00e8re d'\\u00eatre membre de la collection Exp\\u00e9riences Canadiennes Distinctives de Destination Canada. Les Exp\\u00e9riences Canadiennes Distinctives sont une collection organis\\u00e9e d'exp\\u00e9riences de voyage extraordinaires et authentiquement canadiennes. Aussi diverses que le pays lui-m\\u00eame, ces exp\\u00e9riences uniques sont offertes d'un oc\\u00e9an \\u00e0 l'autre et offrent une introduction aux meilleurs endroits que le Canada et les Canadiens ont \\u00e0 offrir.<\\\/p>\",\"margin_remove_top\":true,\"margin_remove_bottom\":false}},{\"name\":\"\",\"type\":\"button\",\"props\":{\"margin\":\"default\",\"grid_column_gap\":\"small\",\"grid_row_gap\":\"small\"},\"children\":[{\"name\":\"\",\"type\":\"button_item\",\"props\":{\"button_style\":\"primary\",\"icon_align\":\"left\",\"content\":\"Visitez notre forfait d\\u00e9couverte d'hiver\",\"link\":\"\\\/fr\\\/decouvrir\\\/decouverte-arctique-hiver\",\"link_title\":\"Exp\\u00e9riences Canadiennes Distinctives\",\"icon\":\"sign-in\"}}]}]}]},{\"name\":\"\",\"type\":\"row\",\"children\":[{\"name\":\"\",\"type\":\"column\",\"props\":{\"image_position\":\"center-center\",\"width_medium\":\"1-1\",\"position_sticky_breakpoint\":\"m\",\"media_overlay_gradient\":\"\"},\"children\":[{\"name\":\"\",\"type\":\"divider\",\"props\":{\"divider_element\":\"hr\",\"divider_style\":\"icon\"}}]}]}]},{\"name\":\"Trip advisor Certificate of excellence\",\"type\":\"section\",\"props\":{\"style\":\"default\",\"width\":\"default\",\"image_size\":\"cover\",\"image_position\":\"center-center\",\"vertical_align\":\"middle\",\"title_position\":\"top-left\",\"title_rotation\":\"left\",\"title_breakpoint\":\"xl\"},\"children\":[{\"name\":\"\",\"type\":\"row\",\"props\":{\"layout\":\"1-3,2-3\"},\"children\":[{\"name\":\"\",\"type\":\"column\",\"props\":{\"image_position\":\"center-center\",\"width_medium\":\"1-3\",\"position_sticky_breakpoint\":\"m\",\"media_overlay_gradient\":\"\"},\"children\":[{\"name\":\"\",\"type\":\"image\",\"props\":{\"margin\":\"remove-vertical\",\"image\":\"wp-content\\\/uploads\\\/2022\\\/05\\\/find-us-on-tripadvisor.png\",\"text_align\":\"left\",\"image_alt\":\"Trip advisor Certificate of excellence\",\"link\":\"\",\"link_target\":\"blank\",\"image_width\":\"300px\",\"image_svg_color\":\"emphasis\"}}]},{\"name\":\"\",\"type\":\"column\",\"props\":{\"image_position\":\"center-center\",\"width_medium\":\"2-3\",\"position_sticky_breakpoint\":\"m\",\"media_overlay_gradient\":\"\"},\"children\":[{\"name\":\"\",\"type\":\"headline\",\"props\":{\"title_element\":\"h3\",\"content\":\"2017 Trip advisor Certificate of excellence\",\"title_style\":\"h3\",\"margin_remove_bottom\":true}},{\"name\":\"\",\"type\":\"text\",\"props\":{\"column_breakpoint\":\"m\",\"margin\":\"default\",\"content\":\"\",\"margin_remove_top\":true,\"margin_remove_bottom\":false}},{\"name\":\"\",\"type\":\"button\",\"props\":{\"margin\":\"default\",\"grid_column_gap\":\"small\",\"grid_row_gap\":\"small\"},\"children\":[{\"name\":\"\",\"type\":\"button_item\",\"props\":{\"button_style\":\"primary\",\"icon_align\":\"left\",\"content\":\"Voir ce que les autres ont \\u00e0 dire sur nous!\",\"link\":\"https:\\\/\\\/fr.tripadvisor.ca\\\/Attraction_Review-g183793-d6154911-Reviews-Inukpak_Outfitting-Iqaluit_Nunavut.html\",\"link_target\":\"blank\",\"link_title\":\"Trip advisor Certificate of excellence\",\"icon\":\"world\"}}]}]}]},{\"name\":\"\",\"type\":\"row\",\"children\":[{\"name\":\"\",\"type\":\"column\",\"props\":{\"image_position\":\"center-center\",\"width_medium\":\"1-1\",\"position_sticky_breakpoint\":\"m\",\"media_overlay_gradient\":\"\"},\"children\":[{\"name\":\"\",\"type\":\"divider\",\"props\":{\"divider_element\":\"hr\",\"divider_style\":\"icon\"}}]}]}]},{\"name\":\"Gala des Entrepreneurs du Nunavut 2017\",\"type\":\"section\",\"props\":{\"style\":\"default\",\"width\":\"default\",\"image_size\":\"cover\",\"image_position\":\"center-center\",\"vertical_align\":\"middle\",\"title_position\":\"top-left\",\"title_rotation\":\"left\",\"title_breakpoint\":\"xl\"},\"children\":[{\"name\":\"\",\"type\":\"row\",\"props\":{\"layout\":\"1-3,2-3\"},\"children\":[{\"name\":\"\",\"type\":\"column\",\"props\":{\"image_position\":\"center-center\",\"width_medium\":\"1-3\",\"position_sticky_breakpoint\":\"m\",\"media_overlay_gradient\":\"\"},\"children\":[{\"name\":\"\",\"type\":\"image\",\"props\":{\"margin\":\"remove-vertical\",\"image\":\"wp-content\\\/uploads\\\/2022\\\/06\\\/logo-gala-2017.jpeg\",\"text_align\":\"left\",\"image_alt\":\"Gala des Entrepreneurs du Nunavut 2017\",\"link\":\"\",\"link_target\":false,\"image_svg_color\":\"emphasis\"}}]},{\"name\":\"\",\"type\":\"column\",\"props\":{\"image_position\":\"center-center\",\"width_medium\":\"2-3\",\"position_sticky_breakpoint\":\"m\",\"media_overlay_gradient\":\"\"},\"children\":[{\"name\":\"\",\"type\":\"headline\",\"props\":{\"title_element\":\"h3\",\"content\":\"Gala des Entrepreneurs du Nunavut 2017\",\"title_style\":\"h3\",\"margin_remove_bottom\":true}},{\"name\":\"\",\"type\":\"text\",\"props\":{\"column_breakpoint\":\"m\",\"margin\":\"default\",\"content\":\"Laur\\u00e9at cat\\u00e9gorie: Entreprise de services\",\"margin_remove_top\":true}},{\"name\":\"\",\"type\":\"button\",\"props\":{\"margin\":\"default\",\"grid_column_gap\":\"small\",\"grid_row_gap\":\"small\"},\"children\":[{\"name\":\"\",\"type\":\"button_item\",\"props\":{\"button_style\":\"\",\"icon_align\":\"left\",\"content\":\"Voir le communiqu\\u00e9 de presse \",\"link\":\"\\\/images\\\/partners\\\/communique_24mars_fr.pdf\",\"link_target\":\"blank\",\"icon\":\"copy\",\"link_title\":\"Voir le communiqu\\u00e9 de presse\"}}]},{\"name\":\"\",\"type\":\"button\",\"props\":{\"margin\":\"default\",\"grid_column_gap\":\"small\",\"grid_row_gap\":\"small\"},\"children\":[{\"name\":\"\",\"type\":\"button_item\",\"props\":{\"button_style\":\"primary\",\"icon_align\":\"left\",\"content\":\"Visitez leur site\",\"link\":\"http:\\\/\\\/carrefournunavut.ca\\\/fr\\\/accueil\\\/42-nouvelles\\\/nouvelles\\\/faits-saillants\\\/616-gala-de-entrepreneuriat-2017-les-gagnants\",\"link_target\":\"blank\",\"link_title\":\"Gala entrepreneurs 2017\",\"icon\":\"world\"}}]}]}]},{\"name\":\"\",\"type\":\"row\",\"children\":[{\"name\":\"\",\"type\":\"column\",\"props\":{\"image_position\":\"center-center\",\"width_medium\":\"1-1\",\"position_sticky_breakpoint\":\"m\",\"media_overlay_gradient\":\"\"},\"children\":[{\"name\":\"\",\"type\":\"divider\",\"props\":{\"divider_element\":\"hr\",\"divider_style\":\"icon\"}}]}]}]},{\"name\":\"Lauriers de la PME\",\"type\":\"section\",\"props\":{\"style\":\"default\",\"width\":\"default\",\"image_size\":\"cover\",\"image_position\":\"center-center\",\"vertical_align\":\"middle\",\"title_position\":\"top-left\",\"title_rotation\":\"left\",\"title_breakpoint\":\"xl\"},\"children\":[{\"name\":\"\",\"type\":\"row\",\"props\":{\"layout\":\"1-3,2-3\"},\"children\":[{\"name\":\"\",\"type\":\"column\",\"props\":{\"image_position\":\"center-center\",\"width_medium\":\"1-3\",\"position_sticky_breakpoint\":\"m\",\"media_overlay_gradient\":\"\"},\"children\":[{\"name\":\"\",\"type\":\"image\",\"props\":{\"margin\":\"remove-vertical\",\"image\":\"wp-content\\\/uploads\\\/2022\\\/05\\\/logo-laurier-pme-2016.png\",\"text_align\":\"left\",\"image_alt\":\"Lauriers de la PME\",\"link\":\"http:\\\/\\\/www.carrefournunavut.ca\\\/fr\\\/component\\\/content\\\/article\\\/11-nouvelles\\\/nouvelles\\\/596-felicitations-au-gagnants-des-lauriers-de-la-pme-2016\",\"link_target\":\"blank\",\"image_svg_color\":\"emphasis\"}}]},{\"name\":\"\",\"type\":\"column\",\"props\":{\"image_position\":\"center-center\",\"width_medium\":\"2-3\",\"position_sticky_breakpoint\":\"m\",\"media_overlay_gradient\":\"\"},\"children\":[{\"name\":\"\",\"type\":\"headline\",\"props\":{\"title_element\":\"h3\",\"content\":\"Lauriers de la PME\",\"title_style\":\"h3\",\"margin_remove_bottom\":true}},{\"name\":\"\",\"type\":\"text\",\"props\":{\"column_breakpoint\":\"m\",\"margin\":\"default\",\"margin_remove_top\":true,\"content\":\"Nomin\\u00e9 cat\\u00e9gorie: Entreprises dirig\\u00e9e par un jeune entrepreneur\"}},{\"name\":\"\",\"type\":\"text\",\"props\":{\"column_breakpoint\":\"m\",\"margin\":\"default\",\"content\":\"Le concours des Lauriers de la PME s\\u2019adresse aux petites et moyennes entreprises (PME) francophones \\u00e0 l\\u2019ext\\u00e9rieur du Qu\\u00e9bec. Les entreprises \\u00e0 propri\\u00e9taire unique, les soci\\u00e9t\\u00e9s en nom collectif, les soci\\u00e9t\\u00e9s par actions et les coop\\u00e9ratives \\u00e0 but lucratif sont admissibles.\\n\"}},{\"name\":\"\",\"type\":\"button\",\"props\":{\"margin\":\"default\",\"grid_column_gap\":\"small\",\"grid_row_gap\":\"small\"},\"children\":[{\"name\":\"\",\"type\":\"button_item\",\"props\":{\"button_style\":\"primary\",\"icon_align\":\"left\",\"content\":\"Visitez leur site\",\"link\":\"http:\\\/\\\/www.carrefournunavut.ca\\\/fr\\\/component\\\/content\\\/article\\\/11-nouvelles\\\/nouvelles\\\/596-felicitations-au-gagnants-des-lauriers-de-la-pme-2016\",\"link_target\":\"blank\",\"link_title\":\"Laurier 2017\",\"icon\":\"world\"}}]}]}]},{\"name\":\"\",\"type\":\"row\",\"children\":[{\"name\":\"\",\"type\":\"column\",\"props\":{\"image_position\":\"center-center\",\"width_medium\":\"1-1\",\"position_sticky_breakpoint\":\"m\",\"media_overlay_gradient\":\"\"},\"children\":[{\"name\":\"\",\"type\":\"divider\",\"props\":{\"divider_element\":\"hr\",\"divider_style\":\"icon\"}}]}]}]},{\"name\":\"Gala des Entrepreneurs du Nunavut 2014 \",\"type\":\"section\",\"props\":{\"style\":\"default\",\"width\":\"default\",\"image_size\":\"cover\",\"image_position\":\"center-center\",\"vertical_align\":\"middle\",\"title_position\":\"top-left\",\"title_rotation\":\"left\",\"title_breakpoint\":\"xl\"},\"children\":[{\"name\":\"\",\"type\":\"row\",\"props\":{\"layout\":\"1-3,2-3\"},\"children\":[{\"name\":\"\",\"type\":\"column\",\"props\":{\"image_position\":\"center-center\",\"width_medium\":\"1-3\",\"position_sticky_breakpoint\":\"m\",\"media_overlay_gradient\":\"\"},\"children\":[{\"name\":\"\",\"type\":\"image\",\"props\":{\"margin\":\"remove-vertical\",\"image\":\"wp-content\\\/uploads\\\/2022\\\/06\\\/logo-gala-entrepreneur-nunavut-2014.png\",\"text_align\":\"left\",\"image_alt\":\"Gala des Entrepreneurs du Nunavut 2017\",\"link\":\"http:\\\/\\\/www.carrefournunavut.ca\\\/fr\\\/component\\\/content\\\/article\\\/11-nouvelles\\\/nouvelles\\\/504-les-entrepreneurs-francophones-du-nunavut-reconnus \",\"link_target\":\"blank\",\"image_svg_color\":\"emphasis\"}}]},{\"name\":\"\",\"type\":\"column\",\"props\":{\"image_position\":\"center-center\",\"width_medium\":\"2-3\",\"position_sticky_breakpoint\":\"m\",\"media_overlay_gradient\":\"\"},\"children\":[{\"name\":\"\",\"type\":\"headline\",\"props\":{\"title_element\":\"h3\",\"content\":\"Gala des Entrepreneurs du Nunavut 2014 \",\"title_style\":\"h3\",\"margin_remove_bottom\":true}},{\"name\":\"\",\"type\":\"text\",\"props\":{\"column_breakpoint\":\"m\",\"margin\":\"default\",\"content\":\"Laur\\u00e9at: Prix \\\"Coup de coeur\\\" du jury\",\"margin_remove_top\":true}},{\"name\":\"\",\"type\":\"text\",\"props\":{\"column_breakpoint\":\"m\",\"margin\":\"default\",\"content\":\"Le concours des Lauriers de la PME s\\u2019adresse aux petites et moyennes entreprises (PME) francophones \\u00e0 l\\u2019ext\\u00e9rieur du Qu\\u00e9bec. Les entreprises \\u00e0 propri\\u00e9taire unique, les soci\\u00e9t\\u00e9s en nom collectif, les soci\\u00e9t\\u00e9s par actions et les coop\\u00e9ratives \\u00e0 but lucratif sont admissibles.\\n\"}},{\"name\":\"\",\"type\":\"button\",\"props\":{\"margin\":\"default\",\"grid_column_gap\":\"small\",\"grid_row_gap\":\"small\"},\"children\":[{\"name\":\"\",\"type\":\"button_item\",\"props\":{\"button_style\":\"primary\",\"icon_align\":\"left\",\"content\":\"Visitez leur site\",\"link\":\"http:\\\/\\\/www.carrefournunavut.ca\\\/fr\\\/component\\\/content\\\/article\\\/11-nouvelles\\\/nouvelles\\\/504-les-entrepreneurs-francophones-du-nunavut-reconnus \",\"link_target\":\"blank\",\"link_title\":\"GALA des entrepreneurs 2014\",\"icon\":\"world\"}}]}]}]}]}],\"version\":\"2.7.22\",\"yooessentialsVersion\":\"1.6.10\"} --><\/p>\n","protected":false},"excerpt":{"rendered":"<p>Mentions honorables Fier d&rsquo;\u00eatre l&rsquo;activit\u00e9 #1 \u00e0 Iqaluit et #1 au Nunavut Voir ce que les autres ont \u00e0 dire sur nous! Exp\u00e9riences Canadiennes Distinctives Inukpak Outfitting Inc. est fi\u00e8re d&rsquo;\u00eatre membre de la collection Exp\u00e9riences Canadiennes Distinctives de Destination Canada. Les Exp\u00e9riences Canadiennes Distinctives sont une collection organis\u00e9e d&rsquo;exp\u00e9riences de voyage extraordinaires et authentiquement [&hellip;]<\/p>\n","protected":false},"author":1,"featured_media":0,"parent":2471,"menu_order":0,"comment_status":"closed","ping_status":"closed","template":"","meta":{"footnotes":""},"class_list":["post-2467","page","type-page","status-publish","hentry"],"_links":{"self":[{"href":"https:\/\/inukpakoutfitting.ca\/fr\/wp-json\/wp\/v2\/pages\/2467","targetHints":{"allow":["GET"]}}],"collection":[{"href":"https:\/\/inukpakoutfitting.ca\/fr\/wp-json\/wp\/v2\/pages"}],"about":[{"href":"https:\/\/inukpakoutfitting.ca\/fr\/wp-json\/wp\/v2\/types\/page"}],"author":[{"embeddable":true,"href":"https:\/\/inukpakoutfitting.ca\/fr\/wp-json\/wp\/v2\/users\/1"}],"replies":[{"embeddable":true,"href":"https:\/\/inukpakoutfitting.ca\/fr\/wp-json\/wp\/v2\/comments?post=2467"}],"version-history":[{"count":0,"href":"https:\/\/inukpakoutfitting.ca\/fr\/wp-json\/wp\/v2\/pages\/2467\/revisions"}],"up":[{"embeddable":true,"href":"https:\/\/inukpakoutfitting.ca\/fr\/wp-json\/wp\/v2\/pages\/2471"}],"wp:attachment":[{"href":"https:\/\/inukpakoutfitting.ca\/fr\/wp-json\/wp\/v2\/media?parent=2467"}],"curies":[{"name":"wp","href":"https:\/\/api.w.org\/{rel}","templated":true}]}}