{"id":2468,"date":"2022-01-07T17:27:11","date_gmt":"2022-01-07T17:27:11","guid":{"rendered":"https:\/\/wip.digitalsteam.ca\/inukpak\/our-partners\/"},"modified":"2022-06-08T16:43:55","modified_gmt":"2022-06-08T16:43:55","slug":"partenaires","status":"publish","type":"page","link":"https:\/\/inukpakoutfitting.ca\/fr\/a-propos\/partenaires\/","title":{"rendered":"Nos Partenaires"},"content":{"rendered":"<h1>Inukpak Outfitting partners<\/h1>\n<ul>\n<li>\n<p>        <img decoding=\"async\" data-src=\"\/inukpak\/wp-content\/uploads\/2022\/05\/destination_canada_en.jpeg\" alt=\"Destination Canada\" src=\"data:image\/svg+xml;base64,PHN2ZyB3aWR0aD0iMSIgaGVpZ2h0PSIxIiB4bWxucz0iaHR0cDovL3d3dy53My5vcmcvMjAwMC9zdmciPjwvc3ZnPg==\" class=\"lazyload\"><\/p>\n<h3>Destination Canada <\/h3>\n<div>\n<p>Destination Canada markets Canada internationally as a premier four-season tourism destination. In collaboration with partners in the Canadian tourism industry, Destination Canada creates marketing campaigns designed to showcase the best our country has to offer.<\/p>\n<p>Destination Canada also provides research and industry data to our partners\u2014equipping them to optimize their businesses. For more information, please visit: www.destinationcanada.com, follow @DestinationCAN and @ExploreCanada on Twitter.<\/p>\n<\/div>\n<p><a href=\"https:\/\/www.destinationcanada.com\">Visit their website<\/a><\/p>\n<\/li>\n<li>\n<p>        <img decoding=\"async\" data-src=\"\/inukpak\/wp-content\/uploads\/2022\/05\/Destination_Nunavut_Logo.jpeg\" alt=\"\" src=\"data:image\/svg+xml;base64,PHN2ZyB3aWR0aD0iMSIgaGVpZ2h0PSIxIiB4bWxucz0iaHR0cDovL3d3dy53My5vcmcvMjAwMC9zdmciPjwvc3ZnPg==\" class=\"lazyload\"><\/p>\n<h3>Destination Nunavut<\/h3>\n<div>\n<p><span>Destination Nunavut is a Destination Marketing Organization (DMO) and takes a leading role in promoting Nunavut through marketing and communications, selling Nunavut as an attractive travel destination. Destination Nunavut works in partnership with and supports Nunavut operators and outfitters to ensure that tourism thrives and that communities benefit form tourism.<\/span><\/p>\n<\/div>\n<p><a href=\"https:\/\/www.destinationnunavut.ca\/\">Visit their website<\/a><\/p>\n<\/li>\n<li>\n<p>        <img decoding=\"async\" data-src=\"\/inukpak\/wp-content\/uploads\/2022\/05\/TravelNunavut.jpeg\" alt=\"TRAVEL NUNAVUT\" src=\"data:image\/svg+xml;base64,PHN2ZyB3aWR0aD0iMSIgaGVpZ2h0PSIxIiB4bWxucz0iaHR0cDovL3d3dy53My5vcmcvMjAwMC9zdmciPjwvc3ZnPg==\" class=\"lazyload\"><\/p>\n<h3>TRAVEL NUNAVUT<\/h3>\n<div>Travel Nunavut Industry Association is a not-for-profit membership association that encourages tourism development by providing specialized knowledge and expertise in four key areas: marketing, research and communication, market readiness, and advocacy. We exist to support and promote our members\u2019 products and services to the world.<\/div>\n<p><a href=\"https:\/\/travelnunavut.ca\/\">Visit their website<\/a><\/p>\n<\/li>\n<li>\n<p>        <img decoding=\"async\" data-src=\"\/inukpak\/wp-content\/uploads\/2022\/05\/corridor_touristique_fr.jpeg\" alt=\"Corridor patrimoine, culture et tourisme francophone\" src=\"data:image\/svg+xml;base64,PHN2ZyB3aWR0aD0iMSIgaGVpZ2h0PSIxIiB4bWxucz0iaHR0cDovL3d3dy53My5vcmcvMjAwMC9zdmciPjwvc3ZnPg==\" class=\"lazyload\"><\/p>\n<h3>Corridor patrimoine, culture et tourisme francophone<\/h3>\n<p> French services at anytime<\/p>\n<div>The Corridor is a select range of Francophone heritage, cultural and tourism products in Canada that offer visitor services in French. <\/div>\n<p><a href=\"http:\/\/corridorcanada.ca\/?lang=en\">Visit their website<\/a><\/p>\n<\/li>\n<li>\n<p>        <img decoding=\"async\" data-src=\"\/inukpak\/wp-content\/uploads\/2022\/05\/Logo-CanadianNorth.png\" alt=\"First Air\" src=\"data:image\/svg+xml;base64,PHN2ZyB3aWR0aD0iMSIgaGVpZ2h0PSIxIiB4bWxucz0iaHR0cDovL3d3dy53My5vcmcvMjAwMC9zdmciPjwvc3ZnPg==\" class=\"lazyload\"><\/p>\n<h3>Canadian North<\/h3>\n<p>Fly the Arctic<\/p>\n<div>The Canadian North name is recognized in the aviation business with innovation and operational expertise for remote regions and unusual or especially taxing environments. Our service-based approach and extensive northern experience are two of the main reasons why Canadian North planes and crews are a natural choice when it comes to choosing an airline in Canada\u2019s Arctic.<\/div>\n<p><a href=\"https:\/\/canadiannorth.com\/\">Visit their website<\/a><\/p>\n<\/li>\n<li>\n<p>        <img decoding=\"async\" data-src=\"\/inukpak\/wp-content\/uploads\/2022\/05\/frobisher_web.jpeg\" alt=\"\" src=\"data:image\/svg+xml;base64,PHN2ZyB3aWR0aD0iMSIgaGVpZ2h0PSIxIiB4bWxucz0iaHR0cDovL3d3dy53My5vcmcvMjAwMC9zdmciPjwvc3ZnPg==\" class=\"lazyload\"><\/p>\n<h3>Frobisher Inn<\/h3>\n<div>\n<p><span>Count on the warmth of the Frobisher Inn when your day&rsquo;s adventures are complete. In our Northern Iqaluit hotel, gourmet dining meets rustic luxury, meets clean lines, and meets boundless hospitality.<\/span><br \/><span>Welcome to our Northern paradise, where adventures meet.<\/span><\/p>\n<\/div>\n<p><a href=\"https:\/\/www.frobisherinn.com\/\">Visit their website<\/a><\/p>\n<\/li>\n<li>\n<p>        <img decoding=\"async\" data-src=\"\/inukpak\/wp-content\/uploads\/2022\/05\/adventure_travel_trade_association_en.jpeg\" alt=\"ATTA\" src=\"data:image\/svg+xml;base64,PHN2ZyB3aWR0aD0iMSIgaGVpZ2h0PSIxIiB4bWxucz0iaHR0cDovL3d3dy53My5vcmcvMjAwMC9zdmciPjwvc3ZnPg==\" class=\"lazyload\"><\/p>\n<h3>Adventure Travel Trade Association<\/h3>\n<p>(ATTA)<\/p>\n<div>\n<p>Established in 1990, the Adventure Travel Trade Association (ATTA) serves 1000 members in 80 countries worldwide. Members predominantly include tour operators, tourism boards, specialty agents and accommodations with a vested interest in the sustainable development of adventure tourism. The ATTA delivers solutions and connections that propel membeATTArs towards their business goals and the industry toward a responsible and profitable future.<\/p>\n<\/div>\n<p><a href=\"https:\/\/www.adventuretravel.biz\/\">Visit their website<\/a><\/p>\n<\/li>\n<li>\n<p>        <img decoding=\"async\" data-src=\"\/inukpak\/wp-content\/uploads\/2022\/05\/TIAC-AITC_member_logo.png\" alt=\"TIAC\" src=\"data:image\/svg+xml;base64,PHN2ZyB3aWR0aD0iMSIgaGVpZ2h0PSIxIiB4bWxucz0iaHR0cDovL3d3dy53My5vcmcvMjAwMC9zdmciPjwvc3ZnPg==\" class=\"lazyload\"><\/p>\n<h3>Tourism Industry Associations of Canada<\/h3>\n<p>(TIAC)<\/p>\n<div>\n<p>TIAC takes action on behalf of Canadian tourism businesses and promotes positive measures that help the industry grow and prosper. TIAC is responsible for representing tourism interests at the national level, and its advocacy work involves promoting and supporting policies, programs and activities that will benefit the sector&rsquo;s growth and development.<\/p>\n<\/div>\n<p><a href=\"https:\/\/tiac-aitc.ca\">Visit their website<\/a><\/p>\n<\/li>\n<li>\n<p>        <img decoding=\"async\" data-src=\"\/inukpak\/wp-content\/uploads\/2022\/05\/sans_trace_canada_en.jpeg\" alt=\"Leave No Trace Canada\" src=\"data:image\/svg+xml;base64,PHN2ZyB3aWR0aD0iMSIgaGVpZ2h0PSIxIiB4bWxucz0iaHR0cDovL3d3dy53My5vcmcvMjAwMC9zdmciPjwvc3ZnPg==\" class=\"lazyload\"><\/p>\n<h3>Leave No Trace Canada <\/h3>\n<p>\u00c9thique du plein air<\/p>\n<div>\n<p>Leave No Trace Canada is a national non-profit organization dedicated to promoting and inspiring responsible outdoor recreation through education, research and partnerships. Leave No Trace builds awareness, appreciation and respect for our wildlands. <\/p>\n<\/div>\n<p><a href=\"http:\/\/www.leavenotrace.ca\">Visit their website<\/a><\/p>\n<\/li>\n<li>\n<p>        <img decoding=\"async\" data-src=\"\/inukpak\/wp-content\/uploads\/2022\/05\/association_guides_professionnels_tourisme_aventure_fr.jpeg\" alt=\"AGPTA\" src=\"data:image\/svg+xml;base64,PHN2ZyB3aWR0aD0iMSIgaGVpZ2h0PSIxIiB4bWxucz0iaHR0cDovL3d3dy53My5vcmcvMjAwMC9zdmciPjwvc3ZnPg==\" class=\"lazyload\"><\/p>\n<h3>Association des Guides Professionnels en Tourisme d&rsquo;Aventure<\/h3>\n<p>(AGPTA) <\/p>\n<div>\n<p>Valoriser le m\u00e9tier de guide en s&rsquo;assurant des standards de comp\u00e9tences \u00e9lev\u00e9s et en facilitant l&rsquo;acc\u00e8s \u00e0 la formation continue aupr\u00e8s de ses membres; tout en d\u00e9fendant, en repr\u00e9sentant et en faisant la promotion des int\u00e9r\u00eats et des valeurs des guides qu&rsquo;elle repr\u00e9sente.<\/p>\n<\/div>\n<p><a href=\"https:\/\/www.agpta.com\/\">Visit their website<\/a><\/p>\n<\/li>\n<li>\n<p>        <img decoding=\"async\" data-src=\"\/inukpak\/wp-content\/uploads\/2022\/05\/fred_lemire_photography_fr.jpeg\" alt=\"Fred Lemire\" src=\"data:image\/svg+xml;base64,PHN2ZyB3aWR0aD0iMSIgaGVpZ2h0PSIxIiB4bWxucz0iaHR0cDovL3d3dy53My5vcmcvMjAwMC9zdmciPjwvc3ZnPg==\" class=\"lazyload\"><\/p>\n<h3>Fred Lemire Photography <\/h3>\n<div>\n<p>Fred Lemire is a professional photographer based in Iqaluit, Nunavut. He specializes in Arctic wildlife photography. Originally from Quebec, he started out as an action sports photographer until he moved north where he was awe struck by the wildlife that inhabit the area and how they have adapted to survive in the harshest of climates<\/p>\n<\/div>\n<p><a href=\"http:\/\/www.fredlemirephotography.com\/\">Visit their website<\/a><\/p>\n<\/li>\n<li>\n<p>        <img decoding=\"async\" data-src=\"\/inukpak\/wp-content\/uploads\/2022\/05\/logo_SIRIUSMEDX.jpeg\" alt=\"Sirius\" src=\"data:image\/svg+xml;base64,PHN2ZyB3aWR0aD0iMSIgaGVpZ2h0PSIxIiB4bWxucz0iaHR0cDovL3d3dy53My5vcmcvMjAwMC9zdmciPjwvc3ZnPg==\" class=\"lazyload\"><\/p>\n<h3>SIRIUSMEDX<\/h3>\n<div>For more than 30 years, SIRIUSMEDx has been a leader in risk management, wilderness first aid training, and remote medical support services. Founded in 1990, under Sirius Wilderness Medicine, SIRIUS is known both at home and abroad for the expertise and experience of our staff and for delivering exceptional programs and integrated solutions.<\/div>\n<p><a href=\"https:\/\/erp.siriusmedx.com\/aboutus\">Visit their website<\/a><\/p>\n<\/li>\n<li>\n<p>        <img decoding=\"async\" data-src=\"\/inukpak\/wp-content\/uploads\/2022\/05\/nunavut_film_development_corporation_en.jpeg\" alt=\"\" src=\"data:image\/svg+xml;base64,PHN2ZyB3aWR0aD0iMSIgaGVpZ2h0PSIxIiB4bWxucz0iaHR0cDovL3d3dy53My5vcmcvMjAwMC9zdmciPjwvc3ZnPg==\" class=\"lazyload\"><\/p>\n<h3>Nunavut Film Development Corporation <\/h3>\n<p>(NFDC)<\/p>\n<div>The Nunavut Film Development Corporation (NFDC) is the film commission and funding agent for the territory and is responsible for fostering and promoting the development and growth of the film, television and digital media industry in Nunavut.<\/div>\n<p><a href=\"https:\/\/www.nunavutfilm.ca\/\">Visit their website<\/a><\/p>\n<\/li>\n<li>\n<p>        <img decoding=\"async\" data-src=\"\/inukpak\/wp-content\/uploads\/2022\/05\/BRCC_logo.jpeg\" alt=\"\" src=\"data:image\/svg+xml;base64,PHN2ZyB3aWR0aD0iMSIgaGVpZ2h0PSIxIiB4bWxucz0iaHR0cDovL3d3dy53My5vcmcvMjAwMC9zdmciPjwvc3ZnPg==\" class=\"lazyload\"><\/p>\n<h3>BRCC<\/h3>\n<div>Voice of business in the Qikiqtani Region of Nunavut. Established to foster, promote and improve business development within the Qikiqtani (Baffin) Region<\/div>\n<p><a href=\"https:\/\/baffinchamber.ca\">Visit their website<\/a><\/p>\n<\/li>\n<\/ul>\n<p><!--more--><br \/>\n<!-- {\"name\":\"BKP Partners\",\"type\":\"layout\",\"children\":[{\"type\":\"section\",\"props\":{\"style\":\"muted\",\"width\":\"default\",\"vertical_align\":\"middle\",\"title_position\":\"top-left\",\"title_rotation\":\"left\",\"title_breakpoint\":\"xl\",\"image_position\":\"center-center\",\"padding\":\"xsmall\"},\"children\":[{\"type\":\"row\",\"children\":[{\"type\":\"column\",\"props\":{\"position_sticky_breakpoint\":\"m\",\"image_position\":\"center-center\",\"media_overlay_gradient\":\"\"},\"children\":[{\"type\":\"headline\",\"props\":{\"title_element\":\"h1\",\"content\":\"Inukpak Outfitting partners\",\"title_style\":\"h3\",\"text_align\":\"left\",\"title_decoration\":\"bullet\",\"title_color\":\"secondary\",\"css\":\".el-element {\\n  text-transform: uppercase;\\n}\"}}]}]}],\"name\":\"TITLE BAR\"},{\"name\":\"\",\"type\":\"section\",\"props\":{\"style\":\"default\",\"width\":\"default\",\"image_size\":\"cover\",\"image_position\":\"center-center\",\"vertical_align\":\"middle\",\"title_position\":\"top-left\",\"title_rotation\":\"left\",\"title_breakpoint\":\"xl\",\"padding\":\"small\"},\"children\":[{\"name\":\"\",\"type\":\"row\",\"children\":[{\"name\":\"\",\"type\":\"column\",\"props\":{\"image_position\":\"center-center\",\"media_overlay_gradient\":\"\",\"width_medium\":\"1-1\",\"position_sticky_breakpoint\":\"m\"},\"children\":[{\"name\":\"\",\"type\":\"grid\",\"props\":{\"show_title\":true,\"show_meta\":true,\"show_content\":true,\"show_image\":true,\"show_link\":true,\"grid_default\":\"1\",\"grid_medium\":\"1\",\"title_element\":\"h3\",\"meta_style\":\"\",\"meta_align\":\"below-title\",\"image_align\":\"left\",\"image_grid_width\":\"1-5\",\"link_text\":\"Visit their website\",\"link_style\":\"primary\",\"margin\":\"default\",\"link_target\":true,\"panel_style\":\"card-hover\",\"title_style\":\"h3\",\"grid_small\":\"1\",\"grid_large\":\"1\",\"grid_xlarge\":\"1\",\"text_align\":\"left\",\"meta_margin\":\"remove\",\"image_border\":\"rounded\",\"grid_mode\":\"\",\"text_align_breakpoint\":\"s\",\"text_align_fallback\":\"center\",\"filter_style\":\"tab\",\"filter_all\":true,\"filter_position\":\"top\",\"filter_align\":\"left\",\"filter_grid_width\":\"auto\",\"title_align\":\"top\",\"title_grid_width\":\"1-2\",\"image_svg_color\":\"emphasis\",\"item_animation\":true,\"title_hover_style\":\"reset\",\"grid_divider\":true,\"filter_grid_breakpoint\":\"m\",\"title_grid_breakpoint\":\"m\",\"image_grid_breakpoint\":\"s\",\"icon_width\":80,\"meta_element\":\"div\",\"content_column_breakpoint\":\"m\",\"panel_image_no_padding\":false,\"panel_padding\":\"default\"},\"children\":[{\"name\":\"\",\"type\":\"grid_item\",\"props\":{\"title\":\"Destination Canada \",\"content\":\"\n\n<p>Destination Canada markets Canada internationally as a premier four-season tourism destination. In collaboration with partners in the Canadian tourism industry, Destination Canada creates marketing campaigns designed to showcase the best our country has to offer.<\\\/p>\\n\n\n<p>Destination Canada also provides research and industry data to our partners\\u2014equipping them to optimize their businesses. For more information, please visit: www.destinationcanada.com, follow @DestinationCAN and @ExploreCanada on Twitter.<\\\/p>\",\"image\":\"wp-content\\\/uploads\\\/2022\\\/05\\\/destination_canada_en.jpeg\",\"image_alt\":\"Destination Canada\",\"link\":\"https:\\\/\\\/www.destinationcanada.com\"}},{\"type\":\"grid_item\",\"props\":{\"content\":\"\n\n<p><span>Destination Nunavut is a Destination Marketing Organization (DMO) and takes a leading role in promoting Nunavut through marketing and communications, selling Nunavut as an attractive travel destination. Destination Nunavut works in partnership with and supports Nunavut operators and outfitters to ensure that tourism thrives and that communities benefit form tourism.<\\\/span><\\\/p>\",\"title\":\"Destination Nunavut\",\"link\":\"https:\\\/\\\/www.destinationnunavut.ca\\\/\",\"status\":\"\",\"image\":\"wp-content\\\/uploads\\\/2022\\\/05\\\/Destination_Nunavut_Logo.jpeg\"}},{\"name\":\"\",\"type\":\"grid_item\",\"props\":{\"title\":\"TRAVEL NUNAVUT\",\"content\":\"Travel Nunavut Industry Association is a not-for-profit membership association that encourages tourism development by providing specialized knowledge and expertise in four key areas: marketing, research and communication, market readiness, and advocacy. We exist to support and promote our members\\u2019 products and services to the world.\",\"image\":\"wp-content\\\/uploads\\\/2022\\\/05\\\/TravelNunavut.jpeg\",\"image_alt\":\"TRAVEL NUNAVUT\",\"link\":\"https:\\\/\\\/travelnunavut.ca\\\/\"}},{\"name\":\"\",\"type\":\"grid_item\",\"props\":{\"title\":\"Corridor patrimoine, culture et tourisme francophone\",\"image\":\"wp-content\\\/uploads\\\/2022\\\/05\\\/corridor_touristique_fr.jpeg\",\"image_alt\":\"Corridor patrimoine, culture et tourisme francophone\",\"link\":\"http:\\\/\\\/corridorcanada.ca\\\/?lang=en\",\"content\":\"The Corridor is a select range of Francophone heritage, cultural and tourism products in Canada that offer visitor services in French. \",\"meta\":\" French services at anytime\"}},{\"name\":\"\",\"type\":\"grid_item\",\"props\":{\"title\":\"Canadian North\",\"content\":\"The Canadian North name is recognized in the aviation business with innovation and operational expertise for remote regions and unusual or especially taxing environments. Our service-based approach and extensive northern experience are two of the main reasons why Canadian North planes and crews are a natural choice when it comes to choosing an airline in Canada\\u2019s Arctic.\",\"image\":\"wp-content\\\/uploads\\\/2022\\\/05\\\/Logo-CanadianNorth.png\",\"image_alt\":\"First Air\",\"link\":\"https:\\\/\\\/canadiannorth.com\\\/\",\"meta\":\"Fly the Arctic\"}},{\"type\":\"grid_item\",\"props\":{\"title\":\"Frobisher Inn\",\"link\":\"https:\\\/\\\/www.frobisherinn.com\\\/\",\"image\":\"wp-content\\\/uploads\\\/2022\\\/05\\\/frobisher_web.jpeg\",\"content\":\"\n\n<p><span>Count on the warmth of the Frobisher Inn when your day's adventures are complete. In our Northern Iqaluit hotel, gourmet dining meets rustic luxury, meets clean lines, and meets boundless hospitality.<\\\/span><br \\\/><span>Welcome to our Northern paradise, where adventures meet.<\\\/span><\\\/p>\"}},{\"name\":\"\",\"type\":\"grid_item\",\"props\":{\"title\":\"Adventure Travel Trade Association\",\"content\":\"\n\n<p>Established in 1990, the Adventure Travel Trade Association (ATTA) serves 1000 members in 80 countries worldwide. Members predominantly include tour operators, tourism boards, specialty agents and accommodations with a vested interest in the sustainable development of adventure tourism. The ATTA delivers solutions and connections that propel membeATTArs towards their business goals and the industry toward a responsible and profitable future.<\\\/p>\",\"image\":\"wp-content\\\/uploads\\\/2022\\\/05\\\/adventure_travel_trade_association_en.jpeg\",\"image_alt\":\"ATTA\",\"link\":\"https:\\\/\\\/www.adventuretravel.biz\\\/\",\"meta\":\"(ATTA)\"}},{\"name\":\"\",\"type\":\"grid_item\",\"props\":{\"title\":\"Tourism Industry Associations of Canada\",\"image\":\"wp-content\\\/uploads\\\/2022\\\/05\\\/TIAC-AITC_member_logo.png\",\"image_alt\":\"TIAC\",\"content\":\"\n\n<p>TIAC takes action on behalf of Canadian tourism businesses and promotes positive measures that help the industry grow and prosper. TIAC is responsible for representing tourism interests at the national level, and its advocacy work involves promoting and supporting policies, programs and activities that will benefit the sector's growth and development.<\\\/p>\",\"link\":\"https:\\\/\\\/tiac-aitc.ca\",\"meta\":\"(TIAC)\"}},{\"name\":\"\",\"type\":\"grid_item\",\"props\":{\"title\":\"Leave No Trace Canada \",\"content\":\"\n\n<p>Leave No Trace Canada is a national non-profit organization dedicated to promoting and inspiring responsible outdoor recreation through education, research and partnerships. Leave No Trace builds awareness, appreciation and respect for our wildlands. <\\\/p>\",\"image\":\"wp-content\\\/uploads\\\/2022\\\/05\\\/sans_trace_canada_en.jpeg\",\"image_alt\":\"Leave No Trace Canada\",\"link\":\"http:\\\/\\\/www.leavenotrace.ca\",\"meta\":\"\\u00c9thique du plein air\"}},{\"name\":\"\",\"type\":\"grid_item\",\"props\":{\"title\":\"Association des Guides Professionnels en Tourisme d'Aventure\",\"image\":\"wp-content\\\/uploads\\\/2022\\\/05\\\/association_guides_professionnels_tourisme_aventure_fr.jpeg\",\"image_alt\":\"AGPTA\",\"link\":\"https:\\\/\\\/www.agpta.com\\\/\",\"content\":\"\n\n<p>Valoriser le m\\u00e9tier de guide en s'assurant des standards de comp\\u00e9tences \\u00e9lev\\u00e9s et en facilitant l'acc\\u00e8s \\u00e0 la formation continue aupr\\u00e8s de ses membres; tout en d\\u00e9fendant, en repr\\u00e9sentant et en faisant la promotion des int\\u00e9r\\u00eats et des valeurs des guides qu'elle repr\\u00e9sente.<\\\/p>\",\"meta\":\"(AGPTA) \"}},{\"name\":\"\",\"type\":\"grid_item\",\"props\":{\"title\":\"Fred Lemire Photography \",\"content\":\"\n\n<p>Fred Lemire is a professional photographer based in Iqaluit, Nunavut. He specializes in Arctic wildlife photography. Originally from Quebec, he started out as an action sports photographer until he moved north where he was awe struck by the wildlife that inhabit the area and how they have adapted to survive in the harshest of climates<\\\/p>\",\"link\":\"http:\\\/\\\/www.fredlemirephotography.com\\\/\",\"image\":\"wp-content\\\/uploads\\\/2022\\\/05\\\/fred_lemire_photography_fr.jpeg\",\"image_alt\":\"Fred Lemire\"}},{\"name\":\"\",\"type\":\"grid_item\",\"props\":{\"title\":\"SIRIUSMEDX\",\"content\":\"For more than 30 years, SIRIUSMEDx has been a leader in risk management, wilderness first aid training, and remote medical support services. Founded in 1990, under Sirius Wilderness Medicine, SIRIUS is known both at home and abroad for the expertise and experience of our staff and for delivering exceptional programs and integrated solutions.\",\"link\":\"https:\\\/\\\/erp.siriusmedx.com\\\/aboutus\",\"image\":\"wp-content\\\/uploads\\\/2022\\\/05\\\/logo_SIRIUSMEDX.jpeg\",\"image_alt\":\"Sirius\"}},{\"name\":\"\",\"type\":\"grid_item\",\"props\":{\"title\":\"Nunavut Film Development Corporation \",\"content\":\"The Nunavut Film Development Corporation (NFDC) is the film commission and funding agent for the territory and is responsible for fostering and promoting the development and growth of the film, television and digital media industry in Nunavut.\",\"link\":\"https:\\\/\\\/www.nunavutfilm.ca\\\/\",\"image\":\"wp-content\\\/uploads\\\/2022\\\/05\\\/nunavut_film_development_corporation_en.jpeg\",\"meta\":\"(NFDC)\"}},{\"type\":\"grid_item\",\"props\":{\"title\":\"BRCC\",\"content\":\"Voice of business in the Qikiqtani Region of Nunavut. Established to foster, promote and improve business development within the Qikiqtani (Baffin) Region\",\"image\":\"wp-content\\\/uploads\\\/2022\\\/05\\\/BRCC_logo.jpeg\",\"link\":\"https:\\\/\\\/baffinchamber.ca\"}}]}]}]}]}],\"version\":\"2.7.22\",\"yooessentialsVersion\":\"1.6.10\"} --><\/p>\n","protected":false},"excerpt":{"rendered":"<p>Inukpak Outfitting partners Destination Canada Destination Canada markets Canada internationally as a premier four-season tourism destination. In collaboration with partners in the Canadian tourism industry, Destination Canada creates marketing campaigns designed to showcase the best our country has to offer. Destination Canada also provides research and industry data to our partners\u2014equipping them to optimize their [&hellip;]<\/p>\n","protected":false},"author":1,"featured_media":0,"parent":2471,"menu_order":0,"comment_status":"closed","ping_status":"closed","template":"","meta":{"footnotes":""},"class_list":["post-2468","page","type-page","status-publish","hentry"],"_links":{"self":[{"href":"https:\/\/inukpakoutfitting.ca\/fr\/wp-json\/wp\/v2\/pages\/2468","targetHints":{"allow":["GET"]}}],"collection":[{"href":"https:\/\/inukpakoutfitting.ca\/fr\/wp-json\/wp\/v2\/pages"}],"about":[{"href":"https:\/\/inukpakoutfitting.ca\/fr\/wp-json\/wp\/v2\/types\/page"}],"author":[{"embeddable":true,"href":"https:\/\/inukpakoutfitting.ca\/fr\/wp-json\/wp\/v2\/users\/1"}],"replies":[{"embeddable":true,"href":"https:\/\/inukpakoutfitting.ca\/fr\/wp-json\/wp\/v2\/comments?post=2468"}],"version-history":[{"count":0,"href":"https:\/\/inukpakoutfitting.ca\/fr\/wp-json\/wp\/v2\/pages\/2468\/revisions"}],"up":[{"embeddable":true,"href":"https:\/\/inukpakoutfitting.ca\/fr\/wp-json\/wp\/v2\/pages\/2471"}],"wp:attachment":[{"href":"https:\/\/inukpakoutfitting.ca\/fr\/wp-json\/wp\/v2\/media?parent=2468"}],"curies":[{"name":"wp","href":"https:\/\/api.w.org\/{rel}","templated":true}]}}