{"id":2472,"date":"2022-01-07T17:24:13","date_gmt":"2022-01-07T17:24:13","guid":{"rendered":"https:\/\/wip.digitalsteam.ca\/inukpak\/arctic-gear-rental\/"},"modified":"2022-06-08T11:59:29","modified_gmt":"2022-06-08T11:59:29","slug":"location-dequipement-pour-larctique","status":"publish","type":"page","link":"https:\/\/inukpakoutfitting.ca\/fr\/sur-mesure\/location-dequipement-pour-larctique\/","title":{"rendered":"Location d&rsquo;\u00e9quipement pour l&rsquo;arctique"},"content":{"rendered":"<h1>PROGRAMME SUR MESURE DE LOCATION D&rsquo;\u00c9QUIPEMENT EN ARCTIQUE<\/h1>\n<h2>Location d&rsquo;\u00e9quipement<\/h2>\n<div>Nous vous offrons la possibilit\u00e9 de louer des v\u00eatements de cat\u00e9gorie polaire de haute qualit\u00e9 ainsi que de l\u2019\u00e9quipement sp\u00e9cialis\u00e9 pour la dur\u00e9e de votre s\u00e9jour en Arctique. SVP, consultez la liste et contactez-nous.<\/div>\n<p>\n    <a href=\"\/inukpak\/wp-content\/uploads\/2022\/06\/IO_Equipment_Rental_Pricing__Listing_FR.pdf\">T\u00e9l\u00e9charger notre liste de prix pour la location d&rsquo;\u00e9quipement<\/a>\n<\/p>\n<h2>Conditions, modalit\u00e9s &#038; politiques :<br \/>\n<\/h2>\n<h3>Paiement:<\/h3>\n<div>Tous les prix sont en dollar Canadien, sont bas\u00e9s sur un prix \u00ab \u00e0 la journ\u00e9e \u00bb + 5% TPS et peuvent changer sans pr\u00e9avis. Tous les frais de location doivent \u00eatre acquitt\u00e9s en totalit\u00e9 au moment de la cueillette du mat\u00e9riel. Les paiements doivent \u00eatre faits uniquement en argent comptant ou par transf\u00e8re Interac. Les d\u00e9p\u00f4ts de s\u00e9curit\u00e9 doivent \u00eatre faits seulement par carte de cr\u00e9dit. Une carte d\u2019identit\u00e9 gouvernementale valide doit \u00eatre montr\u00e9e pour toutes locations. 100% du d\u00e9p\u00f4t de s\u00e9curit\u00e9 sera remis lors du retour, si l\u2019\u00e9quipement est retourn\u00e9 selon les termes du contrat de location.<\/div>\n<h3>R\u00e9servation:<\/h3>\n<div>Les r\u00e9servations peuvent \u00eatre faites par courriel, et ce jusqu\u2019\u00e0 un mois \u00e0 l\u2019avance et sous la politique du \u00ab premier arriv\u00e9, premier servi \u00bb<\/div>\n<h3>Annulation:<\/h3>\n<div>Les annulations faites moins de 48 heures avant la date pr\u00e9vue de cueillette, sont sujettes \u00e0 des frais \u00e9gaux au montant relatif \u00e0 la premi\u00e8re journ\u00e9e de location. Pour tout remboursement en vue d\u2019un retour d\u2019\u00e9quipement pr\u00e9matur\u00e9, vous devez avertir Inukpak Outfitting 48 heures \u00e0 l\u2019avance.<\/div>\n<h1>Cueillette et retour d\u2019\u00e9quipement de location:<\/h1>\n<div>La cueillette d\u2019\u00e9quipement de fait apr\u00e8s 15h00 le jour pr\u00e9c\u00e9dant la location. Les retours sefont avant midi (12h00), le jour suivant la location.<\/div>\n<h3>Retour d\u2019\u00e9quipement en retard:<\/h3>\n<div>Des frais de retour tardif seront appliqu\u00e9s pour tout retour de mat\u00e9riel apr\u00e8s midi (12:00) le jour convenu; le double du tarif journalier, par item, sera factur\u00e9 au locataire ou d\u00e9duit de son d\u00e9p\u00f4t de s\u00e9curit\u00e9 sur une base journali\u00e8re.<\/div>\n<h3>Politique de Perte \/ Bris \/ Salet\u00e9 :<\/h3>\n<div>Si le mat\u00e9riel lou\u00e9 est retourn\u00e9 montrant des bris ou dans un \u00e9tat sale, l\u2019emprunteur sera responsable de pay\u00e9 la r\u00e9paration et\/ou le nettoyage. Les frais relatifs, seront charg\u00e9 au montant de ($100\/h, minimum 1 heure) plus le prix des pi\u00e8ces de rechanges pour tout nettoyage\/r\u00e9paration, le cas \u00e9ch\u00e9ant. Le prix de remplacement pour tout \u00e9quipement perdu, vol\u00e9 et\/ou d\u00e9truit est \u00e9gale \u00e0 la valeur \u00e0 neuf du march\u00e9, plus taxes et transport.<\/div>\n<h3>Politique de priorit\u00e9:<\/h3>\n<div>Les clients utilisant un des services guid\u00e9s d\u2019Inukpak Outfitting, ont priorit\u00e9 sur l\u2019\u00e9quipement de location. La location d\u2019\u00e9quipement est gratuite lorsque utilis\u00e9 durant ces services.<\/div>\n<div><a href=\"javascript:void(0)\" class=\"hustle_module_shortcode_trigger hustle_module_5 \" data-id=\"5\" data-type=\"popup\">NOUS JOINDRE AU SUJET DE CETTE OFFRE<\/a><\/div>\n<p><!--more--><br \/>\n<!-- {\"name\":\"BKP Gear rental\",\"type\":\"layout\",\"children\":[{\"type\":\"section\",\"props\":{\"style\":\"muted\",\"width\":\"default\",\"vertical_align\":\"middle\",\"title_position\":\"top-left\",\"title_rotation\":\"left\",\"title_breakpoint\":\"xl\",\"image_position\":\"center-center\",\"padding\":\"xsmall\"},\"children\":[{\"type\":\"row\",\"children\":[{\"type\":\"column\",\"props\":{\"position_sticky_breakpoint\":\"m\",\"image_position\":\"center-center\",\"media_overlay_gradient\":\"\"},\"children\":[{\"type\":\"headline\",\"props\":{\"title_element\":\"h1\",\"content\":\"PROGRAMME SUR MESURE DE LOCATION D'\\u00c9QUIPEMENT EN ARCTIQUE\",\"title_style\":\"h3\",\"text_align\":\"left\",\"title_color\":\"secondary\",\"title_decoration\":\"bullet\"},\"name\":\"CATEGORY NAME (H1)\"}]}]}],\"name\":\"PAGE CATEGORY\"},{\"type\":\"section\",\"props\":{\"style\":\"default\",\"width\":\"default\",\"vertical_align\":\"middle\",\"title_position\":\"top-left\",\"title_rotation\":\"left\",\"title_breakpoint\":\"xl\",\"image_position\":\"center-center\"},\"children\":[{\"type\":\"row\",\"children\":[{\"type\":\"column\",\"props\":{\"position_sticky_breakpoint\":\"m\",\"image_position\":\"center-center\",\"media_overlay_gradient\":\"\"},\"children\":[{\"type\":\"headline\",\"props\":{\"title_element\":\"h2\",\"title_style\":\"h2\",\"content\":\"Location d'\\u00e9quipement\",\"css\":\".el-element {\\n  text-transform: uppercase;\\n}\\n\"}},{\"name\":\"\",\"type\":\"text\",\"props\":{\"column_breakpoint\":\"m\",\"margin\":\"default\",\"content\":\"Nous vous offrons la possibilit\\u00e9 de louer des v\\u00eatements de cat\\u00e9gorie polaire de haute qualit\\u00e9 ainsi que de l\\u2019\\u00e9quipement sp\\u00e9cialis\\u00e9 pour la dur\\u00e9e de votre s\\u00e9jour en Arctique. SVP, consultez la liste et contactez-nous.\"}},{\"name\":\"\",\"type\":\"button\",\"props\":{\"margin\":\"default\",\"grid_column_gap\":\"small\",\"grid_row_gap\":\"small\"},\"children\":[{\"name\":\"\",\"type\":\"button_item\",\"props\":{\"button_style\":\"\",\"icon_align\":\"left\",\"content\":\"T\\u00e9l\\u00e9charger notre liste de prix pour la location d'\\u00e9quipement\",\"link\":\"wp-content\\\/uploads\\\/2022\\\/06\\\/IO_Equipment_Rental_Pricing__Listing_FR.pdf\",\"link_target\":\"blank\",\"link_title\":\"IO Equipment Rental Pricing & Listing\",\"icon\":\"cloud-download\"}}]}]}]},{\"type\":\"row\",\"children\":[{\"type\":\"column\",\"props\":{\"position_sticky_breakpoint\":\"m\",\"image_position\":\"center-center\",\"media_overlay_gradient\":\"\"},\"children\":[{\"name\":\"\",\"type\":\"headline\",\"props\":{\"title_element\":\"h2\",\"content\":\"Conditions, modalit\\u00e9s & politiques :\\n\",\"title_style\":\"h2\"}}]}]},{\"type\":\"row\",\"children\":[{\"type\":\"column\",\"props\":{\"position_sticky_breakpoint\":\"m\",\"image_position\":\"center-center\",\"media_overlay_gradient\":\"\"},\"children\":[{\"name\":\"\",\"type\":\"headline\",\"props\":{\"title_element\":\"h3\",\"content\":\"Paiement:\",\"title_style\":\"h3\"}},{\"name\":\"\",\"type\":\"text\",\"props\":{\"column_breakpoint\":\"m\",\"margin\":\"default\",\"content\":\"Tous les prix sont en dollar Canadien, sont bas\\u00e9s sur un prix \\u00ab \\u00e0 la journ\\u00e9e \\u00bb + 5% TPS et peuvent changer sans pr\\u00e9avis. Tous les frais de location doivent \\u00eatre acquitt\\u00e9s en totalit\\u00e9 au moment de la cueillette du mat\\u00e9riel. Les paiements doivent \\u00eatre faits uniquement en argent comptant ou par transf\\u00e8re Interac. Les d\\u00e9p\\u00f4ts de s\\u00e9curit\\u00e9 doivent \\u00eatre faits seulement par carte de cr\\u00e9dit. Une carte d\\u2019identit\\u00e9 gouvernementale valide doit \\u00eatre montr\\u00e9e pour toutes locations. 100% du d\\u00e9p\\u00f4t de s\\u00e9curit\\u00e9 sera remis lors du retour, si l\\u2019\\u00e9quipement est retourn\\u00e9 selon les termes du contrat de location.\",\"text_align\":\"justify\"}}]}]},{\"type\":\"row\",\"children\":[{\"type\":\"column\",\"props\":{\"position_sticky_breakpoint\":\"m\",\"image_position\":\"center-center\",\"media_overlay_gradient\":\"\"},\"children\":[{\"name\":\"\",\"type\":\"headline\",\"props\":{\"title_element\":\"h3\",\"title_style\":\"h3\",\"content\":\"R\\u00e9servation:\"}},{\"name\":\"\",\"type\":\"text\",\"props\":{\"column_breakpoint\":\"m\",\"margin\":\"default\",\"content\":\"Les r\\u00e9servations peuvent \\u00eatre faites par courriel, et ce jusqu\\u2019\\u00e0 un mois \\u00e0 l\\u2019avance et sous la politique du \\u00ab premier arriv\\u00e9, premier servi \\u00bb\"}}]}]},{\"type\":\"row\",\"children\":[{\"type\":\"column\",\"props\":{\"position_sticky_breakpoint\":\"m\",\"image_position\":\"center-center\",\"media_overlay_gradient\":\"\"},\"children\":[{\"name\":\"\",\"type\":\"headline\",\"props\":{\"title_element\":\"h3\",\"title_style\":\"h3\",\"content\":\"Annulation:\"}},{\"name\":\"\",\"type\":\"text\",\"props\":{\"column_breakpoint\":\"m\",\"margin\":\"default\",\"content\":\"Les annulations faites moins de 48 heures avant la date pr\\u00e9vue de cueillette, sont sujettes \\u00e0 des frais \\u00e9gaux au montant relatif \\u00e0 la premi\\u00e8re journ\\u00e9e de location. Pour tout remboursement en vue d\\u2019un retour d\\u2019\\u00e9quipement pr\\u00e9matur\\u00e9, vous devez avertir Inukpak Outfitting 48 heures \\u00e0 l\\u2019avance.\"}}]}]},{\"type\":\"row\",\"children\":[{\"type\":\"column\",\"props\":{\"position_sticky_breakpoint\":\"m\",\"image_position\":\"center-center\",\"media_overlay_gradient\":\"\"},\"children\":[{\"name\":\"\",\"type\":\"headline\",\"props\":{\"title_element\":\"h1\",\"title_style\":\"h4\",\"content\":\"Cueillette et retour d\\u2019\\u00e9quipement de location:\"}},{\"name\":\"\",\"type\":\"text\",\"props\":{\"column_breakpoint\":\"m\",\"margin\":\"default\",\"content\":\"La cueillette d\\u2019\\u00e9quipement de fait apr\\u00e8s 15h00 le jour pr\\u00e9c\\u00e9dant la location. Les retours sefont avant midi (12h00), le jour suivant la location.\"}}]}]},{\"type\":\"row\",\"children\":[{\"type\":\"column\",\"props\":{\"position_sticky_breakpoint\":\"m\",\"image_position\":\"center-center\",\"media_overlay_gradient\":\"\"},\"children\":[{\"name\":\"\",\"type\":\"headline\",\"props\":{\"title_element\":\"h3\",\"title_style\":\"h3\",\"content\":\"Retour d\\u2019\\u00e9quipement en retard:\"}},{\"name\":\"\",\"type\":\"text\",\"props\":{\"column_breakpoint\":\"m\",\"margin\":\"default\",\"content\":\"Des frais de retour tardif seront appliqu\\u00e9s pour tout retour de mat\\u00e9riel apr\\u00e8s midi (12:00) le jour convenu; le double du tarif journalier, par item, sera factur\\u00e9 au locataire ou d\\u00e9duit de son d\\u00e9p\\u00f4t de s\\u00e9curit\\u00e9 sur une base journali\\u00e8re.\"}}]}]},{\"type\":\"row\",\"children\":[{\"type\":\"column\",\"props\":{\"position_sticky_breakpoint\":\"m\",\"image_position\":\"center-center\",\"media_overlay_gradient\":\"\"},\"children\":[{\"name\":\"\",\"type\":\"headline\",\"props\":{\"title_element\":\"h3\",\"title_style\":\"h3\",\"content\":\"Politique de Perte \\\/ Bris \\\/ Salet\\u00e9 :\"}},{\"name\":\"\",\"type\":\"text\",\"props\":{\"column_breakpoint\":\"m\",\"margin\":\"default\",\"content\":\"Si le mat\\u00e9riel lou\\u00e9 est retourn\\u00e9 montrant des bris ou dans un \\u00e9tat sale, l\\u2019emprunteur sera responsable de pay\\u00e9 la r\\u00e9paration et\\\/ou le nettoyage. Les frais relatifs, seront charg\\u00e9 au montant de ($100\\\/h, minimum 1 heure) plus le prix des pi\\u00e8ces de rechanges pour tout nettoyage\\\/r\\u00e9paration, le cas \\u00e9ch\\u00e9ant. Le prix de remplacement pour tout \\u00e9quipement perdu, vol\\u00e9 et\\\/ou d\\u00e9truit est \\u00e9gale \\u00e0 la valeur \\u00e0 neuf du march\\u00e9, plus taxes et transport.\",\"text_align\":\"justify\"}}]}]},{\"type\":\"row\",\"children\":[{\"type\":\"column\",\"props\":{\"position_sticky_breakpoint\":\"m\",\"image_position\":\"center-center\",\"media_overlay_gradient\":\"\"},\"children\":[{\"name\":\"\",\"type\":\"headline\",\"props\":{\"title_element\":\"h3\",\"title_style\":\"h3\",\"content\":\"Politique de priorit\\u00e9:\"}},{\"name\":\"\",\"type\":\"text\",\"props\":{\"column_breakpoint\":\"m\",\"margin\":\"default\",\"content\":\"Les clients utilisant un des services guid\\u00e9s d\\u2019Inukpak Outfitting, ont priorit\\u00e9 sur l\\u2019\\u00e9quipement de location. La location d\\u2019\\u00e9quipement est gratuite lorsque utilis\\u00e9 durant ces services.\"}}]}]}]},{\"type\":\"section\",\"props\":{\"style\":\"default\",\"width\":\"default\",\"vertical_align\":\"middle\",\"title_position\":\"top-left\",\"title_rotation\":\"left\",\"title_breakpoint\":\"xl\",\"image_position\":\"center-center\"},\"children\":[{\"type\":\"row\",\"props\":{\"width\":\"small\",\"margin\":\"default\"},\"children\":[{\"type\":\"column\",\"props\":{\"image_position\":\"center-center\",\"media_overlay_gradient\":\"\",\"style\":\"muted\",\"padding\":\"xsmall\",\"position_sticky_breakpoint\":\"m\"},\"children\":[{\"type\":\"text\",\"props\":{\"margin\":\"default\",\"column_breakpoint\":\"m\",\"content\":\"[wd_hustle id=\\\"5\\\" type=\\\"popup\\\"]NOUS JOINDRE AU SUJET DE CETTE OFFRE[\\\/wd_hustle]\",\"text_align\":\"center\",\"margin_remove_bottom\":true},\"name\":\"\"}]}]}],\"name\":\"Nous joindre\"}],\"version\":\"2.7.22\",\"yooessentialsVersion\":\"1.6.10\"} --><\/p>\n","protected":false},"excerpt":{"rendered":"<p>PROGRAMME SUR MESURE DE LOCATION D&rsquo;\u00c9QUIPEMENT EN ARCTIQUE Location d&rsquo;\u00e9quipement Nous vous offrons la possibilit\u00e9 de louer des v\u00eatements de cat\u00e9gorie polaire de haute qualit\u00e9 ainsi que de l\u2019\u00e9quipement sp\u00e9cialis\u00e9 pour la dur\u00e9e de votre s\u00e9jour en Arctique. SVP, consultez la liste et contactez-nous. T\u00e9l\u00e9charger notre liste de prix pour la location d&rsquo;\u00e9quipement Conditions, modalit\u00e9s [&hellip;]<\/p>\n","protected":false},"author":1,"featured_media":0,"parent":2505,"menu_order":0,"comment_status":"closed","ping_status":"closed","template":"","meta":{"footnotes":""},"class_list":["post-2472","page","type-page","status-publish","hentry"],"_links":{"self":[{"href":"https:\/\/inukpakoutfitting.ca\/fr\/wp-json\/wp\/v2\/pages\/2472","targetHints":{"allow":["GET"]}}],"collection":[{"href":"https:\/\/inukpakoutfitting.ca\/fr\/wp-json\/wp\/v2\/pages"}],"about":[{"href":"https:\/\/inukpakoutfitting.ca\/fr\/wp-json\/wp\/v2\/types\/page"}],"author":[{"embeddable":true,"href":"https:\/\/inukpakoutfitting.ca\/fr\/wp-json\/wp\/v2\/users\/1"}],"replies":[{"embeddable":true,"href":"https:\/\/inukpakoutfitting.ca\/fr\/wp-json\/wp\/v2\/comments?post=2472"}],"version-history":[{"count":0,"href":"https:\/\/inukpakoutfitting.ca\/fr\/wp-json\/wp\/v2\/pages\/2472\/revisions"}],"up":[{"embeddable":true,"href":"https:\/\/inukpakoutfitting.ca\/fr\/wp-json\/wp\/v2\/pages\/2505"}],"wp:attachment":[{"href":"https:\/\/inukpakoutfitting.ca\/fr\/wp-json\/wp\/v2\/media?parent=2472"}],"curies":[{"name":"wp","href":"https:\/\/api.w.org\/{rel}","templated":true}]}}