{"id":2473,"date":"2022-01-07T17:23:49","date_gmt":"2022-01-07T17:23:49","guid":{"rendered":"https:\/\/wip.digitalsteam.ca\/inukpak\/extend-your-stay-program\/"},"modified":"2022-06-08T11:59:17","modified_gmt":"2022-06-08T11:59:17","slug":"extend-your-stay-program","status":"publish","type":"page","link":"https:\/\/inukpakoutfitting.ca\/fr\/sur-mesure\/extend-your-stay-program\/","title":{"rendered":"Extend Your Stay Program"},"content":{"rendered":"<h1>PROGRAMME SUR MESURE DE PROLONGATION DE S\u00c9JOUR EN ARCTIQUE<\/h1>\n<h2>Programme \u00ab\u2009Prolongez votre s\u00e9jour\u2009\u00bb<\/h2>\n<div>Vous croyez que votre prochaine visite sera trop courte \u00e0 votre go\u00fbt\u2009? Nous pourrions avoir LA solution pour vous. Laissez notre personnel \u00e9laborer un programme \u00ab\u2009Prolongez votre s\u00e9jour\u2009\u00bb personnalis\u00e9. Que vous souhaitiez ajouter une fin de semaine prolong\u00e9e \u00e0 la fin d\u2019un contrat de travail, une journ\u00e9e avant vos r\u00e9unions dans la capitale ou, chanceux\u2009!, quelques jours apr\u00e8s la fin de votre croisi\u00e8re dans l\u2019Arctique, c\u2019est avec plaisir que nous vous offrirons l\u2019une de nos options \u00ab\u2009cl\u00e9 en main\u2009\u00bb. Des activit\u00e9s remarquables de nos services \u00ab\u2009\u00c0 la carte\u2009\u00bb, une visite culturelle unique, l\u2019h\u00e9bergement, le transport et la logistique, tout est \u00e0 notre port\u00e9e. Des centaines de voyageurs solitaires ainsi que de nombreux groupes ont d\u00e9j\u00e0 fait appel \u00e0 nos services sur mesure, et ils se rappellent encore les exp\u00e9riences remarquables qui ont marqu\u00e9 leurs vies.<\/div>\n<div><a href=\"javascript:void(0)\" class=\"hustle_module_shortcode_trigger hustle_module_5 \" data-id=\"5\" data-type=\"popup\">NOUS JOINDRE AU SUJET DE CETTE OFFRE<\/a><\/div>\n<p><!--more--><br \/>\n<!-- {\"name\":\"BKP Extend your stay\",\"type\":\"layout\",\"children\":[{\"type\":\"section\",\"props\":{\"style\":\"muted\",\"width\":\"default\",\"vertical_align\":\"middle\",\"title_position\":\"top-left\",\"title_rotation\":\"left\",\"title_breakpoint\":\"xl\",\"image_position\":\"center-center\",\"padding\":\"xsmall\"},\"children\":[{\"type\":\"row\",\"children\":[{\"type\":\"column\",\"props\":{\"position_sticky_breakpoint\":\"m\",\"image_position\":\"center-center\",\"media_overlay_gradient\":\"\"},\"children\":[{\"type\":\"headline\",\"props\":{\"title_element\":\"h1\",\"content\":\"PROGRAMME SUR MESURE DE PROLONGATION DE S\\u00c9JOUR EN ARCTIQUE\",\"title_style\":\"h3\",\"text_align\":\"left\",\"title_color\":\"secondary\",\"title_decoration\":\"bullet\"},\"name\":\"CATEGORY NAME (H1)\"}]}]}],\"name\":\"PAGE CATEGORY\"},{\"type\":\"section\",\"props\":{\"style\":\"default\",\"width\":\"default\",\"vertical_align\":\"middle\",\"title_position\":\"top-left\",\"title_rotation\":\"left\",\"title_breakpoint\":\"xl\",\"image_position\":\"center-center\"},\"children\":[{\"type\":\"row\",\"children\":[{\"type\":\"column\",\"props\":{\"image_position\":\"center-center\",\"media_overlay_gradient\":\"\",\"width_medium\":\"1-1\",\"position_sticky_breakpoint\":\"m\"},\"children\":[{\"type\":\"headline\",\"props\":{\"title_element\":\"h2\",\"title_style\":\"h2\",\"content\":\"Programme \\u00ab\\u2009Prolongez votre s\\u00e9jour\\u2009\\u00bb\",\"css\":\".el-element {\\n  text-transform: uppercase;\\n}\\n\"}},{\"name\":\"\",\"type\":\"text\",\"props\":{\"column_breakpoint\":\"m\",\"margin\":\"default\",\"content\":\"Vous croyez que votre prochaine visite sera trop courte \\u00e0 votre go\\u00fbt\\u2009? Nous pourrions avoir LA solution pour vous. Laissez notre personnel \\u00e9laborer un programme \\u00ab\\u2009Prolongez votre s\\u00e9jour\\u2009\\u00bb personnalis\\u00e9. Que vous souhaitiez ajouter une fin de semaine prolong\\u00e9e \\u00e0 la fin d\\u2019un contrat de travail, une journ\\u00e9e avant vos r\\u00e9unions dans la capitale ou, chanceux\\u2009!, quelques jours apr\\u00e8s la fin de votre croisi\\u00e8re dans l\\u2019Arctique, c\\u2019est avec plaisir que nous vous offrirons l\\u2019une de nos options \\u00ab\\u2009cl\\u00e9 en main\\u2009\\u00bb. Des activit\\u00e9s remarquables de nos services \\u00ab\\u2009\\u00c0 la carte\\u2009\\u00bb, une visite culturelle unique, l\\u2019h\\u00e9bergement, le transport et la logistique, tout est \\u00e0 notre port\\u00e9e. Des centaines de voyageurs solitaires ainsi que de nombreux groupes ont d\\u00e9j\\u00e0 fait appel \\u00e0 nos services sur mesure, et ils se rappellent encore les exp\\u00e9riences remarquables qui ont marqu\\u00e9 leurs vies.\",\"text_align\":\"justify\"}}]}]}]},{\"type\":\"section\",\"props\":{\"style\":\"default\",\"width\":\"default\",\"vertical_align\":\"middle\",\"title_position\":\"top-left\",\"title_rotation\":\"left\",\"title_breakpoint\":\"xl\",\"image_position\":\"center-center\"},\"children\":[{\"type\":\"row\",\"props\":{\"width\":\"small\",\"margin\":\"default\"},\"children\":[{\"type\":\"column\",\"props\":{\"image_position\":\"center-center\",\"media_overlay_gradient\":\"\",\"style\":\"muted\",\"padding\":\"xsmall\",\"position_sticky_breakpoint\":\"m\"},\"children\":[{\"type\":\"text\",\"props\":{\"margin\":\"default\",\"column_breakpoint\":\"m\",\"content\":\"[wd_hustle id=\\\"5\\\" type=\\\"popup\\\"]NOUS JOINDRE AU SUJET DE CETTE OFFRE[\\\/wd_hustle]\",\"text_align\":\"center\",\"margin_remove_bottom\":true},\"name\":\"\"}]}]}],\"name\":\"Nous joindre\"}],\"version\":\"2.7.22\",\"yooessentialsVersion\":\"1.6.10\"} --><\/p>\n","protected":false},"excerpt":{"rendered":"<p>PROGRAMME SUR MESURE DE PROLONGATION DE S\u00c9JOUR EN ARCTIQUE Programme \u00ab\u2009Prolongez votre s\u00e9jour\u2009\u00bb Vous croyez que votre prochaine visite sera trop courte \u00e0 votre go\u00fbt\u2009? Nous pourrions avoir LA solution pour vous. Laissez notre personnel \u00e9laborer un programme \u00ab\u2009Prolongez votre s\u00e9jour\u2009\u00bb personnalis\u00e9. Que vous souhaitiez ajouter une fin de semaine prolong\u00e9e \u00e0 la fin d\u2019un [&hellip;]<\/p>\n","protected":false},"author":1,"featured_media":0,"parent":2505,"menu_order":0,"comment_status":"closed","ping_status":"closed","template":"","meta":{"footnotes":""},"class_list":["post-2473","page","type-page","status-publish","hentry"],"_links":{"self":[{"href":"https:\/\/inukpakoutfitting.ca\/fr\/wp-json\/wp\/v2\/pages\/2473","targetHints":{"allow":["GET"]}}],"collection":[{"href":"https:\/\/inukpakoutfitting.ca\/fr\/wp-json\/wp\/v2\/pages"}],"about":[{"href":"https:\/\/inukpakoutfitting.ca\/fr\/wp-json\/wp\/v2\/types\/page"}],"author":[{"embeddable":true,"href":"https:\/\/inukpakoutfitting.ca\/fr\/wp-json\/wp\/v2\/users\/1"}],"replies":[{"embeddable":true,"href":"https:\/\/inukpakoutfitting.ca\/fr\/wp-json\/wp\/v2\/comments?post=2473"}],"version-history":[{"count":0,"href":"https:\/\/inukpakoutfitting.ca\/fr\/wp-json\/wp\/v2\/pages\/2473\/revisions"}],"up":[{"embeddable":true,"href":"https:\/\/inukpakoutfitting.ca\/fr\/wp-json\/wp\/v2\/pages\/2505"}],"wp:attachment":[{"href":"https:\/\/inukpakoutfitting.ca\/fr\/wp-json\/wp\/v2\/media?parent=2473"}],"curies":[{"name":"wp","href":"https:\/\/api.w.org\/{rel}","templated":true}]}}