{"id":2474,"date":"2022-01-07T17:23:28","date_gmt":"2022-01-07T17:23:28","guid":{"rendered":"https:\/\/wip.digitalsteam.ca\/inukpak\/event-coordination\/"},"modified":"2022-06-08T11:59:03","modified_gmt":"2022-06-08T11:59:03","slug":"coordination-devenement","status":"publish","type":"page","link":"https:\/\/inukpakoutfitting.ca\/fr\/sur-mesure\/coordination-devenement\/","title":{"rendered":"Coordination d&rsquo;\u00e9v\u00e9nement"},"content":{"rendered":"<h1>PROGRAMME SUR MESURE DE COORDINATION D\u2019\u00c9V\u00c9NEMENTS ARCTIQUE<\/h1>\n<div>Inukpak Outfitting offre une gamme compl\u00e8te de services de planification, de logistique et de coordination d\u2019\u00e9v\u00e9nements aux groupes, aux visiteurs de marque, aux groupes d\u2019entreprises, aux compagnies de navires de croisi\u00e8re et aux productions cin\u00e9matographiques. Nos contacts locaux et avec les acteurs de l\u2019industrie touristique partout au territoire sont des atouts importants.<\/div>\n<h2>Coordination d\u2019\u00e9v\u00e9nements<\/h2>\n<div>\n<p>Rencontrez le personnel d\u00e9vou\u00e9 de notre \u00e9quipe et laissez-nous organiser votre \u00e9v\u00e9nement selon vos crit\u00e8res. Nous d\u00e9passerons vos attentes. Inukpak Outfitting, votre pourvoyeur tout-en-un\u2009!<\/p>\n<p>Depuis ses d\u00e9buts, Inukpak Outfitting a offert des services de coordination d\u2019\u00e9v\u00e9nements et de projets sp\u00e9ciaux \u00e0 de nombreux groupes, dont la r\u00e9union des minist\u00e8res des Finances et des gouverneurs des Banques centrales du G7, l\u2019\u00e9quipe de production de Two Lovers and a Bear, le gouverneur g\u00e9n\u00e9ral du Canada, la soci\u00e9t\u00e9 Canada Goose, BELL et la compagnie de navires de croisi\u00e8re Adventure Canada.<\/p>\n<\/div>\n<div><a href=\"javascript:void(0)\" class=\"hustle_module_shortcode_trigger hustle_module_5 \" data-id=\"5\" data-type=\"popup\">NOUS JOINDRE AU SUJET DE CETTE OFFRE<\/a><\/div>\n<p><!--more--><br \/>\n<!-- {\"name\":\"BKP event coord\",\"type\":\"layout\",\"children\":[{\"type\":\"section\",\"props\":{\"style\":\"muted\",\"width\":\"default\",\"vertical_align\":\"middle\",\"title_position\":\"top-left\",\"title_rotation\":\"left\",\"title_breakpoint\":\"xl\",\"image_position\":\"center-center\",\"padding\":\"xsmall\"},\"children\":[{\"type\":\"row\",\"children\":[{\"type\":\"column\",\"props\":{\"position_sticky_breakpoint\":\"m\",\"image_position\":\"center-center\",\"media_overlay_gradient\":\"\"},\"children\":[{\"type\":\"headline\",\"props\":{\"title_element\":\"h1\",\"content\":\"PROGRAMME SUR MESURE DE COORDINATION D\\u2019\\u00c9V\\u00c9NEMENTS ARCTIQUE\",\"title_style\":\"h3\",\"text_align\":\"left\"},\"name\":\"CATEGORY NAME (H1)\"},{\"type\":\"text\",\"props\":{\"margin\":\"default\",\"column_breakpoint\":\"m\",\"content\":\"Inukpak Outfitting offre une gamme compl\\u00e8te de services de planification, de logistique et de coordination d\\u2019\\u00e9v\\u00e9nements aux groupes, aux visiteurs de marque, aux groupes d\\u2019entreprises, aux compagnies de navires de croisi\\u00e8re et aux productions cin\\u00e9matographiques. Nos contacts locaux et avec les acteurs de l\\u2019industrie touristique partout au territoire sont des atouts importants.\",\"text_color\":\"primary\"}}]}]}],\"name\":\"PAGE CATEGORY AND INTRO\"},{\"name\":\"Event Coordination\",\"type\":\"section\",\"props\":{\"style\":\"default\",\"width\":\"default\",\"image_size\":\"cover\",\"class\":\"\",\"vertical_align\":\"middle\",\"title_position\":\"top-left\",\"title_rotation\":\"left\",\"title_breakpoint\":\"xl\",\"image_position\":\"center-center\"},\"children\":[{\"name\":\"\",\"type\":\"row\",\"children\":[{\"name\":\"\",\"type\":\"column\",\"children\":[{\"name\":\"\",\"type\":\"headline\",\"props\":{\"title_element\":\"h2\",\"content\":\"Coordination d\\u2019\\u00e9v\\u00e9nements\",\"title_style\":\"h2\",\"class\":\"\"}}],\"props\":{\"image_position\":\"center-center\",\"media_overlay_gradient\":\"\",\"width_medium\":\"1-1\",\"position_sticky_breakpoint\":\"m\"}}]},{\"name\":\"\",\"type\":\"row\",\"children\":[{\"name\":\"\",\"type\":\"column\",\"children\":[{\"name\":\"\",\"type\":\"text\",\"props\":{\"column_breakpoint\":\"m\",\"margin\":\"default\",\"content\":\"\n\n<p>Rencontrez le personnel d\\u00e9vou\\u00e9 de notre \\u00e9quipe et laissez-nous organiser votre \\u00e9v\\u00e9nement selon vos crit\\u00e8res. Nous d\\u00e9passerons vos attentes. Inukpak Outfitting, votre pourvoyeur tout-en-un\\u2009!<\\\/p>\\n\n\n<p>Depuis ses d\\u00e9buts, Inukpak Outfitting a offert des services de coordination d\\u2019\\u00e9v\\u00e9nements et de projets sp\\u00e9ciaux \\u00e0 de nombreux groupes, dont la r\\u00e9union des minist\\u00e8res des Finances et des gouverneurs des Banques centrales du G7, l\\u2019\\u00e9quipe de production de Two Lovers and a Bear, le gouverneur g\\u00e9n\\u00e9ral du Canada, la soci\\u00e9t\\u00e9 Canada Goose, BELL et la compagnie de navires de croisi\\u00e8re Adventure Canada.<\\\/p>\",\"text_align\":\"justify\"}}],\"props\":{\"image_position\":\"center-center\",\"media_overlay_gradient\":\"\",\"width_medium\":\"1-1\",\"position_sticky_breakpoint\":\"m\"}}]}]},{\"type\":\"section\",\"props\":{\"style\":\"default\",\"width\":\"default\",\"vertical_align\":\"middle\",\"title_position\":\"top-left\",\"title_rotation\":\"left\",\"title_breakpoint\":\"xl\",\"image_position\":\"center-center\"},\"children\":[{\"type\":\"row\",\"props\":{\"width\":\"small\",\"margin\":\"default\"},\"children\":[{\"type\":\"column\",\"props\":{\"image_position\":\"center-center\",\"media_overlay_gradient\":\"\",\"style\":\"muted\",\"padding\":\"xsmall\",\"position_sticky_breakpoint\":\"m\"},\"children\":[{\"type\":\"text\",\"props\":{\"margin\":\"default\",\"column_breakpoint\":\"m\",\"content\":\"[wd_hustle id=\\\"5\\\" type=\\\"popup\\\"]NOUS JOINDRE AU SUJET DE CETTE OFFRE[\\\/wd_hustle]\",\"text_align\":\"center\",\"margin_remove_bottom\":true},\"name\":\"\"}]}]}],\"name\":\"Nous joindre\"}],\"version\":\"2.7.22\",\"yooessentialsVersion\":\"1.6.10\"} --><\/p>\n","protected":false},"excerpt":{"rendered":"<p>PROGRAMME SUR MESURE DE COORDINATION D\u2019\u00c9V\u00c9NEMENTS ARCTIQUE Inukpak Outfitting offre une gamme compl\u00e8te de services de planification, de logistique et de coordination d\u2019\u00e9v\u00e9nements aux groupes, aux visiteurs de marque, aux groupes d\u2019entreprises, aux compagnies de navires de croisi\u00e8re et aux productions cin\u00e9matographiques. Nos contacts locaux et avec les acteurs de l\u2019industrie touristique partout au territoire [&hellip;]<\/p>\n","protected":false},"author":1,"featured_media":0,"parent":2505,"menu_order":0,"comment_status":"closed","ping_status":"closed","template":"","meta":{"footnotes":""},"class_list":["post-2474","page","type-page","status-publish","hentry"],"_links":{"self":[{"href":"https:\/\/inukpakoutfitting.ca\/fr\/wp-json\/wp\/v2\/pages\/2474","targetHints":{"allow":["GET"]}}],"collection":[{"href":"https:\/\/inukpakoutfitting.ca\/fr\/wp-json\/wp\/v2\/pages"}],"about":[{"href":"https:\/\/inukpakoutfitting.ca\/fr\/wp-json\/wp\/v2\/types\/page"}],"author":[{"embeddable":true,"href":"https:\/\/inukpakoutfitting.ca\/fr\/wp-json\/wp\/v2\/users\/1"}],"replies":[{"embeddable":true,"href":"https:\/\/inukpakoutfitting.ca\/fr\/wp-json\/wp\/v2\/comments?post=2474"}],"version-history":[{"count":0,"href":"https:\/\/inukpakoutfitting.ca\/fr\/wp-json\/wp\/v2\/pages\/2474\/revisions"}],"up":[{"embeddable":true,"href":"https:\/\/inukpakoutfitting.ca\/fr\/wp-json\/wp\/v2\/pages\/2505"}],"wp:attachment":[{"href":"https:\/\/inukpakoutfitting.ca\/fr\/wp-json\/wp\/v2\/media?parent=2474"}],"curies":[{"name":"wp","href":"https:\/\/api.w.org\/{rel}","templated":true}]}}