{"id":2475,"date":"2022-01-07T17:23:06","date_gmt":"2022-01-07T17:23:06","guid":{"rendered":"https:\/\/wip.digitalsteam.ca\/inukpak\/consulting\/"},"modified":"2022-06-08T11:58:49","modified_gmt":"2022-06-08T11:58:49","slug":"service-de-consultation","status":"publish","type":"page","link":"https:\/\/inukpakoutfitting.ca\/fr\/sur-mesure\/service-de-consultation\/","title":{"rendered":"Service de consultation"},"content":{"rendered":"<h1>PROGRAMME SUR MESURE DE CONSULTATION EN ARCTIQUE<\/h1>\n<div>Inukpak Outfitting, un chef de file dans l\u2019Arctique fort de nombreuses ann\u00e9es d\u2019exp\u00e9rience dans l\u2019industrie du tourisme, a accumul\u00e9 au fil du temps une vaste gamme de savoirs dans de nombreux domaines. Lorsque vous nous contactez pour une consultation priv\u00e9e, vous avez acc\u00e8s en quelques heures \u00e0 ce qui nous a pris des ann\u00e9es \u00e0 accumuler.<\/div>\n<h2>Consultation pour une exp\u00e9dition sans guide :<\/h2>\n<div>Asseyez-vous avec l\u2019un de nos guides et posez-lui mille et une questions : destinations, meilleures routes, \u00e9quipement de pr\u00e9dilection, programmes d\u2019entra\u00eenement pr\u00e9alables, climat, etc. Obtenez des r\u00e9ponses qui pourraient autrement vous co\u00fbter de nombreuses heures de recherche sur Internet, ou que vous pourriez apprendre \u00e0 la dure.<\/div>\n<h2>Consultation pour l\u2019\u00e9laboration d\u2019un programme de formation :<\/h2>\n<div>L\u2019\u00e9quipe d\u2019Inukpak a travaill\u00e9 de concert avec l\u2019industrie pour identifier les besoins en formation. Notre \u00e9quipe identifiera des outils et des m\u00e9thodes de formation appropri\u00e9s. Lorsque ceux-ci auront \u00e9t\u00e9 approuv\u00e9s par votre organisme, nous concevrons des solutions d\u2019apprentissage mixte dynamiques et cr\u00e9atives, d\u00e9velopperons des documents de formations adapt\u00e9s \u00e0 plusieurs m\u00e9thodes de livraison et animerons des sessions de formation dynamiques.\n<\/div>\n<h2>Consultation sur le d\u00e9veloppement de l\u2019industrie touristique :<\/h2>\n<div>Comme nous avons planifi\u00e9, d\u00e9velopp\u00e9 et promu tous les programmes de tourisme et de plein air d\u2019Inukpak Outfitting, nous sommes en mesure d\u2019offrir des services de consultation et de conseil professionnel sur les solutions, meilleures pratiques et les strat\u00e9gies menant \u00e0 la mise au point et \u00e0 la mise en place fructueuse de projets et programmes touristiques au Nunavut : d\u2019un acteur de l\u2019industrie \u00e0 l\u2019autre, les m\u00eames r\u00e9alit\u00e9s dans le m\u00eame langage.\n<\/div>\n<div><a href=\"javascript:void(0)\" class=\"hustle_module_shortcode_trigger hustle_module_5 \" data-id=\"5\" data-type=\"popup\">NOUS JOINDRE AU SUJET DE CETTE OFFRE<\/a><\/div>\n<p><!--more--><br \/>\n<!-- {\"name\":\"BKP Consulting\",\"type\":\"layout\",\"children\":[{\"type\":\"section\",\"props\":{\"style\":\"muted\",\"width\":\"default\",\"vertical_align\":\"middle\",\"title_position\":\"top-left\",\"title_rotation\":\"left\",\"title_breakpoint\":\"xl\",\"image_position\":\"center-center\",\"padding\":\"xsmall\"},\"children\":[{\"type\":\"row\",\"children\":[{\"type\":\"column\",\"props\":{\"position_sticky_breakpoint\":\"m\",\"image_position\":\"center-center\",\"media_overlay_gradient\":\"\"},\"children\":[{\"type\":\"headline\",\"props\":{\"title_element\":\"h1\",\"content\":\"PROGRAMME SUR MESURE DE CONSULTATION EN ARCTIQUE\",\"title_style\":\"h3\",\"text_align\":\"left\"},\"name\":\"CATEGORY NAME (H1)\"},{\"type\":\"text\",\"props\":{\"margin\":\"default\",\"column_breakpoint\":\"m\",\"content\":\"Inukpak Outfitting, un chef de file dans l\\u2019Arctique fort de nombreuses ann\\u00e9es d\\u2019exp\\u00e9rience dans l\\u2019industrie du tourisme, a accumul\\u00e9 au fil du temps une vaste gamme de savoirs dans de nombreux domaines. Lorsque vous nous contactez pour une consultation priv\\u00e9e, vous avez acc\\u00e8s en quelques heures \\u00e0 ce qui nous a pris des ann\\u00e9es \\u00e0 accumuler.\",\"text_color\":\"primary\"}}]}]}],\"name\":\"PAGE CATEGORY AND INTRO\"},{\"name\":\"\",\"type\":\"section\",\"props\":{\"style\":\"default\",\"width\":\"default\",\"image_size\":\"cover\",\"class\":\"\",\"vertical_align\":\"middle\",\"title_position\":\"top-left\",\"title_rotation\":\"left\",\"title_breakpoint\":\"xl\",\"image_position\":\"center-center\"},\"children\":[{\"name\":\"\",\"type\":\"row\",\"children\":[{\"name\":\"\",\"type\":\"column\",\"children\":[{\"type\":\"headline\",\"props\":{\"title_element\":\"h2\",\"content\":\"Consultation pour une exp\\u00e9dition sans guide :\",\"title_style\":\"h2\"}},{\"name\":\"\",\"type\":\"text\",\"props\":{\"column_breakpoint\":\"m\",\"margin\":\"default\",\"content\":\"Asseyez-vous avec l\\u2019un de nos guides et posez-lui mille et une questions : destinations, meilleures routes, \\u00e9quipement de pr\\u00e9dilection, programmes d\\u2019entra\\u00eenement pr\\u00e9alables, climat, etc. Obtenez des r\\u00e9ponses qui pourraient autrement vous co\\u00fbter de nombreuses heures de recherche sur Internet, ou que vous pourriez apprendre \\u00e0 la dure.\",\"text_align\":\"justify\"}}],\"props\":{\"image_position\":\"center-center\",\"media_overlay_gradient\":\"\",\"width_medium\":\"1-1\",\"position_sticky_breakpoint\":\"m\"}}]}]},{\"name\":\"\",\"type\":\"section\",\"props\":{\"style\":\"default\",\"width\":\"default\",\"image_size\":\"cover\",\"class\":\"\",\"vertical_align\":\"middle\",\"title_position\":\"top-left\",\"title_rotation\":\"left\",\"title_breakpoint\":\"xl\",\"image_position\":\"center-center\"},\"children\":[{\"name\":\"\",\"type\":\"row\",\"children\":[{\"name\":\"\",\"type\":\"column\",\"children\":[{\"type\":\"headline\",\"props\":{\"title_element\":\"h2\",\"content\":\"Consultation pour l\\u2019\\u00e9laboration d\\u2019un programme de formation :\",\"title_style\":\"h2\"}},{\"name\":\"\",\"type\":\"text\",\"props\":{\"column_breakpoint\":\"m\",\"margin\":\"default\",\"content\":\"L\\u2019\\u00e9quipe d\\u2019Inukpak a travaill\\u00e9 de concert avec l\\u2019industrie pour identifier les besoins en formation. Notre \\u00e9quipe identifiera des outils et des m\\u00e9thodes de formation appropri\\u00e9s. Lorsque ceux-ci auront \\u00e9t\\u00e9 approuv\\u00e9s par votre organisme, nous concevrons des solutions d\\u2019apprentissage mixte dynamiques et cr\\u00e9atives, d\\u00e9velopperons des documents de formations adapt\\u00e9s \\u00e0 plusieurs m\\u00e9thodes de livraison et animerons des sessions de formation dynamiques.\\n\",\"text_align\":\"justify\"}}],\"props\":{\"image_position\":\"center-center\",\"media_overlay_gradient\":\"\",\"width_medium\":\"1-1\",\"position_sticky_breakpoint\":\"m\"}}]}]},{\"name\":\"\",\"type\":\"section\",\"props\":{\"style\":\"default\",\"width\":\"default\",\"image_size\":\"cover\",\"class\":\"\",\"vertical_align\":\"middle\",\"title_position\":\"top-left\",\"title_rotation\":\"left\",\"title_breakpoint\":\"xl\",\"image_position\":\"center-center\"},\"children\":[{\"name\":\"\",\"type\":\"row\",\"children\":[{\"name\":\"\",\"type\":\"column\",\"children\":[{\"type\":\"headline\",\"props\":{\"title_element\":\"h2\",\"content\":\"Consultation sur le d\\u00e9veloppement de l\\u2019industrie touristique :\",\"title_style\":\"h2\"}},{\"name\":\"\",\"type\":\"text\",\"props\":{\"column_breakpoint\":\"m\",\"margin\":\"default\",\"content\":\"Comme nous avons planifi\\u00e9, d\\u00e9velopp\\u00e9 et promu tous les programmes de tourisme et de plein air d\\u2019Inukpak Outfitting, nous sommes en mesure d\\u2019offrir des services de consultation et de conseil professionnel sur les solutions, meilleures pratiques et les strat\\u00e9gies menant \\u00e0 la mise au point et \\u00e0 la mise en place fructueuse de projets et programmes touristiques au Nunavut : d\\u2019un acteur de l\\u2019industrie \\u00e0 l\\u2019autre, les m\\u00eames r\\u00e9alit\\u00e9s dans le m\\u00eame langage.\\n\",\"text_align\":\"justify\"}}],\"props\":{\"image_position\":\"center-center\",\"media_overlay_gradient\":\"\",\"width_medium\":\"1-1\",\"position_sticky_breakpoint\":\"m\"}}]}]},{\"type\":\"section\",\"props\":{\"style\":\"default\",\"width\":\"default\",\"vertical_align\":\"middle\",\"title_position\":\"top-left\",\"title_rotation\":\"left\",\"title_breakpoint\":\"xl\",\"image_position\":\"center-center\"},\"children\":[{\"type\":\"row\",\"props\":{\"width\":\"small\",\"margin\":\"default\"},\"children\":[{\"type\":\"column\",\"props\":{\"image_position\":\"center-center\",\"media_overlay_gradient\":\"\",\"style\":\"muted\",\"padding\":\"xsmall\",\"position_sticky_breakpoint\":\"m\"},\"children\":[{\"type\":\"text\",\"props\":{\"margin\":\"default\",\"column_breakpoint\":\"m\",\"content\":\"[wd_hustle id=\\\"5\\\" type=\\\"popup\\\"]NOUS JOINDRE AU SUJET DE CETTE OFFRE[\\\/wd_hustle]\",\"text_align\":\"center\",\"margin_remove_bottom\":true},\"name\":\"\"}]}]}],\"name\":\"Nous joindre\"}],\"version\":\"2.7.22\",\"yooessentialsVersion\":\"1.6.10\"} --><\/p>\n","protected":false},"excerpt":{"rendered":"<p>PROGRAMME SUR MESURE DE CONSULTATION EN ARCTIQUE Inukpak Outfitting, un chef de file dans l\u2019Arctique fort de nombreuses ann\u00e9es d\u2019exp\u00e9rience dans l\u2019industrie du tourisme, a accumul\u00e9 au fil du temps une vaste gamme de savoirs dans de nombreux domaines. Lorsque vous nous contactez pour une consultation priv\u00e9e, vous avez acc\u00e8s en quelques heures \u00e0 ce [&hellip;]<\/p>\n","protected":false},"author":1,"featured_media":0,"parent":2505,"menu_order":0,"comment_status":"closed","ping_status":"closed","template":"","meta":{"footnotes":""},"class_list":["post-2475","page","type-page","status-publish","hentry"],"_links":{"self":[{"href":"https:\/\/inukpakoutfitting.ca\/fr\/wp-json\/wp\/v2\/pages\/2475","targetHints":{"allow":["GET"]}}],"collection":[{"href":"https:\/\/inukpakoutfitting.ca\/fr\/wp-json\/wp\/v2\/pages"}],"about":[{"href":"https:\/\/inukpakoutfitting.ca\/fr\/wp-json\/wp\/v2\/types\/page"}],"author":[{"embeddable":true,"href":"https:\/\/inukpakoutfitting.ca\/fr\/wp-json\/wp\/v2\/users\/1"}],"replies":[{"embeddable":true,"href":"https:\/\/inukpakoutfitting.ca\/fr\/wp-json\/wp\/v2\/comments?post=2475"}],"version-history":[{"count":0,"href":"https:\/\/inukpakoutfitting.ca\/fr\/wp-json\/wp\/v2\/pages\/2475\/revisions"}],"up":[{"embeddable":true,"href":"https:\/\/inukpakoutfitting.ca\/fr\/wp-json\/wp\/v2\/pages\/2505"}],"wp:attachment":[{"href":"https:\/\/inukpakoutfitting.ca\/fr\/wp-json\/wp\/v2\/media?parent=2475"}],"curies":[{"name":"wp","href":"https:\/\/api.w.org\/{rel}","templated":true}]}}