{"id":2476,"date":"2022-01-07T17:22:29","date_gmt":"2022-01-07T17:22:29","guid":{"rendered":"https:\/\/wip.digitalsteam.ca\/inukpak\/cultural-and-inuit-qaujimajatuqangit-days\/"},"modified":"2022-06-08T11:58:12","modified_gmt":"2022-06-08T11:58:12","slug":"journees-culturelles-et-inuit-qaujimajatuqangit","status":"publish","type":"page","link":"https:\/\/inukpakoutfitting.ca\/fr\/sur-mesure\/journees-culturelles-et-inuit-qaujimajatuqangit\/","title":{"rendered":"Journ\u00e9es culturelles et Inuit Qaujimajatuqangit"},"content":{"rendered":"<h1>PROGRAMME SUR MESURE CULTURELLES EN ARCTIQUE<\/h1>\n<div>Inukpak Outfitting a d\u00e9velopp\u00e9, au fil des ans, de nombreux services qui mettent ces valeurs sociales inuit en premier plan. \u00c0 l\u2019aide d\u2019activit\u00e9s \u00ab\u2009culturelles IQ\u2009\u00bb amusantes et inoubliables, plongez vos coll\u00e8gues dans la culture inuit, leur permettant ainsi de tisser des liens entre eux et de s\u2019ouvrir \u00e0 ces valeurs sociales inuit essentielles.<\/div>\n<h2>Journ\u00e9es culturelles et Inuit Qaujimajatuqangit<\/h2>\n<div>Depuis sa cr\u00e9ation, huit valeurs sociales inuit ont contribu\u00e9 \u00e0 guider le Nunavut :\n<\/div>\n<ul>\n<li>\n<div>Inuuqatigiitsiarniq : respect de l\u2019autre, rapports avec l\u2019autre et compassion envers les autres.<\/div>\n<\/li>\n<li>\n<div>Tunnganarniq : promouvoir un bon \u00e9tat d\u2019esprit en \u00e9tant ouvert, accueillant et int\u00e9grateur.<\/div>\n<\/li>\n<li>\n<div>Pijitsirniq : servir la famille et la communaut\u00e9.<\/div>\n<\/li>\n<li>\n<div>Aajiiqatigiinniq : discuter et d\u00e9velopper des consensus pour la prise de d\u00e9cision.<\/div>\n<\/li>\n<li>\n<div>Pilimmaksarniq\/Pijariuqsarniq : le d\u00e9veloppement des comp\u00e9tences par la pratique, l\u2019effort et l\u2019action.<\/div>\n<\/li>\n<li>\n<div>Piliriqatigiinniq\/Ikajuqtigiinniq : travailler ensemble dans un but commun.<\/div>\n<\/li>\n<li>\n<div>Qanuqtuurniq : novation et ing\u00e9niosit\u00e9 dans la recherche de solutions.<\/div>\n<\/li>\n<li>\n<div>Avatittinnik Kamatsiarniq : respect et soin de la terre, de la faune et de l\u2019environnement.<\/div>\n<\/li>\n<\/ul>\n<h3>Services disponibles :<\/h3>\n<ul>\n<li>\n<div>Tours guid\u00e9s historiques et culturels (en autobus)\n<\/div>\n<\/li>\n<li>\n<div>Excursions guid\u00e9es de p\u00eache sur la glace pour groupes (en motoneige)\n<\/div>\n<\/li>\n<li>\n<div>Ateliers de construction d\u2019igloos pour groupes<\/div>\n<\/li>\n<\/ul>\n<div><a href=\"javascript:void(0)\" class=\"hustle_module_shortcode_trigger hustle_module_5 \" data-id=\"5\" data-type=\"popup\">NOUS JOINDRE AU SUJET DE CETTE OFFRE<\/a><\/div>\n<p><!--more--><br \/>\n<!-- {\"name\":\"BKP Cultural\",\"type\":\"layout\",\"children\":[{\"type\":\"section\",\"props\":{\"style\":\"muted\",\"width\":\"default\",\"vertical_align\":\"middle\",\"title_position\":\"top-left\",\"title_rotation\":\"left\",\"title_breakpoint\":\"xl\",\"image_position\":\"center-center\",\"padding\":\"xsmall\"},\"children\":[{\"type\":\"row\",\"children\":[{\"type\":\"column\",\"props\":{\"position_sticky_breakpoint\":\"m\",\"image_position\":\"center-center\",\"media_overlay_gradient\":\"\"},\"children\":[{\"type\":\"headline\",\"props\":{\"title_element\":\"h1\",\"content\":\"PROGRAMME SUR MESURE CULTURELLES EN ARCTIQUE\",\"title_style\":\"h3\",\"text_align\":\"left\"},\"name\":\"CATEGORY NAME (H1)\"},{\"type\":\"text\",\"props\":{\"margin\":\"default\",\"column_breakpoint\":\"m\",\"content\":\"Inukpak Outfitting a d\\u00e9velopp\\u00e9, au fil des ans, de nombreux services qui mettent ces valeurs sociales inuit en premier plan. \\u00c0 l\\u2019aide d\\u2019activit\\u00e9s \\u00ab\\u2009culturelles IQ\\u2009\\u00bb amusantes et inoubliables, plongez vos coll\\u00e8gues dans la culture inuit, leur permettant ainsi de tisser des liens entre eux et de s\\u2019ouvrir \\u00e0 ces valeurs sociales inuit essentielles.\",\"text_color\":\"primary\"}}]}]}],\"name\":\"PAGE CATEGORY AND INTRO\"},{\"name\":\"Cultural and Inuit Qaujimajatungangit Days\",\"type\":\"section\",\"props\":{\"style\":\"default\",\"width\":\"default\",\"image_size\":\"cover\",\"class\":\"\",\"vertical_align\":\"middle\",\"title_position\":\"top-left\",\"title_rotation\":\"left\",\"title_breakpoint\":\"xl\",\"image_position\":\"center-center\"},\"children\":[{\"name\":\"\",\"type\":\"row\",\"children\":[{\"name\":\"\",\"type\":\"column\",\"children\":[{\"type\":\"headline\",\"props\":{\"title_element\":\"h2\",\"content\":\"Journ\\u00e9es culturelles et Inuit Qaujimajatuqangit\",\"css\":\".el-element {\\n  text-transform: uppercase;\\n}\\n\",\"title_style\":\"h2\"}},{\"name\":\"\",\"type\":\"text\",\"props\":{\"column_breakpoint\":\"m\",\"margin\":\"default\",\"content\":\"Depuis sa cr\\u00e9ation, huit valeurs sociales inuit ont contribu\\u00e9 \\u00e0 guider le Nunavut :\\n\"}},{\"name\":\"\",\"type\":\"list\",\"props\":{\"image_align\":\"left\",\"image\":true,\"content_style\":null,\"show_image\":true,\"show_link\":true,\"image_svg_color\":\"emphasis\",\"image_vertical_align\":true,\"list_marker\":\"bullet\",\"list_size\":\"\",\"list_type\":\"vertical\",\"list_element\":\"ul\",\"list_horizontal_separator\":\", \",\"column_breakpoint\":\"m\"},\"children\":[{\"name\":\"\",\"type\":\"list_item\",\"props\":{\"content\":\"Inuuqatigiitsiarniq : respect de l\\u2019autre, rapports avec l\\u2019autre et compassion envers les autres.\"}},{\"type\":\"list_item\",\"props\":{\"content\":\"Tunnganarniq : promouvoir un bon \\u00e9tat d\\u2019esprit en \\u00e9tant ouvert, accueillant et int\\u00e9grateur.\"}},{\"type\":\"list_item\",\"props\":{\"content\":\"Pijitsirniq : servir la famille et la communaut\\u00e9.\"}},{\"type\":\"list_item\",\"props\":{\"content\":\"Aajiiqatigiinniq : discuter et d\\u00e9velopper des consensus pour la prise de d\\u00e9cision.\"}},{\"type\":\"list_item\",\"props\":{\"content\":\"Pilimmaksarniq\\\/Pijariuqsarniq : le d\\u00e9veloppement des comp\\u00e9tences par la pratique, l\\u2019effort et l\\u2019action.\"}},{\"type\":\"list_item\",\"props\":{\"content\":\"Piliriqatigiinniq\\\/Ikajuqtigiinniq : travailler ensemble dans un but commun.\"}},{\"type\":\"list_item\",\"props\":{\"content\":\"Qanuqtuurniq : novation et ing\\u00e9niosit\\u00e9 dans la recherche de solutions.\"}},{\"type\":\"list_item\",\"props\":{\"content\":\"Avatittinnik Kamatsiarniq : respect et soin de la terre, de la faune et de l\\u2019environnement.\"}}]}],\"props\":{\"image_position\":\"center-center\",\"media_overlay_gradient\":\"\",\"width_medium\":\"1-1\",\"position_sticky_breakpoint\":\"m\"}}]},{\"name\":\"\",\"type\":\"row\",\"children\":[{\"name\":\"\",\"type\":\"column\",\"children\":[{\"name\":\"\",\"type\":\"headline\",\"props\":{\"title_element\":\"h3\",\"content\":\"Services disponibles :\",\"title_style\":\"h3\"}},{\"name\":\"\",\"type\":\"list\",\"props\":{\"image_align\":\"left\",\"image\":true,\"content_style\":null,\"show_image\":true,\"show_link\":true,\"image_svg_color\":\"emphasis\",\"image_vertical_align\":true,\"list_marker\":\"bullet\",\"list_size\":\"\",\"list_type\":\"vertical\",\"list_element\":\"ul\",\"list_horizontal_separator\":\", \",\"column_breakpoint\":\"m\"},\"children\":[{\"name\":\"\",\"type\":\"list_item\",\"props\":{\"content\":\"Tours guid\\u00e9s historiques et culturels (en autobus)\\n\"}},{\"type\":\"list_item\",\"props\":{\"content\":\"Excursions guid\\u00e9es de p\\u00eache sur la glace pour groupes (en motoneige)\\n\"}},{\"type\":\"list_item\",\"props\":{\"content\":\"Ateliers de construction d\\u2019igloos pour groupes\"}}]}],\"props\":{\"image_position\":\"center-center\",\"media_overlay_gradient\":\"\",\"width_medium\":\"1-1\",\"position_sticky_breakpoint\":\"m\"}}]}]},{\"type\":\"section\",\"props\":{\"style\":\"default\",\"width\":\"default\",\"vertical_align\":\"middle\",\"title_position\":\"top-left\",\"title_rotation\":\"left\",\"title_breakpoint\":\"xl\",\"image_position\":\"center-center\"},\"children\":[{\"type\":\"row\",\"props\":{\"width\":\"small\",\"margin\":\"default\"},\"children\":[{\"type\":\"column\",\"props\":{\"image_position\":\"center-center\",\"media_overlay_gradient\":\"\",\"style\":\"muted\",\"padding\":\"xsmall\",\"position_sticky_breakpoint\":\"m\"},\"children\":[{\"type\":\"text\",\"props\":{\"margin\":\"default\",\"column_breakpoint\":\"m\",\"content\":\"[wd_hustle id=\\\"5\\\" type=\\\"popup\\\"]NOUS JOINDRE AU SUJET DE CETTE OFFRE[\\\/wd_hustle]\",\"text_align\":\"center\",\"margin_remove_bottom\":true},\"name\":\"\"}]}]}],\"name\":\"Nous joindre\"}],\"version\":\"2.7.22\",\"yooessentialsVersion\":\"1.6.10\"} --><\/p>\n","protected":false},"excerpt":{"rendered":"<p>PROGRAMME SUR MESURE CULTURELLES EN ARCTIQUE Inukpak Outfitting a d\u00e9velopp\u00e9, au fil des ans, de nombreux services qui mettent ces valeurs sociales inuit en premier plan. \u00c0 l\u2019aide d\u2019activit\u00e9s \u00ab\u2009culturelles IQ\u2009\u00bb amusantes et inoubliables, plongez vos coll\u00e8gues dans la culture inuit, leur permettant ainsi de tisser des liens entre eux et de s\u2019ouvrir \u00e0 ces [&hellip;]<\/p>\n","protected":false},"author":1,"featured_media":0,"parent":2505,"menu_order":0,"comment_status":"closed","ping_status":"closed","template":"","meta":{"footnotes":""},"class_list":["post-2476","page","type-page","status-publish","hentry"],"_links":{"self":[{"href":"https:\/\/inukpakoutfitting.ca\/fr\/wp-json\/wp\/v2\/pages\/2476","targetHints":{"allow":["GET"]}}],"collection":[{"href":"https:\/\/inukpakoutfitting.ca\/fr\/wp-json\/wp\/v2\/pages"}],"about":[{"href":"https:\/\/inukpakoutfitting.ca\/fr\/wp-json\/wp\/v2\/types\/page"}],"author":[{"embeddable":true,"href":"https:\/\/inukpakoutfitting.ca\/fr\/wp-json\/wp\/v2\/users\/1"}],"replies":[{"embeddable":true,"href":"https:\/\/inukpakoutfitting.ca\/fr\/wp-json\/wp\/v2\/comments?post=2476"}],"version-history":[{"count":0,"href":"https:\/\/inukpakoutfitting.ca\/fr\/wp-json\/wp\/v2\/pages\/2476\/revisions"}],"up":[{"embeddable":true,"href":"https:\/\/inukpakoutfitting.ca\/fr\/wp-json\/wp\/v2\/pages\/2505"}],"wp:attachment":[{"href":"https:\/\/inukpakoutfitting.ca\/fr\/wp-json\/wp\/v2\/media?parent=2476"}],"curies":[{"name":"wp","href":"https:\/\/api.w.org\/{rel}","templated":true}]}}