{"id":2477,"date":"2022-01-07T17:22:01","date_gmt":"2022-01-07T17:22:01","guid":{"rendered":"https:\/\/wip.digitalsteam.ca\/inukpak\/cruise-ship-logistical-services\/"},"modified":"2022-06-08T11:57:53","modified_gmt":"2022-06-08T11:57:53","slug":"services-logistiques-pour-les-navires-de-croisiere","status":"publish","type":"page","link":"https:\/\/inukpakoutfitting.ca\/fr\/sur-mesure\/services-logistiques-pour-les-navires-de-croisiere\/","title":{"rendered":"Services logistiques pour les navires de croisi\u00e8re"},"content":{"rendered":"<h1>PROGRAMME SUR MESURE POUR LOGISTIQUE DE NAVIRE EN ARCTIQUE<\/h1>\n<h2>Services logistiques pour les navires de croisi\u00e8re<\/h2>\n<div>Tout ce dont vous avez besoin sous un seul toit\u2009! Inukpak Outfitting, un leader en la mati\u00e8re, a offert des services aux navires de croisi\u00e8re faisant escale \u00e0 Iqaluit depuis le tout d\u00e9but. Que vous visitiez notre communaut\u00e9 pour quelques heures ou que vous proc\u00e9diez au transfert de vos passagers \u00e0 l\u2019aide de notre a\u00e9roport international, nous nous assurerons que votre passage dans la capitale du Nunavut sera m\u00e9morable. Demandez \u00e0 notre personnel de vous aider \u00e0 d\u00e9velopper un programme et des services qui d\u00e9passeront vos attentes. Un service \u00e0 la client\u00e8le flexible, de haute qualit\u00e9 et une atmosph\u00e8re accueillante ne sont que quelques une de nos caract\u00e9ristiques. Veuillez de plus noter que Inukpak Outfitting sera votre \u00ab Occasional Marine Facility Officer \u00bb (tel que requis par la r\u00e9glementation sur la s\u00fbret\u00e9 maritime de Transport Canada) lors de votre s\u00e9jour.<\/div>\n<h3>Services disponibles :<\/h3>\n<ul>\n<li>\n<div>Tours guid\u00e9s historiques et culturels (en autobus)\n<\/div>\n<\/li>\n<li>\n<div>Visite du mus\u00e9e Nunatta Sunakkutaangit, du centre des visiteurs Unikkaarvik, de l\u2019Assembl\u00e9e l\u00e9gislative du Nunavut et de galeries d\u2019art.\n<\/div>\n<\/li>\n<li>\n<div>Tours guid\u00e9s\n<\/div>\n<\/li>\n<li>\n<div>Prestations artistiques (danse du tambour, chants de gorge, d\u00e9fil\u00e9 de mode de v\u00eatements traditionnels, etc.)\n<\/div>\n<\/li>\n<li>\n<div>Service de traiteur (repas et collations)\n<\/div>\n<\/li>\n<li>\n<div>Logistique terrestre\n<\/div>\n<\/li>\n<li>\n<div>Manutention du fret et des bagages\n<\/div>\n<\/li>\n<li>\n<div>Transferts de et vers l\u2019a\u00e9roport\n<\/div>\n<\/li>\n<li>\n<div>Logistique \u00ab Occasionnal Marine Facility\u00bb, Transport Canada<\/div>\n<\/li>\n<\/ul>\n<div><a href=\"javascript:void(0)\" class=\"hustle_module_shortcode_trigger hustle_module_5 \" data-id=\"5\" data-type=\"popup\">NOUS JOINDRE AU SUJET DE CETTE OFFRE<\/a><\/div>\n<p><!--more--><br \/>\n<!-- {\"name\":\"BKP Cruise ships\",\"type\":\"layout\",\"children\":[{\"type\":\"section\",\"props\":{\"style\":\"muted\",\"width\":\"default\",\"vertical_align\":\"middle\",\"title_position\":\"top-left\",\"title_rotation\":\"left\",\"title_breakpoint\":\"xl\",\"image_position\":\"center-center\",\"padding\":\"xsmall\"},\"children\":[{\"type\":\"row\",\"children\":[{\"type\":\"column\",\"props\":{\"position_sticky_breakpoint\":\"m\",\"image_position\":\"center-center\",\"media_overlay_gradient\":\"\"},\"children\":[{\"type\":\"headline\",\"props\":{\"title_element\":\"h1\",\"content\":\"PROGRAMME SUR MESURE POUR LOGISTIQUE DE NAVIRE EN ARCTIQUE\",\"title_style\":\"h3\",\"text_align\":\"left\",\"title_color\":\"secondary\",\"title_decoration\":\"bullet\"},\"name\":\"CATEGORY NAME (H1)\"}]}]}],\"name\":\"PAGE CATEGORY\"},{\"name\":\"Cruise Ship Logistical Services\",\"type\":\"section\",\"props\":{\"style\":\"default\",\"width\":\"default\",\"image_size\":\"cover\",\"class\":\"\",\"vertical_align\":\"middle\",\"title_position\":\"top-left\",\"title_rotation\":\"left\",\"title_breakpoint\":\"xl\",\"image_position\":\"center-center\"},\"children\":[{\"name\":\"\",\"type\":\"row\",\"children\":[{\"name\":\"\",\"type\":\"column\",\"children\":[{\"type\":\"headline\",\"props\":{\"title_element\":\"h2\",\"content\":\"Services logistiques pour les navires de croisi\\u00e8re\",\"title_style\":\"h2\",\"css\":\".el-element {\\n  text-transform: uppercase;\\n}\\n\"}},{\"name\":\"\",\"type\":\"text\",\"props\":{\"column_breakpoint\":\"m\",\"margin\":\"default\",\"content\":\"Tout ce dont vous avez besoin sous un seul toit\\u2009! Inukpak Outfitting, un leader en la mati\\u00e8re, a offert des services aux navires de croisi\\u00e8re faisant escale \\u00e0 Iqaluit depuis le tout d\\u00e9but. Que vous visitiez notre communaut\\u00e9 pour quelques heures ou que vous proc\\u00e9diez au transfert de vos passagers \\u00e0 l\\u2019aide de notre a\\u00e9roport international, nous nous assurerons que votre passage dans la capitale du Nunavut sera m\\u00e9morable. Demandez \\u00e0 notre personnel de vous aider \\u00e0 d\\u00e9velopper un programme et des services qui d\\u00e9passeront vos attentes. Un service \\u00e0 la client\\u00e8le flexible, de haute qualit\\u00e9 et une atmosph\\u00e8re accueillante ne sont que quelques une de nos caract\\u00e9ristiques. Veuillez de plus noter que Inukpak Outfitting sera votre \\u00ab Occasional Marine Facility Officer \\u00bb (tel que requis par la r\\u00e9glementation sur la s\\u00fbret\\u00e9 maritime de Transport Canada) lors de votre s\\u00e9jour.\",\"text_align\":\"justify\"}}],\"props\":{\"image_position\":\"center-center\",\"media_overlay_gradient\":\"\",\"width_medium\":\"1-1\",\"position_sticky_breakpoint\":\"m\"}}]},{\"name\":\"\",\"type\":\"row\",\"children\":[{\"name\":\"\",\"type\":\"column\",\"children\":[{\"name\":\"\",\"type\":\"headline\",\"props\":{\"title_element\":\"h3\",\"content\":\"Services disponibles :\",\"title_style\":\"h3\"}},{\"name\":\"\",\"type\":\"list\",\"props\":{\"image_align\":\"left\",\"image\":true,\"content_style\":null,\"show_image\":true,\"show_link\":true,\"image_svg_color\":\"emphasis\",\"image_vertical_align\":true,\"list_marker\":\"bullet\",\"list_size\":\"\",\"list_element\":\"ul\",\"column_breakpoint\":\"m\",\"list_type\":\"vertical\",\"list_horizontal_separator\":\", \"},\"children\":[{\"name\":\"\",\"type\":\"list_item\",\"props\":{\"content\":\"Tours guid\\u00e9s historiques et culturels (en autobus)\\n\"}},{\"type\":\"list_item\",\"props\":{\"content\":\"Visite du mus\\u00e9e Nunatta Sunakkutaangit, du centre des visiteurs Unikkaarvik, de l\\u2019Assembl\\u00e9e l\\u00e9gislative du Nunavut et de galeries d\\u2019art.\\n\"}},{\"type\":\"list_item\",\"props\":{\"content\":\"Tours guid\\u00e9s\\n\"}},{\"type\":\"list_item\",\"props\":{\"content\":\"Prestations artistiques (danse du tambour, chants de gorge, d\\u00e9fil\\u00e9 de mode de v\\u00eatements traditionnels, etc.)\\n\"}},{\"type\":\"list_item\",\"props\":{\"content\":\"Service de traiteur (repas et collations)\\n\"}},{\"type\":\"list_item\",\"props\":{\"content\":\"Logistique terrestre\\n\"}},{\"type\":\"list_item\",\"props\":{\"content\":\"Manutention du fret et des bagages\\n\"}},{\"type\":\"list_item\",\"props\":{\"content\":\"Transferts de et vers l\\u2019a\\u00e9roport\\n\"}},{\"type\":\"list_item\",\"props\":{\"content\":\"Logistique \\u00ab Occasionnal Marine Facility\\u00bb, Transport Canada\"}}]}],\"props\":{\"image_position\":\"center-center\",\"media_overlay_gradient\":\"\",\"width_medium\":\"1-1\",\"position_sticky_breakpoint\":\"m\"}}]}]},{\"type\":\"section\",\"props\":{\"style\":\"default\",\"width\":\"default\",\"vertical_align\":\"middle\",\"title_position\":\"top-left\",\"title_rotation\":\"left\",\"title_breakpoint\":\"xl\",\"image_position\":\"center-center\"},\"children\":[{\"type\":\"row\",\"props\":{\"width\":\"small\",\"margin\":\"default\"},\"children\":[{\"type\":\"column\",\"props\":{\"image_position\":\"center-center\",\"media_overlay_gradient\":\"\",\"style\":\"muted\",\"padding\":\"xsmall\",\"position_sticky_breakpoint\":\"m\"},\"children\":[{\"type\":\"text\",\"props\":{\"margin\":\"default\",\"column_breakpoint\":\"m\",\"content\":\"[wd_hustle id=\\\"5\\\" type=\\\"popup\\\"]NOUS JOINDRE AU SUJET DE CETTE OFFRE[\\\/wd_hustle]\",\"text_align\":\"center\",\"margin_remove_bottom\":true},\"name\":\"\"}]}]}],\"name\":\"Nous joindre\"}],\"version\":\"2.7.22\",\"yooessentialsVersion\":\"1.6.10\"} --><\/p>\n","protected":false},"excerpt":{"rendered":"<p>PROGRAMME SUR MESURE POUR LOGISTIQUE DE NAVIRE EN ARCTIQUE Services logistiques pour les navires de croisi\u00e8re Tout ce dont vous avez besoin sous un seul toit\u2009! Inukpak Outfitting, un leader en la mati\u00e8re, a offert des services aux navires de croisi\u00e8re faisant escale \u00e0 Iqaluit depuis le tout d\u00e9but. Que vous visitiez notre communaut\u00e9 pour [&hellip;]<\/p>\n","protected":false},"author":1,"featured_media":0,"parent":2505,"menu_order":0,"comment_status":"closed","ping_status":"closed","template":"","meta":{"footnotes":""},"class_list":["post-2477","page","type-page","status-publish","hentry"],"_links":{"self":[{"href":"https:\/\/inukpakoutfitting.ca\/fr\/wp-json\/wp\/v2\/pages\/2477","targetHints":{"allow":["GET"]}}],"collection":[{"href":"https:\/\/inukpakoutfitting.ca\/fr\/wp-json\/wp\/v2\/pages"}],"about":[{"href":"https:\/\/inukpakoutfitting.ca\/fr\/wp-json\/wp\/v2\/types\/page"}],"author":[{"embeddable":true,"href":"https:\/\/inukpakoutfitting.ca\/fr\/wp-json\/wp\/v2\/users\/1"}],"replies":[{"embeddable":true,"href":"https:\/\/inukpakoutfitting.ca\/fr\/wp-json\/wp\/v2\/comments?post=2477"}],"version-history":[{"count":0,"href":"https:\/\/inukpakoutfitting.ca\/fr\/wp-json\/wp\/v2\/pages\/2477\/revisions"}],"up":[{"embeddable":true,"href":"https:\/\/inukpakoutfitting.ca\/fr\/wp-json\/wp\/v2\/pages\/2505"}],"wp:attachment":[{"href":"https:\/\/inukpakoutfitting.ca\/fr\/wp-json\/wp\/v2\/media?parent=2477"}],"curies":[{"name":"wp","href":"https:\/\/api.w.org\/{rel}","templated":true}]}}