{"id":2478,"date":"2022-01-07T17:21:35","date_gmt":"2022-01-07T17:21:35","guid":{"rendered":"https:\/\/wip.digitalsteam.ca\/inukpak\/film-tv-production-support-services\/"},"modified":"2022-06-08T11:14:33","modified_gmt":"2022-06-08T11:14:33","slug":"service-de-soutien-aux-productions-cinematographiques-et-televisuelles","status":"publish","type":"page","link":"https:\/\/inukpakoutfitting.ca\/fr\/sur-mesure\/service-de-soutien-aux-productions-cinematographiques-et-televisuelles\/","title":{"rendered":"Service de soutien aux productions cin\u00e9matographiques et t\u00e9l\u00e9visuelles"},"content":{"rendered":"<h1>PROGRAMME SUR MESURE POUR PRODUCTION DE FILM EN ARCTIQUE<\/h1>\n<div>De petites productions priv\u00e9es aux longs m\u00e9trages, nous pourrons r\u00e9pondre \u00e0 vos besoins arctiques. Inukpak Outfitting a collabor\u00e9 avec de nombreux types de productions depuis 2011 et a \u00e9largi ses services d\u2019ann\u00e9e en ann\u00e9e afin de mieux r\u00e9pondre aux besoins de ce cr\u00e9neau sp\u00e9cialis\u00e9.<\/div>\n<h2>Service de soutien aux productions cin\u00e9matographiques et t\u00e9l\u00e9visuelles<\/h2>\n<div>\n<p>Que nous guidions une petite \u00e9quipe de production ou que nous assurions la coordination des services logistiques pour une production comptant plus de 50 personnes, nous vous offrirons des services de haute qualit\u00e9 qui d\u00e9passeront vos attentes. Un tournage dans l\u2019Arctique exige davantage de logique qu\u2019un tournage typique dans le Sud\u2009; laissez-nous vous retirer ce stress\u2009!<\/p>\n<p>Vous pr\u00e9voyez filmer des attelages de chiens\u2009? Nos \u00e9quipes ont pris part \u00e0 plus d\u2019une douzaine de productions au cours des 10 derni\u00e8res ann\u00e9es\u2009; notre \u00e9quipe a acquis une grande expertise dans ce domaine, et elle peut vous assurer de ce que les chiens ont de mieux \u00e0 offrir.<\/p>\n<\/div>\n<h3>Services disponibles :<\/h3>\n<ul>\n<li>\n<div>Location de v\u00eatements adapt\u00e9s au climat arctique (bottes, pantalons isol\u00e9s, parkas, mitaines, etc.)<\/div>\n<\/li>\n<li>\n<div>Location de motoneiges<\/div>\n<\/li>\n<li>\n<div>Logistique de groupe (h\u00e9bergement, transport a\u00e9rien, etc.)<\/div>\n<\/li>\n<li>\n<div>Tours de reconnaissance guid\u00e9s (urbain\/sur les terres)<\/div>\n<\/li>\n<li>\n<div>Logistique sur le terrain<\/div>\n<\/li>\n<li>\n<div>Logistique cin\u00e9matographique<\/div>\n<\/li>\n<li>\n<div>Transport de mat\u00e9riel (urbain, sur les terres, sur l\u2019eau)<\/div>\n<\/li>\n<li>\n<div>Comp\u00e9tences et pratiques traditionnelles inuit<\/div>\n<\/li>\n<li>\n<div>Performances d\u2019attelages de chiens<\/div>\n<\/li>\n<li>\n<div>Services de premiers soins<\/div>\n<\/li>\n<li>\n<div>Garde contre les ours polaires\n<\/div>\n<\/li>\n<li>\n<div>Consultation<\/div>\n<\/li>\n<\/ul>\n<h2>Certaines de nos collaborations :<\/h2>\n<div>On visite Iqaluit avec Louis-Jean Cormier<\/div>\n<p><a href=\"http:\/\/ici.radio-canada.ca\/tele\/la-petite-seduction\/2015-2016\/episodes\/352517\/iqaluit-louis-jean-cormier\"><img decoding=\"async\" data-src=\"\/inukpak\/wp-content\/uploads\/2022\/05\/on-visite-iqaluit.jpeg\" alt=\"On visite Iqaluit avec Louis-Jean Cormier\" src=\"data:image\/svg+xml;base64,PHN2ZyB3aWR0aD0iMSIgaGVpZ2h0PSIxIiB4bWxucz0iaHR0cDovL3d3dy53My5vcmcvMjAwMC9zdmciPjwvc3ZnPg==\" class=\"lazyload\"><\/a><\/p>\n<div>Salut Bonjour: Visiting Nunavut and Marcel dog-sledding in Nunavut<\/div>\n<p><a href=\"http:\/\/tva.canoe.ca\/emissions\/salutbonjour\/chroniques\/detail\/visite-au-nunavut\"><img decoding=\"async\" data-src=\"\/inukpak\/wp-content\/uploads\/2022\/05\/film-iqaluit-salut-bonjour.jpeg\" alt=\"Salut Bonjour Visite au Nunavut\" src=\"data:image\/svg+xml;base64,PHN2ZyB3aWR0aD0iMSIgaGVpZ2h0PSIxIiB4bWxucz0iaHR0cDovL3d3dy53My5vcmcvMjAwMC9zdmciPjwvc3ZnPg==\" class=\"lazyload\"><\/a><\/p>\n<div>Apple\/Bell, production d\u2019une annonce t\u00e9l\u00e9vis\u00e9e (2015)<\/div>\n<p><a href=\"http:\/\/www.cinelande.com\/fr\/realisateur\/jean-michel-ravon?video=315\"><img decoding=\"async\" data-src=\"\/inukpak\/wp-content\/uploads\/2022\/05\/film-bell.jpeg\" alt=\"Apple\/Bell, TV ad production (2015)\" src=\"data:image\/svg+xml;base64,PHN2ZyB3aWR0aD0iMSIgaGVpZ2h0PSIxIiB4bWxucz0iaHR0cDovL3d3dy53My5vcmcvMjAwMC9zdmciPjwvc3ZnPg==\" class=\"lazyload\"><\/a><\/p>\n<div>Two Lovers and a Bear, production cin\u00e9matographique (2015)<\/div>\n<p><iframe data-src=\"https:\/\/www.youtube.com\/watch?v=cFyg2AuD86M\" src=\"data:image\/svg+xml;base64,PHN2ZyB3aWR0aD0iMSIgaGVpZ2h0PSIxIiB4bWxucz0iaHR0cDovL3d3dy53My5vcmcvMjAwMC9zdmciPjwvc3ZnPg==\" class=\"lazyload\" data-load-mode=\"1\"><\/iframe><\/p>\n<div>Iqaluit (the movie), production cin\u00e9matographique (2015)<\/div>\n<p><a href=\"http:\/\/iqaluit-lefilm.com\/#accueil\"><img decoding=\"async\" data-src=\"\/inukpak\/wp-content\/uploads\/2022\/05\/film-iqaluit.jpeg\" alt=\"Iqaluit (the movie). Film production (2015)\" src=\"data:image\/svg+xml;base64,PHN2ZyB3aWR0aD0iMSIgaGVpZ2h0PSIxIiB4bWxucz0iaHR0cDovL3d3dy53My5vcmcvMjAwMC9zdmciPjwvc3ZnPg==\" class=\"lazyload\"><\/a><\/p>\n<div>Guide d\u2019Aventures, production t\u00e9l\u00e9visuelle (2016) &#8211; Benoit Havard &#8211; Voile sur glace\n<\/div>\n<p><a href=\"http:\/\/unis.ca\/guides-daventures\/?e=zlas2jz8oi23j\"><img decoding=\"async\" data-src=\"\/inukpak\/wp-content\/uploads\/2022\/05\/benoit-havard-voile-glace.jpeg\" alt=\"Guide d\u2019Aventures, TV production (2016)\" src=\"data:image\/svg+xml;base64,PHN2ZyB3aWR0aD0iMSIgaGVpZ2h0PSIxIiB4bWxucz0iaHR0cDovL3d3dy53My5vcmcvMjAwMC9zdmciPjwvc3ZnPg==\" class=\"lazyload\"><\/a><\/p>\n<div>Vice, Matty Matheson Show, production t\u00e9l\u00e9visuelle (2016)<\/div>\n<p><a href=\"https:\/\/video.vice.com\/en_ca\/video\/the-high-cost-of-arctic-living\/5808f84e085ba8315f6b69dc\"><img decoding=\"async\" data-src=\"\/inukpak\/wp-content\/uploads\/2022\/05\/film-vice-abe.jpeg\" alt=\"Vice, Matty Matheson Show (2016)\" src=\"data:image\/svg+xml;base64,PHN2ZyB3aWR0aD0iMSIgaGVpZ2h0PSIxIiB4bWxucz0iaHR0cDovL3d3dy53My5vcmcvMjAwMC9zdmciPjwvc3ZnPg==\" class=\"lazyload\"><\/a><\/p>\n<div>Campagne Far and Wide, The Expeditioners, production d\u2019une annonce Web (2016)<\/div>\n<p><iframe data-src=\"https:\/\/www.youtube.com\/watch?v=tyYDiQO04Cg\" src=\"data:image\/svg+xml;base64,PHN2ZyB3aWR0aD0iMSIgaGVpZ2h0PSIxIiB4bWxucz0iaHR0cDovL3d3dy53My5vcmcvMjAwMC9zdmciPjwvc3ZnPg==\" class=\"lazyload\" data-load-mode=\"1\"><\/iframe><\/p>\n<p><!--more--><br \/>\n<!-- {\"name\":\"BKP Film\",\"type\":\"layout\",\"children\":[{\"type\":\"section\",\"props\":{\"style\":\"muted\",\"width\":\"default\",\"vertical_align\":\"middle\",\"title_position\":\"top-left\",\"title_rotation\":\"left\",\"title_breakpoint\":\"xl\",\"image_position\":\"center-center\",\"padding\":\"xsmall\"},\"children\":[{\"type\":\"row\",\"children\":[{\"type\":\"column\",\"props\":{\"position_sticky_breakpoint\":\"m\",\"image_position\":\"center-center\",\"media_overlay_gradient\":\"\"},\"children\":[{\"type\":\"headline\",\"props\":{\"title_element\":\"h1\",\"content\":\"PROGRAMME SUR MESURE POUR PRODUCTION DE FILM EN ARCTIQUE\",\"title_style\":\"h3\",\"text_align\":\"left\"},\"name\":\"CATEGORY NAME (H1)\"},{\"type\":\"text\",\"props\":{\"margin\":\"default\",\"column_breakpoint\":\"m\",\"content\":\"De petites productions priv\\u00e9es aux longs m\\u00e9trages, nous pourrons r\\u00e9pondre \\u00e0 vos besoins arctiques. Inukpak Outfitting a collabor\\u00e9 avec de nombreux types de productions depuis 2011 et a \\u00e9largi ses services d\\u2019ann\\u00e9e en ann\\u00e9e afin de mieux r\\u00e9pondre aux besoins de ce cr\\u00e9neau sp\\u00e9cialis\\u00e9.\",\"text_color\":\"primary\"}}]}]}],\"name\":\"PAGE CATEGORY AND INTRO\"},{\"name\":\"Arctic Survival and Preparedness\",\"type\":\"section\",\"props\":{\"style\":\"default\",\"width\":\"default\",\"image_size\":\"cover\",\"class\":\"\",\"image_position\":\"center-center\",\"vertical_align\":\"middle\",\"title_position\":\"top-left\",\"title_rotation\":\"left\",\"title_breakpoint\":\"xl\"},\"children\":[{\"name\":\"\",\"type\":\"row\",\"children\":[{\"name\":\"\",\"type\":\"column\",\"props\":{\"image_position\":\"center-center\",\"media_overlay_gradient\":\"\",\"width_medium\":\"1-1\",\"position_sticky_breakpoint\":\"m\"},\"children\":[{\"type\":\"headline\",\"props\":{\"title_element\":\"h2\",\"content\":\"Service de soutien aux productions cin\\u00e9matographiques et t\\u00e9l\\u00e9visuelles\",\"title_style\":\"h2\",\"attributes\":\"\",\"css\":\".el-element {\\n  text-transform: uppercase;\\n}\\n\"}},{\"name\":\"\",\"type\":\"text\",\"props\":{\"column_breakpoint\":\"m\",\"margin\":\"default\",\"content\":\"\n\n<p>Que nous guidions une petite \\u00e9quipe de production ou que nous assurions la coordination des services logistiques pour une production comptant plus de 50 personnes, nous vous offrirons des services de haute qualit\\u00e9 qui d\\u00e9passeront vos attentes. Un tournage dans l\\u2019Arctique exige davantage de logique qu\\u2019un tournage typique dans le Sud\\u2009; laissez-nous vous retirer ce stress\\u2009!<\\\/p>\\n\n\n<p>Vous pr\\u00e9voyez filmer des attelages de chiens\\u2009? Nos \\u00e9quipes ont pris part \\u00e0 plus d\\u2019une douzaine de productions au cours des 10 derni\\u00e8res ann\\u00e9es\\u2009; notre \\u00e9quipe a acquis une grande expertise dans ce domaine, et elle peut vous assurer de ce que les chiens ont de mieux \\u00e0 offrir.<\\\/p>\",\"text_align\":\"justify\"}}]}]},{\"name\":\"\",\"type\":\"row\",\"children\":[{\"name\":\"\",\"type\":\"column\",\"props\":{\"image_position\":\"center-center\",\"media_overlay_gradient\":\"\",\"width_medium\":\"1-1\",\"position_sticky_breakpoint\":\"m\"},\"children\":[{\"name\":\"\",\"type\":\"headline\",\"props\":{\"title_element\":\"h3\",\"content\":\"Services disponibles :\",\"title_style\":\"h3\"}},{\"name\":\"\",\"type\":\"list\",\"props\":{\"image_align\":\"left\",\"image\":true,\"show_image\":true,\"show_link\":true,\"content_style\":null,\"image_svg_color\":\"emphasis\",\"image_vertical_align\":true,\"list_marker\":\"bullet\",\"list_size\":\"\",\"list_element\":\"ul\",\"column_breakpoint\":\"m\",\"list_type\":\"vertical\",\"list_horizontal_separator\":\", \"},\"children\":[{\"name\":\"\",\"type\":\"list_item\",\"props\":{\"content\":\"Location de v\\u00eatements adapt\\u00e9s au climat arctique (bottes, pantalons isol\\u00e9s, parkas, mitaines, etc.)\"}},{\"type\":\"list_item\",\"props\":{\"content\":\"Location de motoneiges\"}},{\"type\":\"list_item\",\"props\":{\"content\":\"Logistique de groupe (h\\u00e9bergement, transport a\\u00e9rien, etc.)\"}},{\"type\":\"list_item\",\"props\":{\"content\":\"Tours de reconnaissance guid\\u00e9s (urbain\\\/sur les terres)\"}},{\"type\":\"list_item\",\"props\":{\"content\":\"Logistique sur le terrain\"}},{\"type\":\"list_item\",\"props\":{\"content\":\"Logistique cin\\u00e9matographique\"}},{\"type\":\"list_item\",\"props\":{\"content\":\"Transport de mat\\u00e9riel (urbain, sur les terres, sur l\\u2019eau)\"}},{\"type\":\"list_item\",\"props\":{\"content\":\"Comp\\u00e9tences et pratiques traditionnelles inuit\"}},{\"type\":\"list_item\",\"props\":{\"content\":\"Performances d\\u2019attelages de chiens\"}},{\"type\":\"list_item\",\"props\":{\"content\":\"Services de premiers soins\"}},{\"type\":\"list_item\",\"props\":{\"content\":\"Garde contre les ours polaires\\n\"}},{\"type\":\"list_item\",\"props\":{\"content\":\"Consultation\"}}]}]}]}]},{\"type\":\"section\",\"props\":{\"style\":\"default\",\"width\":\"default\",\"vertical_align\":\"middle\",\"title_position\":\"top-left\",\"title_rotation\":\"left\",\"title_breakpoint\":\"xl\",\"image_position\":\"center-center\"},\"children\":[{\"type\":\"row\",\"children\":[{\"type\":\"column\",\"props\":{\"position_sticky_breakpoint\":\"m\",\"image_position\":\"center-center\",\"media_overlay_gradient\":\"\"},\"children\":[{\"name\":\"\",\"type\":\"headline\",\"props\":{\"title_element\":\"h2\",\"content\":\"Certaines de nos collaborations :\",\"title_style\":\"h2\"}}]}]}]},{\"name\":\"\",\"type\":\"section\",\"props\":{\"style\":\"default\",\"width\":\"default\",\"image_position\":\"center-center\",\"vertical_align\":\"middle\",\"title_position\":\"top-left\",\"title_rotation\":\"left\",\"title_breakpoint\":\"xl\"},\"children\":[{\"name\":\"\",\"type\":\"row\",\"children\":[{\"name\":\"\",\"type\":\"column\",\"props\":{\"image_position\":\"center-center\",\"media_overlay_gradient\":\"\",\"width_medium\":\"1-1\",\"position_sticky_breakpoint\":\"m\"},\"children\":[{\"name\":\"\",\"type\":\"text\",\"props\":{\"column_breakpoint\":\"m\",\"margin\":\"default\",\"content\":\"On visite Iqaluit avec Louis-Jean Cormier\"}},{\"name\":\"\",\"type\":\"image\",\"props\":{\"margin\":\"default\",\"image\":\"wp-content\\\/uploads\\\/2022\\\/05\\\/on-visite-iqaluit.jpeg\",\"image_width\":\"850\",\"image_height\":\"480\",\"image_alt\":\"On visite Iqaluit avec Louis-Jean Cormier\",\"link\":\"http:\\\/\\\/ici.radio-canada.ca\\\/tele\\\/la-petite-seduction\\\/2015-2016\\\/episodes\\\/352517\\\/iqaluit-louis-jean-cormier\",\"link_target\":\"blank\",\"image_svg_color\":\"emphasis\"}}]}]}]},{\"name\":\"Salut Bonjour\",\"type\":\"section\",\"props\":{\"style\":\"default\",\"width\":\"default\",\"image_size\":\"cover\",\"image_position\":\"center-center\",\"vertical_align\":\"middle\",\"title_position\":\"top-left\",\"title_rotation\":\"left\",\"title_breakpoint\":\"xl\"},\"children\":[{\"name\":\"\",\"type\":\"row\",\"children\":[{\"name\":\"\",\"type\":\"column\",\"props\":{\"image_position\":\"center-center\",\"media_overlay_gradient\":\"\",\"width_medium\":\"1-1\",\"position_sticky_breakpoint\":\"m\"},\"children\":[{\"name\":\"\",\"type\":\"text\",\"props\":{\"column_breakpoint\":\"m\",\"margin\":\"default\",\"content\":\"Salut Bonjour: Visiting Nunavut and Marcel dog-sledding in Nunavut\"}},{\"name\":\"\",\"type\":\"image\",\"props\":{\"margin\":\"default\",\"image\":\"wp-content\\\/uploads\\\/2022\\\/05\\\/film-iqaluit-salut-bonjour.jpeg\",\"image_width\":\"850\",\"image_height\":\"480\",\"image_alt\":\"Salut Bonjour Visite au Nunavut\",\"link\":\"http:\\\/\\\/tva.canoe.ca\\\/emissions\\\/salutbonjour\\\/chroniques\\\/detail\\\/visite-au-nunavut\",\"link_target\":\"blank\",\"image_svg_color\":\"emphasis\"}}]}]}]},{\"name\":\"Bell\",\"type\":\"section\",\"props\":{\"style\":\"default\",\"width\":\"default\",\"image_size\":\"cover\",\"image_position\":\"center-center\",\"vertical_align\":\"middle\",\"title_position\":\"top-left\",\"title_rotation\":\"left\",\"title_breakpoint\":\"xl\"},\"children\":[{\"name\":\"\",\"type\":\"row\",\"children\":[{\"name\":\"\",\"type\":\"column\",\"props\":{\"image_position\":\"center-center\",\"media_overlay_gradient\":\"\",\"width_medium\":\"1-1\",\"position_sticky_breakpoint\":\"m\"},\"children\":[{\"name\":\"\",\"type\":\"text\",\"props\":{\"column_breakpoint\":\"m\",\"margin\":\"default\",\"content\":\"Apple\\\/Bell, production d\\u2019une annonce t\\u00e9l\\u00e9vis\\u00e9e (2015)\"}},{\"name\":\"\",\"type\":\"image\",\"props\":{\"margin\":\"default\",\"image\":\"wp-content\\\/uploads\\\/2022\\\/05\\\/film-bell.jpeg\",\"image_width\":\"850\",\"image_height\":\"480\",\"image_alt\":\"Apple\\\/Bell, TV ad production (2015)\",\"link\":\"http:\\\/\\\/www.cinelande.com\\\/fr\\\/realisateur\\\/jean-michel-ravon?video=315\",\"link_target\":\"blank\",\"image_svg_color\":\"emphasis\"}}]}]}]},{\"name\":\"Two Lovers and a Bear\",\"type\":\"section\",\"props\":{\"style\":\"default\",\"width\":\"default\",\"image_size\":\"cover\",\"image_position\":\"center-center\",\"vertical_align\":\"middle\",\"title_position\":\"top-left\",\"title_rotation\":\"left\",\"title_breakpoint\":\"xl\"},\"children\":[{\"name\":\"\",\"type\":\"row\",\"children\":[{\"name\":\"\",\"type\":\"column\",\"props\":{\"image_position\":\"center-center\",\"media_overlay_gradient\":\"\",\"width_medium\":\"1-1\",\"position_sticky_breakpoint\":\"m\"},\"children\":[{\"name\":\"\",\"type\":\"text\",\"props\":{\"column_breakpoint\":\"m\",\"margin\":\"default\",\"content\":\"Two Lovers and a Bear, production cin\\u00e9matographique (2015)\"}},{\"name\":\"\",\"type\":\"video\",\"props\":{\"margin\":\"default\",\"video\":\"https:\\\/\\\/www.youtube.com\\\/watch?v=cFyg2AuD86M\",\"video_width\":\"850\",\"video_height\":\"480\",\"video_controls\":true}}]}]}]},{\"name\":\"Iqaluit\",\"type\":\"section\",\"props\":{\"style\":\"default\",\"width\":\"default\",\"image_size\":\"cover\",\"image_position\":\"center-center\",\"vertical_align\":\"middle\",\"title_position\":\"top-left\",\"title_rotation\":\"left\",\"title_breakpoint\":\"xl\"},\"children\":[{\"name\":\"\",\"type\":\"row\",\"children\":[{\"name\":\"\",\"type\":\"column\",\"props\":{\"image_position\":\"center-center\",\"media_overlay_gradient\":\"\",\"width_medium\":\"1-1\",\"position_sticky_breakpoint\":\"m\"},\"children\":[{\"name\":\"\",\"type\":\"text\",\"props\":{\"column_breakpoint\":\"m\",\"margin\":\"default\",\"content\":\"Iqaluit (the movie), production cin\\u00e9matographique (2015)\"}},{\"name\":\"\",\"type\":\"image\",\"props\":{\"margin\":\"default\",\"image\":\"wp-content\\\/uploads\\\/2022\\\/05\\\/film-iqaluit.jpeg\",\"image_width\":\"850\",\"image_height\":\"480\",\"link\":\"http:\\\/\\\/iqaluit-lefilm.com\\\/#accueil\",\"image_alt\":\"Iqaluit (the movie). Film production (2015)\",\"link_target\":\"blank\",\"image_svg_color\":\"emphasis\"}}]}]}]},{\"name\":\"Guide d\\u2019Aventures\",\"type\":\"section\",\"props\":{\"style\":\"default\",\"width\":\"default\",\"image_size\":\"cover\",\"image_position\":\"center-center\",\"vertical_align\":\"middle\",\"title_position\":\"top-left\",\"title_rotation\":\"left\",\"title_breakpoint\":\"xl\"},\"children\":[{\"name\":\"\",\"type\":\"row\",\"children\":[{\"name\":\"\",\"type\":\"column\",\"props\":{\"image_position\":\"center-center\",\"media_overlay_gradient\":\"\",\"width_medium\":\"1-1\",\"position_sticky_breakpoint\":\"m\"},\"children\":[{\"name\":\"\",\"type\":\"text\",\"props\":{\"column_breakpoint\":\"m\",\"margin\":\"default\",\"content\":\"Guide d\\u2019Aventures, production t\\u00e9l\\u00e9visuelle (2016) - Benoit Havard - Voile sur glace\\n\"}},{\"name\":\"\",\"type\":\"image\",\"props\":{\"margin\":\"default\",\"image_alt\":\"Guide d\\u2019Aventures, TV production (2016)\",\"link\":\"http:\\\/\\\/unis.ca\\\/guides-daventures\\\/?e=zlas2jz8oi23j\",\"link_target\":\"blank\",\"image\":\"wp-content\\\/uploads\\\/2022\\\/05\\\/benoit-havard-voile-glace.jpeg\",\"image_svg_color\":\"emphasis\"}}]}]}]},{\"name\":\"Vice\",\"type\":\"section\",\"props\":{\"style\":\"default\",\"width\":\"default\",\"image_size\":\"cover\",\"image_position\":\"center-center\",\"vertical_align\":\"middle\",\"title_position\":\"top-left\",\"title_rotation\":\"left\",\"title_breakpoint\":\"xl\"},\"children\":[{\"name\":\"\",\"type\":\"row\",\"children\":[{\"name\":\"\",\"type\":\"column\",\"props\":{\"image_position\":\"center-center\",\"media_overlay_gradient\":\"\",\"width_medium\":\"1-1\",\"position_sticky_breakpoint\":\"m\"},\"children\":[{\"name\":\"\",\"type\":\"text\",\"props\":{\"column_breakpoint\":\"m\",\"margin\":\"default\",\"content\":\"Vice, Matty Matheson Show, production t\\u00e9l\\u00e9visuelle (2016)\"}},{\"name\":\"\",\"type\":\"image\",\"props\":{\"margin\":\"default\",\"image_alt\":\"Vice, Matty Matheson Show (2016)\",\"link\":\"https:\\\/\\\/video.vice.com\\\/en_ca\\\/video\\\/the-high-cost-of-arctic-living\\\/5808f84e085ba8315f6b69dc\",\"link_target\":\"blank\",\"image\":\"wp-content\\\/uploads\\\/2022\\\/05\\\/film-vice-abe.jpeg\",\"image_width\":\"850\",\"image_height\":\"480\",\"image_svg_color\":\"emphasis\"}}]}]}]},{\"name\":\"Far and Wide campaign\",\"type\":\"section\",\"props\":{\"style\":\"default\",\"width\":\"default\",\"image_size\":\"cover\",\"image_position\":\"center-center\",\"vertical_align\":\"middle\",\"title_position\":\"top-left\",\"title_rotation\":\"left\",\"title_breakpoint\":\"xl\"},\"children\":[{\"name\":\"\",\"type\":\"row\",\"children\":[{\"name\":\"\",\"type\":\"column\",\"props\":{\"image_position\":\"center-center\",\"media_overlay_gradient\":\"\",\"width_medium\":\"1-1\",\"position_sticky_breakpoint\":\"m\"},\"children\":[{\"name\":\"\",\"type\":\"text\",\"props\":{\"column_breakpoint\":\"m\",\"margin\":\"default\",\"content\":\"Campagne Far and Wide, The Expeditioners, production d\\u2019une annonce Web (2016)\"}},{\"name\":\"\",\"type\":\"video\",\"props\":{\"margin\":\"default\",\"video\":\"https:\\\/\\\/www.youtube.com\\\/watch?v=tyYDiQO04Cg\",\"video_width\":\"850\",\"video_height\":\"480\",\"video_controls\":true}}]}]}]}],\"version\":\"2.7.22\",\"yooessentialsVersion\":\"1.6.10\"} --><\/p>\n","protected":false},"excerpt":{"rendered":"<p>PROGRAMME SUR MESURE POUR PRODUCTION DE FILM EN ARCTIQUE De petites productions priv\u00e9es aux longs m\u00e9trages, nous pourrons r\u00e9pondre \u00e0 vos besoins arctiques. Inukpak Outfitting a collabor\u00e9 avec de nombreux types de productions depuis 2011 et a \u00e9largi ses services d\u2019ann\u00e9e en ann\u00e9e afin de mieux r\u00e9pondre aux besoins de ce cr\u00e9neau sp\u00e9cialis\u00e9. Service de [&hellip;]<\/p>\n","protected":false},"author":1,"featured_media":0,"parent":2505,"menu_order":0,"comment_status":"closed","ping_status":"closed","template":"","meta":{"footnotes":""},"class_list":["post-2478","page","type-page","status-publish","hentry"],"_links":{"self":[{"href":"https:\/\/inukpakoutfitting.ca\/fr\/wp-json\/wp\/v2\/pages\/2478","targetHints":{"allow":["GET"]}}],"collection":[{"href":"https:\/\/inukpakoutfitting.ca\/fr\/wp-json\/wp\/v2\/pages"}],"about":[{"href":"https:\/\/inukpakoutfitting.ca\/fr\/wp-json\/wp\/v2\/types\/page"}],"author":[{"embeddable":true,"href":"https:\/\/inukpakoutfitting.ca\/fr\/wp-json\/wp\/v2\/users\/1"}],"replies":[{"embeddable":true,"href":"https:\/\/inukpakoutfitting.ca\/fr\/wp-json\/wp\/v2\/comments?post=2478"}],"version-history":[{"count":0,"href":"https:\/\/inukpakoutfitting.ca\/fr\/wp-json\/wp\/v2\/pages\/2478\/revisions"}],"up":[{"embeddable":true,"href":"https:\/\/inukpakoutfitting.ca\/fr\/wp-json\/wp\/v2\/pages\/2505"}],"wp:attachment":[{"href":"https:\/\/inukpakoutfitting.ca\/fr\/wp-json\/wp\/v2\/media?parent=2478"}],"curies":[{"name":"wp","href":"https:\/\/api.w.org\/{rel}","templated":true}]}}