{"id":2479,"date":"2022-01-07T17:21:15","date_gmt":"2022-01-07T17:21:15","guid":{"rendered":"https:\/\/wip.digitalsteam.ca\/inukpak\/private-group-vips-executives\/"},"modified":"2022-06-08T11:57:16","modified_gmt":"2022-06-08T11:57:16","slug":"private-group-vips-executives","status":"publish","type":"page","link":"https:\/\/inukpakoutfitting.ca\/fr\/sur-mesure\/private-group-vips-executives\/","title":{"rendered":"Groupes priv\u00e9s\/Invit\u00e9s de marque\/Dirigeants"},"content":{"rendered":"<h1>PROGRAMME SUR MESURE POUR GROUPE PRIV\u00c9 EN ARCTIQUE<\/h1>\n<div>\n<p>Inukpak Outfitting, chef de file de l\u2019industrie touristique locale, a mis au point une gamme tr\u00e8s appr\u00e9ci\u00e9e de services sur mesure de haute qualit\u00e9. Que vous receviez des invit\u00e9s sp\u00e9ciaux, des invit\u00e9s de marque ou des dirigeants, nous saurons probablement leur offrir ce petit extra qui fera de leur s\u00e9jour un souvenir unique et inoubliable. Le personnel comp\u00e9tent de l\u2019\u00e9quipe d\u2019Inukpak Outfitting a eu le privil\u00e8ge, au fil des ans, de travailler avec des ministres de partout dans le monde, l\u2019entourage du gouverneur g\u00e9n\u00e9ral du Canada et avec des dignitaires et des diplomates de pays \u00e9trangers, entre autres.<\/p>\n<\/div>\n<h2>Groupes priv\u00e9s\/Invit\u00e9s de marque\/Dirigeants<\/h2>\n<div>\n<p>Que vous optiez pour une de nos excursions \u00e0 la carte ou nous donniez la t\u00e2che de concevoir un programme \u00ab\u2009Prolongez votre s\u00e9jour\u2009\u00bb tout inclus, nous nous assurerons que votre exp\u00e9rience d\u00e9passe toutes vos attentes haut la main\u2009!<\/p>\n<p>Tous nos invit\u00e9s sp\u00e9ciaux s\u2019entendent sur une chose : s\u2019ils ne se rappellent plus la raison \u00e0 l\u2019origine de leur visite, ils gardent des moments pass\u00e9s en notre compagnie un souvenir imp\u00e9rissable.<\/p>\n<\/div>\n<div><a href=\"javascript:void(0)\" class=\"hustle_module_shortcode_trigger hustle_module_5 \" data-id=\"5\" data-type=\"popup\">NOUS JOINDRE AU SUJET DE CETTE OFFRE<\/a><\/div>\n<p><!--more--><br \/>\n<!-- {\"name\":\"BKP Training 5\",\"type\":\"layout\",\"children\":[{\"type\":\"section\",\"props\":{\"style\":\"muted\",\"width\":\"default\",\"vertical_align\":\"middle\",\"title_position\":\"top-left\",\"title_rotation\":\"left\",\"title_breakpoint\":\"xl\",\"image_position\":\"center-center\",\"padding\":\"xsmall\"},\"children\":[{\"type\":\"row\",\"children\":[{\"type\":\"column\",\"props\":{\"position_sticky_breakpoint\":\"m\",\"image_position\":\"center-center\",\"media_overlay_gradient\":\"\"},\"children\":[{\"type\":\"headline\",\"props\":{\"title_element\":\"h1\",\"content\":\"PROGRAMME SUR MESURE POUR GROUPE PRIV\\u00c9 EN ARCTIQUE\",\"title_style\":\"h3\",\"text_align\":\"left\"},\"name\":\"CATEGORY NAME (H1)\"},{\"type\":\"text\",\"props\":{\"margin\":\"default\",\"column_breakpoint\":\"m\",\"content\":\"\n\n<p>Inukpak Outfitting, chef de file de l\\u2019industrie touristique locale, a mis au point une gamme tr\\u00e8s appr\\u00e9ci\\u00e9e de services sur mesure de haute qualit\\u00e9. Que vous receviez des invit\\u00e9s sp\\u00e9ciaux, des invit\\u00e9s de marque ou des dirigeants, nous saurons probablement leur offrir ce petit extra qui fera de leur s\\u00e9jour un souvenir unique et inoubliable. Le personnel comp\\u00e9tent de l\\u2019\\u00e9quipe d\\u2019Inukpak Outfitting a eu le privil\\u00e8ge, au fil des ans, de travailler avec des ministres de partout dans le monde, l\\u2019entourage du gouverneur g\\u00e9n\\u00e9ral du Canada et avec des dignitaires et des diplomates de pays \\u00e9trangers, entre autres.<\\\/p>\",\"text_color\":\"primary\"}}]}]}],\"name\":\"PAGE CATEGORY AND INTRO\"},{\"name\":\"Team Building\",\"type\":\"section\",\"props\":{\"style\":\"default\",\"width\":\"default\",\"image_size\":\"cover\",\"class\":\"\",\"vertical_align\":\"middle\",\"title_position\":\"top-left\",\"title_rotation\":\"left\",\"title_breakpoint\":\"xl\",\"image_position\":\"center-center\"},\"children\":[{\"name\":\"\",\"type\":\"row\",\"children\":[{\"name\":\"\",\"type\":\"column\",\"children\":[{\"name\":\"\",\"type\":\"headline\",\"props\":{\"title_element\":\"h2\",\"content\":\"Groupes priv\\u00e9s\\\/Invit\\u00e9s de marque\\\/Dirigeants\",\"title_style\":\"h2\",\"class\":\"\"}},{\"name\":\"\",\"type\":\"text\",\"props\":{\"column_breakpoint\":\"m\",\"margin\":\"default\",\"content\":\"\n\n<p>Que vous optiez pour une de nos excursions \\u00e0 la carte ou nous donniez la t\\u00e2che de concevoir un programme \\u00ab\\u2009Prolongez votre s\\u00e9jour\\u2009\\u00bb tout inclus, nous nous assurerons que votre exp\\u00e9rience d\\u00e9passe toutes vos attentes haut la main\\u2009!<\\\/p>\\n\n\n<p>Tous nos invit\\u00e9s sp\\u00e9ciaux s\\u2019entendent sur une chose : s\\u2019ils ne se rappellent plus la raison \\u00e0 l\\u2019origine de leur visite, ils gardent des moments pass\\u00e9s en notre compagnie un souvenir imp\\u00e9rissable.<\\\/p>\",\"text_align\":\"justify\"}}],\"props\":{\"image_position\":\"center-center\",\"media_overlay_gradient\":\"\",\"width_medium\":\"1-1\",\"position_sticky_breakpoint\":\"m\"}}]}]},{\"type\":\"section\",\"props\":{\"style\":\"default\",\"width\":\"default\",\"vertical_align\":\"middle\",\"title_position\":\"top-left\",\"title_rotation\":\"left\",\"title_breakpoint\":\"xl\",\"image_position\":\"center-center\"},\"children\":[{\"type\":\"row\",\"props\":{\"width\":\"small\",\"margin\":\"default\"},\"children\":[{\"type\":\"column\",\"props\":{\"image_position\":\"center-center\",\"media_overlay_gradient\":\"\",\"style\":\"muted\",\"padding\":\"xsmall\",\"position_sticky_breakpoint\":\"m\"},\"children\":[{\"type\":\"text\",\"props\":{\"margin\":\"default\",\"column_breakpoint\":\"m\",\"content\":\"[wd_hustle id=\\\"5\\\" type=\\\"popup\\\"]NOUS JOINDRE AU SUJET DE CETTE OFFRE[\\\/wd_hustle]\",\"text_align\":\"center\",\"margin_remove_bottom\":true},\"name\":\"\"}]}]}],\"name\":\"Nous joindre\"}],\"version\":\"2.7.22\",\"yooessentialsVersion\":\"1.6.10\"} --><\/p>\n","protected":false},"excerpt":{"rendered":"<p>PROGRAMME SUR MESURE POUR GROUPE PRIV\u00c9 EN ARCTIQUE Inukpak Outfitting, chef de file de l\u2019industrie touristique locale, a mis au point une gamme tr\u00e8s appr\u00e9ci\u00e9e de services sur mesure de haute qualit\u00e9. Que vous receviez des invit\u00e9s sp\u00e9ciaux, des invit\u00e9s de marque ou des dirigeants, nous saurons probablement leur offrir ce petit extra qui fera [&hellip;]<\/p>\n","protected":false},"author":1,"featured_media":0,"parent":2505,"menu_order":0,"comment_status":"closed","ping_status":"closed","template":"","meta":{"footnotes":""},"class_list":["post-2479","page","type-page","status-publish","hentry"],"_links":{"self":[{"href":"https:\/\/inukpakoutfitting.ca\/fr\/wp-json\/wp\/v2\/pages\/2479","targetHints":{"allow":["GET"]}}],"collection":[{"href":"https:\/\/inukpakoutfitting.ca\/fr\/wp-json\/wp\/v2\/pages"}],"about":[{"href":"https:\/\/inukpakoutfitting.ca\/fr\/wp-json\/wp\/v2\/types\/page"}],"author":[{"embeddable":true,"href":"https:\/\/inukpakoutfitting.ca\/fr\/wp-json\/wp\/v2\/users\/1"}],"replies":[{"embeddable":true,"href":"https:\/\/inukpakoutfitting.ca\/fr\/wp-json\/wp\/v2\/comments?post=2479"}],"version-history":[{"count":0,"href":"https:\/\/inukpakoutfitting.ca\/fr\/wp-json\/wp\/v2\/pages\/2479\/revisions"}],"up":[{"embeddable":true,"href":"https:\/\/inukpakoutfitting.ca\/fr\/wp-json\/wp\/v2\/pages\/2505"}],"wp:attachment":[{"href":"https:\/\/inukpakoutfitting.ca\/fr\/wp-json\/wp\/v2\/media?parent=2479"}],"curies":[{"name":"wp","href":"https:\/\/api.w.org\/{rel}","templated":true}]}}