{"id":2480,"date":"2022-01-07T17:20:46","date_gmt":"2022-01-07T17:20:46","guid":{"rendered":"https:\/\/wip.digitalsteam.ca\/inukpak\/team-building\/"},"modified":"2022-06-08T11:55:54","modified_gmt":"2022-06-08T11:55:54","slug":"esprit-equipe","status":"publish","type":"page","link":"https:\/\/inukpakoutfitting.ca\/fr\/formations\/esprit-equipe\/","title":{"rendered":"Esprit d\u00a0\u00bb\u00e9quipe"},"content":{"rendered":"<h1>PROGRAMME DE FORMATION ESPRIT D\u2019\u00c9QUIPE EN ARCTIQUE<\/h1>\n<div>Aidez votre \u00e9quipe \u00e0 atteindre son plein potentiel. Si vous faites face \u00e0 des probl\u00e8mes de motivation, ou d\u00e9sirez rehausser le moral de votre personnel ou favoriser leur esprit d\u2019\u00e9quipe, nos s\u00e9ances sont la fa\u00e7on id\u00e9ale d\u2019amorcer votre journ\u00e9e de formation, conf\u00e9rence ou \u00e9v\u00e9nement.<\/div>\n<h2>Esprit d\u2019\u00e9quipe<br \/>\n<\/h2>\n<div>\n<p>\u00c0 l\u2019aide d\u2019aventures douces amusantes et s\u00e9curitaires, nous aiderons votre \u00e9quipe \u00e0 mieux conna\u00eetre, \u00e0 identifier les champs o\u00f9 des am\u00e9liorations pourraient \u00eatre faites, \u00e0 mieux communiquer, \u00e0 utiliser leurs forces en tant que groupe et \u00e0 collaborer. Nos programmes sont ax\u00e9s sur \u00ab\u2009l\u2019\u00e9quipe\u2009\u00bb, l\u2019absence du \u00ab\u2009je\u2009\u00bb et de favoriser l\u2019esprit du \u00ab\u2009nous\u2009\u00bb.<\/p>\n<p>Inukpak Outfitting veut vous aider \u00e0 sortir votre \u00e9quipe de sa zone de confort et \u00e0 leur offrir une exp\u00e9rience hors des sentiers battus, qui pourrait changer leur vie. Obtenez des r\u00e9sultats durables en favorisant la confiance, l\u2019engagement, l\u2019esprit d\u2019\u00e9quipe et l\u2019efficacit\u00e9 dans un environnement r\u00e9ellement exotique \u2014 l\u2019Arctique\u2009!<\/p>\n<\/div>\n<div><a href=\"javascript:void(0)\" class=\"hustle_module_shortcode_trigger hustle_module_5 \" data-id=\"5\" data-type=\"popup\">NOUS JOINDRE AU SUJET DE CETTE OFFRE<\/a><\/div>\n<div>Assurez-vous de choisir la cat\u00e9gorie de formation dans notre formulaire.<\/div>\n<p><!--more--><br \/>\n<!-- {\"name\":\"BKP Training 5\",\"type\":\"layout\",\"children\":[{\"type\":\"section\",\"props\":{\"style\":\"muted\",\"width\":\"default\",\"vertical_align\":\"middle\",\"title_position\":\"top-left\",\"title_rotation\":\"left\",\"title_breakpoint\":\"xl\",\"image_position\":\"center-center\",\"padding\":\"xsmall\"},\"children\":[{\"type\":\"row\",\"children\":[{\"type\":\"column\",\"props\":{\"position_sticky_breakpoint\":\"m\",\"image_position\":\"center-center\",\"media_overlay_gradient\":\"\"},\"children\":[{\"type\":\"headline\",\"props\":{\"title_element\":\"h1\",\"content\":\"PROGRAMME DE FORMATION ESPRIT D\\u2019\\u00c9QUIPE EN ARCTIQUE\",\"title_style\":\"h3\",\"text_align\":\"left\"},\"name\":\"CATEGORY NAME (H1)\"},{\"type\":\"text\",\"props\":{\"margin\":\"default\",\"column_breakpoint\":\"m\",\"content\":\"Aidez votre \\u00e9quipe \\u00e0 atteindre son plein potentiel. Si vous faites face \\u00e0 des probl\\u00e8mes de motivation, ou d\\u00e9sirez rehausser le moral de votre personnel ou favoriser leur esprit d\\u2019\\u00e9quipe, nos s\\u00e9ances sont la fa\\u00e7on id\\u00e9ale d\\u2019amorcer votre journ\\u00e9e de formation, conf\\u00e9rence ou \\u00e9v\\u00e9nement.\",\"text_color\":\"primary\"}}]}]}],\"name\":\"PAGE CATEGORY AND INTRO\"},{\"name\":\"Team Building\",\"type\":\"section\",\"props\":{\"style\":\"default\",\"width\":\"default\",\"image_size\":\"cover\",\"class\":\"\",\"vertical_align\":\"middle\",\"title_position\":\"top-left\",\"title_rotation\":\"left\",\"title_breakpoint\":\"xl\",\"image_position\":\"center-center\",\"padding\":\"small\"},\"children\":[{\"name\":\"\",\"type\":\"row\",\"children\":[{\"name\":\"\",\"type\":\"column\",\"children\":[{\"name\":\"\",\"type\":\"headline\",\"props\":{\"title_element\":\"h2\",\"content\":\"Esprit d\\u2019\\u00e9quipe\\n\",\"title_style\":\"h2\",\"class\":\"\"}},{\"name\":\"\",\"type\":\"text\",\"props\":{\"column_breakpoint\":\"m\",\"margin\":\"default\",\"content\":\"\n\n<p>\\u00c0 l\\u2019aide d\\u2019aventures douces amusantes et s\\u00e9curitaires, nous aiderons votre \\u00e9quipe \\u00e0 mieux conna\\u00eetre, \\u00e0 identifier les champs o\\u00f9 des am\\u00e9liorations pourraient \\u00eatre faites, \\u00e0 mieux communiquer, \\u00e0 utiliser leurs forces en tant que groupe et \\u00e0 collaborer. Nos programmes sont ax\\u00e9s sur \\u00ab\\u2009l\\u2019\\u00e9quipe\\u2009\\u00bb, l\\u2019absence du \\u00ab\\u2009je\\u2009\\u00bb et de favoriser l\\u2019esprit du \\u00ab\\u2009nous\\u2009\\u00bb.<\\\/p>\\n\n\n<p>Inukpak Outfitting veut vous aider \\u00e0 sortir votre \\u00e9quipe de sa zone de confort et \\u00e0 leur offrir une exp\\u00e9rience hors des sentiers battus, qui pourrait changer leur vie. Obtenez des r\\u00e9sultats durables en favorisant la confiance, l\\u2019engagement, l\\u2019esprit d\\u2019\\u00e9quipe et l\\u2019efficacit\\u00e9 dans un environnement r\\u00e9ellement exotique \\u2014 l\\u2019Arctique\\u2009!<\\\/p>\",\"text_align\":\"justify\"}}],\"props\":{\"image_position\":\"center-center\",\"media_overlay_gradient\":\"\",\"width_medium\":\"1-1\",\"position_sticky_breakpoint\":\"m\"}}]}]},{\"type\":\"section\",\"props\":{\"style\":\"default\",\"width\":\"default\",\"vertical_align\":\"middle\",\"title_position\":\"top-left\",\"title_rotation\":\"left\",\"title_breakpoint\":\"xl\",\"image_position\":\"center-center\"},\"children\":[{\"type\":\"row\",\"props\":{\"width\":\"small\",\"margin\":\"default\"},\"children\":[{\"type\":\"column\",\"props\":{\"image_position\":\"center-center\",\"media_overlay_gradient\":\"\",\"style\":\"muted\",\"padding\":\"xsmall\",\"position_sticky_breakpoint\":\"m\"},\"children\":[{\"type\":\"text\",\"props\":{\"margin\":\"default\",\"column_breakpoint\":\"m\",\"content\":\"[wd_hustle id=\\\"5\\\" type=\\\"popup\\\"]NOUS JOINDRE AU SUJET DE CETTE OFFRE[\\\/wd_hustle]\",\"text_align\":\"center\",\"margin_remove_bottom\":true},\"name\":\"Contact Us About this training\"},{\"type\":\"text\",\"props\":{\"margin\":\"default\",\"column_breakpoint\":\"m\",\"content\":\"Assurez-vous de choisir la cat\\u00e9gorie de formation dans notre formulaire.\",\"text_align\":\"center\",\"text_size\":\"small\",\"margin_remove_top\":true,\"text_color\":\"emphasis\"}}]}]}],\"name\":\"Nous joindre (formations)\"}],\"version\":\"2.7.22\",\"yooessentialsVersion\":\"1.6.10\"} --><\/p>\n","protected":false},"excerpt":{"rendered":"<p>PROGRAMME DE FORMATION ESPRIT D\u2019\u00c9QUIPE EN ARCTIQUE Aidez votre \u00e9quipe \u00e0 atteindre son plein potentiel. Si vous faites face \u00e0 des probl\u00e8mes de motivation, ou d\u00e9sirez rehausser le moral de votre personnel ou favoriser leur esprit d\u2019\u00e9quipe, nos s\u00e9ances sont la fa\u00e7on id\u00e9ale d\u2019amorcer votre journ\u00e9e de formation, conf\u00e9rence ou \u00e9v\u00e9nement. Esprit d\u2019\u00e9quipe \u00c0 l\u2019aide [&hellip;]<\/p>\n","protected":false},"author":1,"featured_media":0,"parent":2506,"menu_order":0,"comment_status":"closed","ping_status":"closed","template":"","meta":{"footnotes":""},"class_list":["post-2480","page","type-page","status-publish","hentry"],"_links":{"self":[{"href":"https:\/\/inukpakoutfitting.ca\/fr\/wp-json\/wp\/v2\/pages\/2480","targetHints":{"allow":["GET"]}}],"collection":[{"href":"https:\/\/inukpakoutfitting.ca\/fr\/wp-json\/wp\/v2\/pages"}],"about":[{"href":"https:\/\/inukpakoutfitting.ca\/fr\/wp-json\/wp\/v2\/types\/page"}],"author":[{"embeddable":true,"href":"https:\/\/inukpakoutfitting.ca\/fr\/wp-json\/wp\/v2\/users\/1"}],"replies":[{"embeddable":true,"href":"https:\/\/inukpakoutfitting.ca\/fr\/wp-json\/wp\/v2\/comments?post=2480"}],"version-history":[{"count":0,"href":"https:\/\/inukpakoutfitting.ca\/fr\/wp-json\/wp\/v2\/pages\/2480\/revisions"}],"up":[{"embeddable":true,"href":"https:\/\/inukpakoutfitting.ca\/fr\/wp-json\/wp\/v2\/pages\/2506"}],"wp:attachment":[{"href":"https:\/\/inukpakoutfitting.ca\/fr\/wp-json\/wp\/v2\/media?parent=2480"}],"curies":[{"name":"wp","href":"https:\/\/api.w.org\/{rel}","templated":true}]}}