{"id":2481,"date":"2022-01-07T17:20:22","date_gmt":"2022-01-07T17:20:22","guid":{"rendered":"https:\/\/wip.digitalsteam.ca\/inukpak\/map-compass-gps\/"},"modified":"2022-06-08T18:49:50","modified_gmt":"2022-06-08T18:49:50","slug":"map-compass-gps","status":"publish","type":"page","link":"https:\/\/inukpakoutfitting.ca\/fr\/formations\/map-compass-gps\/","title":{"rendered":"Carte, bousole et GPS"},"content":{"rendered":"<h1>FORMATION SUR LA G\u00c9OLOCALISATION EN ARCTIQUE<\/h1>\n<h2>Carte, boussole et GPS<\/h2>\n<div>\n<p>Vous avez vu juste : les points de rep\u00e8re tr\u00e8s limit\u00e9s, les sentiers non balis\u00e9s et les r\u00e9gions qui ne sont pas couvertes dans les cartes g\u00e9ographiques les plus r\u00e9centes ne sont que quelques-uns des facteurs qui font de l\u2019Arctique l\u2019un des environnements les plus difficiles \u00e0 naviguer. Lors de ce cours, nous vous enseignerons comment utiliser la carte et la boussole avec comp\u00e9tence\u2009; une s\u00e9ance pratique interactive int\u00e9rieure sera suivie d\u2019une mise en application des nouvelles comp\u00e9tences sur les terres. Soyez pr\u00eats, et ne perdez plus le Nord\u2009!<\/p>\n<p>Communiquez avec nous pour davantage de renseignements.<\/p>\n<\/div>\n<h2>GPS \u00ab\u2009pour les nuls\u2009\u00bb<\/h2>\n<div>\n<p>Les GPS sont de plus en plus r\u00e9pandus : dans nos voitures, nos maisons, nos t\u00e9l\u00e9phones, m\u00eame dans certaines montres\u2009! Apprenez \u00e0 en utiliser les fonctions et usages de base. Une amusante s\u00e9ance interactive en classe sera suivie d\u2019une mise en pratique des nouvelles comp\u00e9tences sur le terrain. Nous avons des appareils simples que vous pouvez utiliser, ou vous pouvez amener votre propre appareil pour en apprendre plus sur ses fonctions. Communiquez avec nous pour planifier un cours pour votre groupe\u2009; que vous fassiez partie d\u2019un organisme jeunesse ayant peu d\u2019exp\u00e9rience avec cette technologie ou que vous soyez un adepte chevronn\u00e9 de la chasse ou du plein air, nous saurons adapter notre cours \u00e0 vos besoins.<\/p>\n<p>Communiquez avec nous pour davantage de renseignements.<\/p>\n<\/div>\n<div><a href=\"javascript:void(0)\" class=\"hustle_module_shortcode_trigger hustle_module_5 \" data-id=\"5\" data-type=\"popup\">NOUS JOINDRE AU SUJET DE CETTE OFFRE<\/a><\/div>\n<div>Assurez-vous de choisir la cat\u00e9gorie de formation dans notre formulaire.<\/div>\n<p><!--more--><br \/>\n<!-- {\"name\":\"BKP Training 4\",\"type\":\"layout\",\"children\":[{\"type\":\"section\",\"props\":{\"style\":\"muted\",\"width\":\"default\",\"vertical_align\":\"middle\",\"title_position\":\"top-left\",\"title_rotation\":\"left\",\"title_breakpoint\":\"xl\",\"image_position\":\"center-center\",\"padding\":\"xsmall\"},\"children\":[{\"type\":\"row\",\"children\":[{\"type\":\"column\",\"props\":{\"position_sticky_breakpoint\":\"m\",\"image_position\":\"center-center\",\"media_overlay_gradient\":\"\"},\"children\":[{\"type\":\"headline\",\"props\":{\"title_element\":\"h1\",\"content\":\"FORMATION SUR LA G\\u00c9OLOCALISATION EN ARCTIQUE\",\"title_style\":\"h3\",\"text_align\":\"left\",\"title_color\":\"secondary\",\"title_decoration\":\"bullet\"},\"name\":\"CATEGORY NAME (H1)\"}]}]}],\"name\":\"PAGE CATEGORY\"},{\"name\":\"Orientation, Map & Compass\",\"type\":\"section\",\"props\":{\"style\":\"default\",\"width\":\"default\",\"image_size\":\"cover\",\"class\":\"\",\"image_position\":\"center-center\",\"vertical_align\":\"middle\",\"title_position\":\"top-left\",\"title_rotation\":\"left\",\"title_breakpoint\":\"xl\"},\"children\":[{\"name\":\"\",\"type\":\"row\",\"children\":[{\"name\":\"\",\"type\":\"column\",\"props\":{\"image_position\":\"center-center\",\"media_overlay_gradient\":\"\",\"width_medium\":\"1-1\",\"position_sticky_breakpoint\":\"m\"},\"children\":[{\"name\":\"\",\"type\":\"headline\",\"props\":{\"title_element\":\"h2\",\"content\":\"Carte, boussole et GPS\",\"title_style\":\"h2\",\"class\":\"\"}},{\"name\":\"\",\"type\":\"text\",\"props\":{\"column_breakpoint\":\"m\",\"margin\":\"default\",\"content\":\"\n\n<p>Vous avez vu juste : les points de rep\\u00e8re tr\\u00e8s limit\\u00e9s, les sentiers non balis\\u00e9s et les r\\u00e9gions qui ne sont pas couvertes dans les cartes g\\u00e9ographiques les plus r\\u00e9centes ne sont que quelques-uns des facteurs qui font de l\\u2019Arctique l\\u2019un des environnements les plus difficiles \\u00e0 naviguer. Lors de ce cours, nous vous enseignerons comment utiliser la carte et la boussole avec comp\\u00e9tence\\u2009; une s\\u00e9ance pratique interactive int\\u00e9rieure sera suivie d\\u2019une mise en application des nouvelles comp\\u00e9tences sur les terres. Soyez pr\\u00eats, et ne perdez plus le Nord\\u2009!<\\\/p>\\n\n\n<p>Communiquez avec nous pour davantage de renseignements.<\\\/p>\",\"text_align\":\"justify\"}}]}]}]},{\"name\":\"GPS \\u201cfor dummies\\u201d\",\"type\":\"section\",\"props\":{\"style\":\"default\",\"width\":\"default\",\"image_size\":\"cover\",\"class\":\"\",\"image_position\":\"center-center\",\"vertical_align\":\"middle\",\"title_position\":\"top-left\",\"title_rotation\":\"left\",\"title_breakpoint\":\"xl\"},\"children\":[{\"name\":\"\",\"type\":\"row\",\"children\":[{\"name\":\"\",\"type\":\"column\",\"props\":{\"image_position\":\"center-center\",\"media_overlay_gradient\":\"\",\"width_medium\":\"1-1\",\"position_sticky_breakpoint\":\"m\"},\"children\":[{\"name\":\"\",\"type\":\"headline\",\"props\":{\"title_element\":\"h2\",\"content\":\"GPS \\u00ab\\u2009pour les nuls\\u2009\\u00bb\",\"title_style\":\"h2\",\"class\":\"\"}},{\"name\":\"\",\"type\":\"text\",\"props\":{\"column_breakpoint\":\"m\",\"margin\":\"default\",\"content\":\"\n\n<p>Les GPS sont de plus en plus r\\u00e9pandus : dans nos voitures, nos maisons, nos t\\u00e9l\\u00e9phones, m\\u00eame dans certaines montres\\u2009! Apprenez \\u00e0 en utiliser les fonctions et usages de base. Une amusante s\\u00e9ance interactive en classe sera suivie d\\u2019une mise en pratique des nouvelles comp\\u00e9tences sur le terrain. Nous avons des appareils simples que vous pouvez utiliser, ou vous pouvez amener votre propre appareil pour en apprendre plus sur ses fonctions. Communiquez avec nous pour planifier un cours pour votre groupe\\u2009; que vous fassiez partie d\\u2019un organisme jeunesse ayant peu d\\u2019exp\\u00e9rience avec cette technologie ou que vous soyez un adepte chevronn\\u00e9 de la chasse ou du plein air, nous saurons adapter notre cours \\u00e0 vos besoins.<\\\/p>\\n\n\n<p>Communiquez avec nous pour davantage de renseignements.<\\\/p>\",\"text_align\":\"justify\"}}]}]}]},{\"type\":\"section\",\"props\":{\"style\":\"default\",\"width\":\"default\",\"vertical_align\":\"middle\",\"title_position\":\"top-left\",\"title_rotation\":\"left\",\"title_breakpoint\":\"xl\",\"image_position\":\"center-center\"},\"children\":[{\"type\":\"row\",\"props\":{\"width\":\"small\",\"margin\":\"default\"},\"children\":[{\"type\":\"column\",\"props\":{\"image_position\":\"center-center\",\"media_overlay_gradient\":\"\",\"style\":\"muted\",\"padding\":\"xsmall\",\"position_sticky_breakpoint\":\"m\"},\"children\":[{\"type\":\"text\",\"props\":{\"margin\":\"default\",\"column_breakpoint\":\"m\",\"content\":\"[wd_hustle id=\\\"5\\\" type=\\\"popup\\\"]NOUS JOINDRE AU SUJET DE CETTE OFFRE[\\\/wd_hustle]\",\"text_align\":\"center\",\"margin_remove_bottom\":true},\"name\":\"Contact Us About this training\"},{\"type\":\"text\",\"props\":{\"margin\":\"default\",\"column_breakpoint\":\"m\",\"content\":\"Assurez-vous de choisir la cat\\u00e9gorie de formation dans notre formulaire.\",\"text_align\":\"center\",\"text_size\":\"small\",\"margin_remove_top\":true,\"text_color\":\"emphasis\"}}]}]}],\"name\":\"Nous joindre (formations)\"}],\"version\":\"2.7.22\",\"yooessentialsVersion\":\"1.6.10\"} --><\/p>\n","protected":false},"excerpt":{"rendered":"<p>FORMATION SUR LA G\u00c9OLOCALISATION EN ARCTIQUE Carte, boussole et GPS Vous avez vu juste : les points de rep\u00e8re tr\u00e8s limit\u00e9s, les sentiers non balis\u00e9s et les r\u00e9gions qui ne sont pas couvertes dans les cartes g\u00e9ographiques les plus r\u00e9centes ne sont que quelques-uns des facteurs qui font de l\u2019Arctique l\u2019un des environnements les plus [&hellip;]<\/p>\n","protected":false},"author":1,"featured_media":0,"parent":2506,"menu_order":0,"comment_status":"closed","ping_status":"closed","template":"","meta":{"footnotes":""},"class_list":["post-2481","page","type-page","status-publish","hentry"],"_links":{"self":[{"href":"https:\/\/inukpakoutfitting.ca\/fr\/wp-json\/wp\/v2\/pages\/2481","targetHints":{"allow":["GET"]}}],"collection":[{"href":"https:\/\/inukpakoutfitting.ca\/fr\/wp-json\/wp\/v2\/pages"}],"about":[{"href":"https:\/\/inukpakoutfitting.ca\/fr\/wp-json\/wp\/v2\/types\/page"}],"author":[{"embeddable":true,"href":"https:\/\/inukpakoutfitting.ca\/fr\/wp-json\/wp\/v2\/users\/1"}],"replies":[{"embeddable":true,"href":"https:\/\/inukpakoutfitting.ca\/fr\/wp-json\/wp\/v2\/comments?post=2481"}],"version-history":[{"count":0,"href":"https:\/\/inukpakoutfitting.ca\/fr\/wp-json\/wp\/v2\/pages\/2481\/revisions"}],"up":[{"embeddable":true,"href":"https:\/\/inukpakoutfitting.ca\/fr\/wp-json\/wp\/v2\/pages\/2506"}],"wp:attachment":[{"href":"https:\/\/inukpakoutfitting.ca\/fr\/wp-json\/wp\/v2\/media?parent=2481"}],"curies":[{"name":"wp","href":"https:\/\/api.w.org\/{rel}","templated":true}]}}