{"id":2482,"date":"2022-01-07T17:19:55","date_gmt":"2022-01-07T17:19:55","guid":{"rendered":"https:\/\/wip.digitalsteam.ca\/inukpak\/arctic-survival-and-preparedness\/"},"modified":"2022-06-08T11:55:20","modified_gmt":"2022-06-08T11:55:20","slug":"arctic-survival-and-preparedness","status":"publish","type":"page","link":"https:\/\/inukpakoutfitting.ca\/fr\/formations\/arctic-survival-and-preparedness\/","title":{"rendered":"Arctic Survival and Preparedness"},"content":{"rendered":"<h1>PROGRAMME DE FORMATION DE SURVIE EN ARCTIQUE<\/h1>\n<div>Ne vous aventurez plus sur les terres sans quelques essentiels, et soyez une personne sur qui vos amis peuvent compter. Apprenez les bases de la survie et prenez ces quelques mesures pour que votre prochaine excursion soit plus s\u00e9curitaire. Depuis de nombreuses ann\u00e9es, Inukpak Outfitting donne des cours de survie dans l\u2019Arctique \u00e0 des groupes de tous \u00e2ges et de tous les genres, des groupes de scouts au personnel militaire.<\/div>\n<h2>Survie dans l\u2019Arctique<\/h2>\n<div>\n<p>Notre instructeur vous guidera dans des sc\u00e9narios r\u00e9v\u00e9lateurs pour am\u00e9liorer vos comp\u00e9tences de survie, de votre capacit\u00e9 de prise de d\u00e9cision en cas d\u2019urgence \u00e0 votre habilet\u00e9 \u00e0 pr\u00e9parer et planifier vos excursions de fa\u00e7on s\u00e9curitaire. Apr\u00e8s quelques heures dans la salle de classe, le cours se d\u00e9placera \u00e0 l\u2019ext\u00e9rieur pour que vous mettiez en pratique vos comp\u00e9tences.<\/p>\n<p>Communiquez avec nous pour discuter de vos besoins. C\u2019est avec plaisir que nous vous offrirons un cours sur mesure qui comblera vos exigences.<\/p>\n<\/div>\n<h4>Plan du cours de Survie dans l\u2019Arctique :<\/h4>\n<ul>\n<li>\n<div>Les n\u00e9cessit\u00e9s de la vie\n<\/div>\n<\/li>\n<li>\n<div>Prise de d\u00e9cision\n<\/div>\n<\/li>\n<li>\n<div>Trousse de survie d\u2019urgence\n<\/div>\n<\/li>\n<li>\n<div>Syst\u00e8me vestimentaire\n<\/div>\n<\/li>\n<li>\n<div>Abris\n<\/div>\n<\/li>\n<li>\n<div>Chaleur\u2014Feu\n<\/div>\n<\/li>\n<li>\n<div>Nourriture\u2014Eau\n<\/div>\n<\/li>\n<li>\n<div>Signaux d\u2019urgence\n<\/div>\n<\/li>\n<li>\n<div>Identification et gestion des dangers fauniques de l\u2019Arctique\n<\/div>\n<\/li>\n<li>\n<div>Planifier une excursion<\/div>\n<\/li>\n<\/ul>\n<div>Communiquez avec nous pour de plus amples renseignements.<\/div>\n<div><a href=\"javascript:void(0)\" class=\"hustle_module_shortcode_trigger hustle_module_5 \" data-id=\"5\" data-type=\"popup\">NOUS JOINDRE AU SUJET DE CETTE OFFRE<\/a><\/div>\n<div>Assurez-vous de choisir la cat\u00e9gorie de formation dans notre formulaire.<\/div>\n<p><!--more--><br \/>\n<!-- {\"name\":\"BKP Training 3\",\"type\":\"layout\",\"children\":[{\"type\":\"section\",\"props\":{\"style\":\"muted\",\"width\":\"default\",\"vertical_align\":\"middle\",\"title_position\":\"top-left\",\"title_rotation\":\"left\",\"title_breakpoint\":\"xl\",\"image_position\":\"center-center\",\"padding\":\"xsmall\"},\"children\":[{\"type\":\"row\",\"children\":[{\"type\":\"column\",\"props\":{\"position_sticky_breakpoint\":\"m\",\"image_position\":\"center-center\",\"media_overlay_gradient\":\"\"},\"children\":[{\"type\":\"headline\",\"props\":{\"title_element\":\"h1\",\"content\":\"PROGRAMME DE FORMATION DE SURVIE EN ARCTIQUE\",\"title_style\":\"h3\",\"text_align\":\"left\"},\"name\":\"CATEGORY NAME (H1)\"},{\"type\":\"text\",\"props\":{\"margin\":\"default\",\"column_breakpoint\":\"m\",\"content\":\"Ne vous aventurez plus sur les terres sans quelques essentiels, et soyez une personne sur qui vos amis peuvent compter. Apprenez les bases de la survie et prenez ces quelques mesures pour que votre prochaine excursion soit plus s\\u00e9curitaire. Depuis de nombreuses ann\\u00e9es, Inukpak Outfitting donne des cours de survie dans l\\u2019Arctique \\u00e0 des groupes de tous \\u00e2ges et de tous les genres, des groupes de scouts au personnel militaire.\",\"text_color\":\"primary\"}}]}]}],\"name\":\"PAGE CATEGORY AND INTRO\"},{\"name\":\"Arctic Survival and Preparedness\",\"type\":\"section\",\"props\":{\"style\":\"default\",\"width\":\"default\",\"image_size\":\"cover\",\"class\":\"\",\"vertical_align\":\"middle\",\"title_position\":\"top-left\",\"title_rotation\":\"left\",\"title_breakpoint\":\"xl\",\"image_position\":\"center-center\",\"padding\":\"small\"},\"children\":[{\"name\":\"\",\"type\":\"row\",\"children\":[{\"name\":\"\",\"type\":\"column\",\"children\":[{\"name\":\"\",\"type\":\"headline\",\"props\":{\"title_element\":\"h2\",\"content\":\"Survie dans l\\u2019Arctique\",\"title_style\":\"h2\",\"class\":\"\"}},{\"name\":\"\",\"type\":\"text\",\"props\":{\"column_breakpoint\":\"m\",\"margin\":\"default\",\"content\":\"\n\n<p>Notre instructeur vous guidera dans des sc\\u00e9narios r\\u00e9v\\u00e9lateurs pour am\\u00e9liorer vos comp\\u00e9tences de survie, de votre capacit\\u00e9 de prise de d\\u00e9cision en cas d\\u2019urgence \\u00e0 votre habilet\\u00e9 \\u00e0 pr\\u00e9parer et planifier vos excursions de fa\\u00e7on s\\u00e9curitaire. Apr\\u00e8s quelques heures dans la salle de classe, le cours se d\\u00e9placera \\u00e0 l\\u2019ext\\u00e9rieur pour que vous mettiez en pratique vos comp\\u00e9tences.<\\\/p>\\n\n\n<p>Communiquez avec nous pour discuter de vos besoins. C\\u2019est avec plaisir que nous vous offrirons un cours sur mesure qui comblera vos exigences.<\\\/p>\",\"text_align\":\"justify\"}},{\"name\":\"\",\"type\":\"headline\",\"props\":{\"title_element\":\"h4\",\"content\":\"Plan du cours de Survie dans l\\u2019Arctique :\",\"title_style\":\"h4\"}},{\"name\":\"\",\"type\":\"list\",\"props\":{\"image_align\":\"left\",\"image\":true,\"content_style\":null,\"show_image\":true,\"show_link\":true,\"image_svg_color\":\"emphasis\",\"image_vertical_align\":true,\"list_marker\":\"bullet\",\"list_size\":\"\",\"list_element\":\"ul\",\"column_breakpoint\":\"m\",\"list_type\":\"vertical\",\"list_horizontal_separator\":\", \"},\"children\":[{\"name\":\"\",\"type\":\"list_item\",\"props\":{\"content\":\"Les n\\u00e9cessit\\u00e9s de la vie\\n\"}},{\"type\":\"list_item\",\"props\":{\"content\":\"Prise de d\\u00e9cision\\n\"}},{\"type\":\"list_item\",\"props\":{\"content\":\"Trousse de survie d\\u2019urgence\\n\"}},{\"type\":\"list_item\",\"props\":{\"content\":\"Syst\\u00e8me vestimentaire\\n\"}},{\"type\":\"list_item\",\"props\":{\"content\":\"Abris\\n\"}},{\"type\":\"list_item\",\"props\":{\"content\":\"Chaleur\\u2014Feu\\n\"}},{\"type\":\"list_item\",\"props\":{\"content\":\"Nourriture\\u2014Eau\\n\"}},{\"type\":\"list_item\",\"props\":{\"content\":\"Signaux d\\u2019urgence\\n\"}},{\"type\":\"list_item\",\"props\":{\"content\":\"Identification et gestion des dangers fauniques de l\\u2019Arctique\\n\"}},{\"type\":\"list_item\",\"props\":{\"content\":\"Planifier une excursion\"}}]},{\"name\":\"\",\"type\":\"text\",\"props\":{\"column_breakpoint\":\"m\",\"margin\":\"default\",\"content\":\"Communiquez avec nous pour de plus amples renseignements.\",\"text_align\":\"justify\"}}],\"props\":{\"image_position\":\"center-center\",\"media_overlay_gradient\":\"\",\"width_medium\":\"1-1\",\"position_sticky_breakpoint\":\"m\"}}]}]},{\"type\":\"section\",\"props\":{\"style\":\"default\",\"width\":\"default\",\"vertical_align\":\"middle\",\"title_position\":\"top-left\",\"title_rotation\":\"left\",\"title_breakpoint\":\"xl\",\"image_position\":\"center-center\"},\"children\":[{\"type\":\"row\",\"props\":{\"width\":\"small\",\"margin\":\"default\"},\"children\":[{\"type\":\"column\",\"props\":{\"image_position\":\"center-center\",\"media_overlay_gradient\":\"\",\"style\":\"muted\",\"padding\":\"xsmall\",\"position_sticky_breakpoint\":\"m\"},\"children\":[{\"type\":\"text\",\"props\":{\"margin\":\"default\",\"column_breakpoint\":\"m\",\"content\":\"[wd_hustle id=\\\"5\\\" type=\\\"popup\\\"]NOUS JOINDRE AU SUJET DE CETTE OFFRE[\\\/wd_hustle]\",\"text_align\":\"center\",\"margin_remove_bottom\":true},\"name\":\"Contact Us About this training\"},{\"type\":\"text\",\"props\":{\"margin\":\"default\",\"column_breakpoint\":\"m\",\"content\":\"Assurez-vous de choisir la cat\\u00e9gorie de formation dans notre formulaire.\",\"text_align\":\"center\",\"text_size\":\"small\",\"margin_remove_top\":true,\"text_color\":\"emphasis\"}}]}]}],\"name\":\"Nous joindre (formations)\"}],\"version\":\"2.7.22\",\"yooessentialsVersion\":\"1.6.10\"} --><\/p>\n","protected":false},"excerpt":{"rendered":"<p>PROGRAMME DE FORMATION DE SURVIE EN ARCTIQUE Ne vous aventurez plus sur les terres sans quelques essentiels, et soyez une personne sur qui vos amis peuvent compter. Apprenez les bases de la survie et prenez ces quelques mesures pour que votre prochaine excursion soit plus s\u00e9curitaire. Depuis de nombreuses ann\u00e9es, Inukpak Outfitting donne des cours [&hellip;]<\/p>\n","protected":false},"author":1,"featured_media":0,"parent":2506,"menu_order":0,"comment_status":"closed","ping_status":"closed","template":"","meta":{"footnotes":""},"class_list":["post-2482","page","type-page","status-publish","hentry"],"_links":{"self":[{"href":"https:\/\/inukpakoutfitting.ca\/fr\/wp-json\/wp\/v2\/pages\/2482","targetHints":{"allow":["GET"]}}],"collection":[{"href":"https:\/\/inukpakoutfitting.ca\/fr\/wp-json\/wp\/v2\/pages"}],"about":[{"href":"https:\/\/inukpakoutfitting.ca\/fr\/wp-json\/wp\/v2\/types\/page"}],"author":[{"embeddable":true,"href":"https:\/\/inukpakoutfitting.ca\/fr\/wp-json\/wp\/v2\/users\/1"}],"replies":[{"embeddable":true,"href":"https:\/\/inukpakoutfitting.ca\/fr\/wp-json\/wp\/v2\/comments?post=2482"}],"version-history":[{"count":0,"href":"https:\/\/inukpakoutfitting.ca\/fr\/wp-json\/wp\/v2\/pages\/2482\/revisions"}],"up":[{"embeddable":true,"href":"https:\/\/inukpakoutfitting.ca\/fr\/wp-json\/wp\/v2\/pages\/2506"}],"wp:attachment":[{"href":"https:\/\/inukpakoutfitting.ca\/fr\/wp-json\/wp\/v2\/media?parent=2482"}],"curies":[{"name":"wp","href":"https:\/\/api.w.org\/{rel}","templated":true}]}}