{"id":2483,"date":"2022-01-07T17:19:17","date_gmt":"2022-01-07T17:19:17","guid":{"rendered":"https:\/\/wip.digitalsteam.ca\/inukpak\/wilderness-first-aid\/"},"modified":"2022-06-08T18:48:43","modified_gmt":"2022-06-08T18:48:43","slug":"secourisme-en-milieu-sauvage","status":"publish","type":"page","link":"https:\/\/inukpakoutfitting.ca\/fr\/formations\/secourisme-en-milieu-sauvage\/","title":{"rendered":"Secourisme en milieu sauvage"},"content":{"rendered":"<h1>PROGRAMMES DE FORMATION EN MILIEU SAUVAGE ARCTIQUE<\/h1>\n<div>Depuis plus de 25 ans, Sirius Secourisme en r\u00e9gion isol\u00e9e est un chef de file en formation sur le secourisme et la s\u00e9curit\u00e9 et en services de soutien m\u00e9dical en r\u00e9gion \u00e9loign\u00e9e. Fond\u00e9 en 1990, Sirius est reconnu tant au Canada que dans le monde entier pour l\u2019expertise et l\u2019exp\u00e9rience de son personnel et pour la qualit\u00e9 exceptionnelle des programmes et solutions qu\u2019elle offre.<\/div>\n<h2>Secourisme en milieu sauvage \/ Secourisme en r\u00e9gion isol\u00e9e Sirius<\/h2>\n<div>\n<p>Louis-Philip Pothier, le pr\u00e9sident de Inukpak Outfitting, est fier d\u2019\u00eatre un instructeur pour Sirius Secourisme en r\u00e9gion isol\u00e9e.<\/p>\n<p>Sirius est le plus grand fournisseur de formation en s\u00e9curit\u00e9 en r\u00e9gions \u00e9loign\u00e9es du Canada. Ils offrent des cours de secourisme en r\u00e9gion \u00e9loign\u00e9e et de formation pratique de tous les niveaux aux entreprises de l\u2019industrie primaire, aux gouvernements, aux groupes d\u2019exploration scientifique et aux professionnels du plein air qui travaillent sur des sites \u00e9loign\u00e9s ou qui se d\u00e9placent en milieu sauvage. Contrairement aux cours de secourisme habituels, bas\u00e9s sur une r\u00e9alit\u00e9 urbaine, ces programmes sont con\u00e7us express\u00e9ment pour r\u00e9pondre aux urgences m\u00e9dicales auxquelles les services m\u00e9dicaux d\u2019urgence ou le 911 ne peuvent r\u00e9pondre.<\/p>\n<\/div>\n<div>Pour en apprendre davantage, visitez leur site Web:<\/div>\n<p><img decoding=\"async\" data-src=\"\/wp-content\/uploads\/2022\/05\/logo_SIRIUSMEDX.jpeg\" alt=\"\" src=\"data:image\/svg+xml;base64,PHN2ZyB3aWR0aD0iMSIgaGVpZ2h0PSIxIiB4bWxucz0iaHR0cDovL3d3dy53My5vcmcvMjAwMC9zdmciPjwvc3ZnPg==\" class=\"lazyload\" style=\"--smush-placeholder-width: 965px; --smush-placeholder-aspect-ratio: 965\/534;\"><\/p>\n<p>\n    <a href=\"https:\/\/erp.siriusmedx.com\/en_CA\/aboutus\">SIRIUSMEDX<\/a>\n<\/p>\n<div><a href=\"javascript:void(0)\" class=\"hustle_module_shortcode_trigger hustle_module_5 \" data-id=\"5\" data-type=\"popup\">NOUS JOINDRE AU SUJET DE CETTE OFFRE<\/a><\/div>\n<div>Assurez-vous de choisir la cat\u00e9gorie de formation dans notre formulaire.<\/div>\n<p><!--more--><br \/>\n<!-- {\"name\":\"BKP Training 2\",\"type\":\"layout\",\"children\":[{\"type\":\"section\",\"props\":{\"style\":\"muted\",\"width\":\"default\",\"vertical_align\":\"middle\",\"title_position\":\"top-left\",\"title_rotation\":\"left\",\"title_breakpoint\":\"xl\",\"image_position\":\"center-center\",\"padding\":\"xsmall\"},\"children\":[{\"type\":\"row\",\"children\":[{\"type\":\"column\",\"props\":{\"position_sticky_breakpoint\":\"m\",\"image_position\":\"center-center\",\"media_overlay_gradient\":\"\"},\"children\":[{\"type\":\"headline\",\"props\":{\"title_element\":\"h1\",\"content\":\"PROGRAMMES DE FORMATION EN MILIEU SAUVAGE ARCTIQUE\",\"title_style\":\"h3\",\"text_align\":\"left\"},\"name\":\"CATEGORY NAME (H1)\"},{\"type\":\"text\",\"props\":{\"margin\":\"default\",\"column_breakpoint\":\"m\",\"content\":\"Depuis plus de 25 ans, Sirius Secourisme en r\\u00e9gion isol\\u00e9e est un chef de file en formation sur le secourisme et la s\\u00e9curit\\u00e9 et en services de soutien m\\u00e9dical en r\\u00e9gion \\u00e9loign\\u00e9e. Fond\\u00e9 en 1990, Sirius est reconnu tant au Canada que dans le monde entier pour l\\u2019expertise et l\\u2019exp\\u00e9rience de son personnel et pour la qualit\\u00e9 exceptionnelle des programmes et solutions qu\\u2019elle offre.\",\"text_color\":\"primary\"}}]}]}],\"name\":\"PAGE CATEGORY AND INTRO\"},{\"type\":\"section\",\"props\":{\"style\":\"default\",\"width\":\"default\",\"vertical_align\":\"middle\",\"title_position\":\"top-left\",\"title_rotation\":\"left\",\"title_breakpoint\":\"xl\",\"image_position\":\"center-center\"},\"children\":[{\"type\":\"row\",\"children\":[{\"type\":\"column\",\"props\":{\"position_sticky_breakpoint\":\"m\",\"image_position\":\"center-center\",\"media_overlay_gradient\":\"\"},\"children\":[{\"name\":\"\",\"type\":\"headline\",\"props\":{\"title_element\":\"h2\",\"content\":\"Secourisme en milieu sauvage \\\/ Secourisme en r\\u00e9gion isol\\u00e9e Sirius\",\"title_style\":\"h2\",\"class\":\"\"}},{\"name\":\"\",\"type\":\"text\",\"props\":{\"column_breakpoint\":\"m\",\"margin\":\"default\",\"content\":\"\n\n<p>Louis-Philip Pothier, le pr\\u00e9sident de Inukpak Outfitting, est fier d\\u2019\\u00eatre un instructeur pour Sirius Secourisme en r\\u00e9gion isol\\u00e9e.<\\\/p>\\n\n\n<p>Sirius est le plus grand fournisseur de formation en s\\u00e9curit\\u00e9 en r\\u00e9gions \\u00e9loign\\u00e9es du Canada. Ils offrent des cours de secourisme en r\\u00e9gion \\u00e9loign\\u00e9e et de formation pratique de tous les niveaux aux entreprises de l\\u2019industrie primaire, aux gouvernements, aux groupes d\\u2019exploration scientifique et aux professionnels du plein air qui travaillent sur des sites \\u00e9loign\\u00e9s ou qui se d\\u00e9placent en milieu sauvage. Contrairement aux cours de secourisme habituels, bas\\u00e9s sur une r\\u00e9alit\\u00e9 urbaine, ces programmes sont con\\u00e7us express\\u00e9ment pour r\\u00e9pondre aux urgences m\\u00e9dicales auxquelles les services m\\u00e9dicaux d\\u2019urgence ou le 911 ne peuvent r\\u00e9pondre.<\\\/p>\",\"text_align\":\"justify\"}}]}]}]},{\"name\":\"\",\"type\":\"section\",\"props\":{\"style\":\"default\",\"width\":\"default\",\"image_size\":\"cover\",\"vertical_align\":\"middle\",\"title_position\":\"top-left\",\"title_rotation\":\"left\",\"title_breakpoint\":\"xl\",\"image_position\":\"center-center\"},\"children\":[{\"name\":\"\",\"type\":\"row\",\"children\":[{\"name\":\"\",\"type\":\"column\",\"children\":[{\"name\":\"\",\"type\":\"text\",\"props\":{\"column_breakpoint\":\"m\",\"margin\":\"default\",\"content\":\"Pour en apprendre davantage, visitez leur site Web:\",\"text_align\":\"center\"}},{\"name\":\"\",\"type\":\"image\",\"props\":{\"margin\":\"default\",\"image\":\"wp-content\\\/uploads\\\/2022\\\/05\\\/logo_SIRIUSMEDX.jpeg\",\"text_align\":\"center\",\"image_svg_color\":\"emphasis\",\"image_width\":\"400\"}},{\"name\":\"\",\"type\":\"button\",\"props\":{\"margin\":\"default\",\"text_align\":\"center\",\"grid_column_gap\":\"small\",\"grid_row_gap\":\"small\"},\"children\":[{\"name\":\"\",\"type\":\"button_item\",\"props\":{\"button_style\":\"text\",\"icon_align\":\"left\",\"link\":\"https:\\\/\\\/erp.siriusmedx.com\\\/en_CA\\\/aboutus\",\"content\":\"SIRIUSMEDX\",\"link_title\":\"Sirius Wilderness Medicine\",\"link_target\":\"blank\"}}]}],\"props\":{\"image_position\":\"center-center\",\"media_overlay_gradient\":\"\",\"width_medium\":\"1-1\",\"position_sticky_breakpoint\":\"m\"}}]}]},{\"type\":\"section\",\"props\":{\"style\":\"default\",\"width\":\"default\",\"vertical_align\":\"middle\",\"title_position\":\"top-left\",\"title_rotation\":\"left\",\"title_breakpoint\":\"xl\",\"image_position\":\"center-center\"},\"children\":[{\"type\":\"row\",\"props\":{\"width\":\"small\",\"margin\":\"default\"},\"children\":[{\"type\":\"column\",\"props\":{\"image_position\":\"center-center\",\"media_overlay_gradient\":\"\",\"style\":\"muted\",\"padding\":\"xsmall\",\"position_sticky_breakpoint\":\"m\"},\"children\":[{\"type\":\"text\",\"props\":{\"margin\":\"default\",\"column_breakpoint\":\"m\",\"content\":\"[wd_hustle id=\\\"5\\\" type=\\\"popup\\\"]NOUS JOINDRE AU SUJET DE CETTE OFFRE[\\\/wd_hustle]\",\"text_align\":\"center\",\"margin_remove_bottom\":true},\"name\":\"Contact Us About this training\"},{\"type\":\"text\",\"props\":{\"margin\":\"default\",\"column_breakpoint\":\"m\",\"content\":\"Assurez-vous de choisir la cat\\u00e9gorie de formation dans notre formulaire.\",\"text_align\":\"center\",\"text_size\":\"small\",\"margin_remove_top\":true,\"text_color\":\"emphasis\"}}]}]}],\"name\":\"Nous joindre (formations)\"}],\"version\":\"2.7.22\",\"yooessentialsVersion\":\"1.6.10\"} --><\/p>\n","protected":false},"excerpt":{"rendered":"<p>PROGRAMMES DE FORMATION EN MILIEU SAUVAGE ARCTIQUE Depuis plus de 25 ans, Sirius Secourisme en r\u00e9gion isol\u00e9e est un chef de file en formation sur le secourisme et la s\u00e9curit\u00e9 et en services de soutien m\u00e9dical en r\u00e9gion \u00e9loign\u00e9e. Fond\u00e9 en 1990, Sirius est reconnu tant au Canada que dans le monde entier pour l\u2019expertise [&hellip;]<\/p>\n","protected":false},"author":1,"featured_media":0,"parent":2506,"menu_order":0,"comment_status":"closed","ping_status":"closed","template":"","meta":{"footnotes":""},"class_list":["post-2483","page","type-page","status-publish","hentry"],"_links":{"self":[{"href":"https:\/\/inukpakoutfitting.ca\/fr\/wp-json\/wp\/v2\/pages\/2483","targetHints":{"allow":["GET"]}}],"collection":[{"href":"https:\/\/inukpakoutfitting.ca\/fr\/wp-json\/wp\/v2\/pages"}],"about":[{"href":"https:\/\/inukpakoutfitting.ca\/fr\/wp-json\/wp\/v2\/types\/page"}],"author":[{"embeddable":true,"href":"https:\/\/inukpakoutfitting.ca\/fr\/wp-json\/wp\/v2\/users\/1"}],"replies":[{"embeddable":true,"href":"https:\/\/inukpakoutfitting.ca\/fr\/wp-json\/wp\/v2\/comments?post=2483"}],"version-history":[{"count":0,"href":"https:\/\/inukpakoutfitting.ca\/fr\/wp-json\/wp\/v2\/pages\/2483\/revisions"}],"up":[{"embeddable":true,"href":"https:\/\/inukpakoutfitting.ca\/fr\/wp-json\/wp\/v2\/pages\/2506"}],"wp:attachment":[{"href":"https:\/\/inukpakoutfitting.ca\/fr\/wp-json\/wp\/v2\/media?parent=2483"}],"curies":[{"name":"wp","href":"https:\/\/api.w.org\/{rel}","templated":true}]}}