{"id":2484,"date":"2022-01-07T17:18:42","date_gmt":"2022-01-07T17:18:42","guid":{"rendered":"https:\/\/wip.digitalsteam.ca\/inukpak\/standard-first-aid-and-cpr\/"},"modified":"2022-06-08T11:54:27","modified_gmt":"2022-06-08T11:54:27","slug":"secourisme-general-et-rcr-fondation-des-maladies-du-coeur-et-de-lavc-du-canada","status":"publish","type":"page","link":"https:\/\/inukpakoutfitting.ca\/fr\/formations\/secourisme-general-et-rcr-fondation-des-maladies-du-coeur-et-de-lavc-du-canada\/","title":{"rendered":"Secourisme g\u00e9n\u00e9ral et RCR\/Fondation des maladies du c\u0153ur et de l\u2019AVC du Canada"},"content":{"rendered":"<h1>PROGRAMMES DE FORMATION EN PREMIERS SOINS ET RCR DANS L&rsquo;ARCTIQUE<\/h1>\n<div>\n<p>Soyez un h\u00e9ros\u2009! Apprenez \u00e0 sauver des vies. Inukpak Outfitting est fier de s\u2019associer avec la Fondation des maladies du c\u0153ur et de l\u2019AVC du Canada pour vous offrir des formations en secourisme dans la capitale et, sur demande, dans les autres communaut\u00e9s du Nunavut.<\/p>\n<\/div>\n<p><img decoding=\"async\" data-src=\"\/inukpak\/wp-content\/uploads\/2022\/06\/fondation_maladies_coeur.png\" alt=\"Fondation des maladies du c\u0153ur \" src=\"data:image\/svg+xml;base64,PHN2ZyB3aWR0aD0iMSIgaGVpZ2h0PSIxIiB4bWxucz0iaHR0cDovL3d3dy53My5vcmcvMjAwMC9zdmciPjwvc3ZnPg==\" class=\"lazyload\"><\/p>\n<h2>Secourisme g\u00e9n\u00e9ral et RCR\/Fondation des maladies du c\u0153ur et de l\u2019AVC du Canada<\/h2>\n<h2>Cardio-Secours (RCR\/DEA)<\/h2>\n<div>\n<p>Le cours Cardio-Secours est la r\u00e9f\u00e9rence en mati\u00e8re de formation sur la RCR et l\u2019utilisation d\u2019un DEA au Canada. \u00c0 la fois simple et exhaustif, il vous permettra d\u2019acqu\u00e9rir les comp\u00e9tences et l\u2019assurance pour intervenir en cas d\u2019arr\u00eat cardiaque, que vous soyez \u00e0 la maison, dans un lieu public ou au travail.<\/p>\n<p>Ce cours est con\u00e7u pour le grand public. Si vous d\u00e9sirez conna\u00eetre les rudiments du secourisme, ce cours est pour vous. Notre instructeur vous enseignera \u00e0 reconna\u00eetre un arr\u00eat cardiaque, \u00e0 communiquer avec les services d\u2019urgence rapidement et \u00e0 aider la victime jusqu\u2019\u00e0 ce que des soignants plus qualifi\u00e9s prennent le relais. Pendant le volet pratique, vous apprendrez \u00e0 effectuer un RCR de haute qualit\u00e9, \u00e0 utiliser un DEA, \u00e0 administrer des insufflations par la technique du bouche-\u00e0-bouche ou avec un masque, et \u00e0 porter secours \u00e0 une victime d\u2019\u00e9touffement.<\/p>\n<p>Communiquez avec nous pour davantage de renseignements.<\/p>\n<\/div>\n<h2>Secourisme g\u00e9n\u00e9ral<\/h2>\n<div>\n<p>Ce cours de 16 heures couvre 17 domaines de soins, dont le Cardio-Secours (voir plus haut), la prise en charge d\u2019une situation d\u2019urgence, les br\u00fblures, h\u00e9morragies et blessures, les blessures aux os et aux muscles, et bien d\u2019autres encore. Apprenez \u00e0 sauver des vies et \u00e0 r\u00e9agir rapidement aux blessures.<\/p>\n<p>Ce cours de secourisme g\u00e9n\u00e9ral, pleinement approuv\u00e9 pour le milieu de travail, est un cours donn\u00e9 en classe par un instructeur qui inculque les comp\u00e9tences de base du secourisme qui sont requises par les commissions de sant\u00e9 et s\u00e9curit\u00e9 au travail partout au Canada.<\/p>\n<p>Communiquez avec nous pour davantage de renseignements.<\/p>\n<\/div>\n<div><a href=\"javascript:void(0)\" class=\"hustle_module_shortcode_trigger hustle_module_5 \" data-id=\"5\" data-type=\"popup\">NOUS JOINDRE AU SUJET DE CETTE OFFRE<\/a><\/div>\n<div>Assurez-vous de choisir la cat\u00e9gorie de formation dans notre formulaire.<\/div>\n<p><!--more--><br \/>\n<!-- {\"name\":\"BKP Training 1\",\"type\":\"layout\",\"children\":[{\"type\":\"section\",\"props\":{\"style\":\"muted\",\"width\":\"default\",\"vertical_align\":\"middle\",\"title_position\":\"top-left\",\"title_rotation\":\"left\",\"title_breakpoint\":\"xl\",\"image_position\":\"center-center\",\"padding\":\"xsmall\"},\"children\":[{\"type\":\"row\",\"children\":[{\"type\":\"column\",\"props\":{\"position_sticky_breakpoint\":\"m\",\"image_position\":\"center-center\",\"media_overlay_gradient\":\"\"},\"children\":[{\"type\":\"headline\",\"props\":{\"title_element\":\"h1\",\"content\":\"PROGRAMMES DE FORMATION EN PREMIERS SOINS ET RCR DANS L'ARCTIQUE\",\"title_style\":\"h3\",\"text_align\":\"left\"},\"name\":\"CATEGORY NAME (H1)\"},{\"type\":\"text\",\"props\":{\"margin\":\"default\",\"column_breakpoint\":\"m\",\"content\":\"\n\n<p>Soyez un h\\u00e9ros\\u2009! Apprenez \\u00e0 sauver des vies. Inukpak Outfitting est fier de s\\u2019associer avec la Fondation des maladies du c\\u0153ur et de l\\u2019AVC du Canada pour vous offrir des formations en secourisme dans la capitale et, sur demande, dans les autres communaut\\u00e9s du Nunavut.<\\\/p>\",\"text_color\":\"primary\"}}]}]}],\"name\":\"PAGE CATEGORY\"},{\"name\":\"Heart Saver (CPR\\\/AED)\",\"type\":\"section\",\"props\":{\"style\":\"default\",\"width\":\"default\",\"image_size\":\"cover\",\"class\":\"\",\"vertical_align\":\"middle\",\"title_position\":\"top-left\",\"title_rotation\":\"left\",\"title_breakpoint\":\"xl\",\"image_position\":\"center-center\"},\"children\":[{\"name\":\"\",\"type\":\"row\",\"props\":{\"layout\":\"expand,large\",\"divider\":true},\"children\":[{\"name\":\"\",\"type\":\"column\",\"children\":[{\"type\":\"image\",\"props\":{\"margin\":\"default\",\"image_svg_color\":\"emphasis\",\"image\":\"wp-content\\\/uploads\\\/2022\\\/06\\\/fondation_maladies_coeur.png\",\"text_align\":\"left\",\"text_align_breakpoint\":\"m\",\"text_align_fallback\":\"center\",\"image_alt\":\"Fondation des maladies du c\\u0153ur \"}}],\"props\":{\"image_position\":\"center-center\",\"media_overlay_gradient\":\"\",\"width_medium\":\"auto\",\"position_sticky_breakpoint\":\"m\"}},{\"type\":\"column\",\"props\":{\"image_position\":\"center-center\",\"media_overlay_gradient\":\"\",\"width_medium\":\"expand\",\"vertical_align\":\"middle\",\"position_sticky_breakpoint\":\"m\"},\"children\":[{\"name\":\"\",\"type\":\"headline\",\"props\":{\"title_element\":\"h2\",\"content\":\"Secourisme g\\u00e9n\\u00e9ral et RCR\\\/Fondation des maladies du c\\u0153ur et de l\\u2019AVC du Canada\",\"title_style\":\"h2\"}}]}]}]},{\"type\":\"section\",\"props\":{\"style\":\"default\",\"width\":\"default\",\"vertical_align\":\"middle\",\"title_position\":\"top-left\",\"title_rotation\":\"left\",\"title_breakpoint\":\"xl\",\"image_position\":\"center-center\"},\"children\":[{\"type\":\"row\",\"children\":[{\"type\":\"column\",\"props\":{\"image_position\":\"center-center\",\"media_overlay_gradient\":\"\",\"position_sticky_breakpoint\":\"m\"},\"children\":[{\"name\":\"\",\"type\":\"headline\",\"props\":{\"title_element\":\"h2\",\"content\":\"Cardio-Secours (RCR\\\/DEA)\",\"title_style\":\"h2\",\"class\":\"\"}},{\"name\":\"\",\"type\":\"text\",\"props\":{\"column_breakpoint\":\"m\",\"margin\":\"default\",\"content\":\"\n\n<p>Le cours Cardio-Secours est la r\\u00e9f\\u00e9rence en mati\\u00e8re de formation sur la RCR et l\\u2019utilisation d\\u2019un DEA au Canada. \\u00c0 la fois simple et exhaustif, il vous permettra d\\u2019acqu\\u00e9rir les comp\\u00e9tences et l\\u2019assurance pour intervenir en cas d\\u2019arr\\u00eat cardiaque, que vous soyez \\u00e0 la maison, dans un lieu public ou au travail.<\\\/p>\\n\n\n<p>Ce cours est con\\u00e7u pour le grand public. Si vous d\\u00e9sirez conna\\u00eetre les rudiments du secourisme, ce cours est pour vous. Notre instructeur vous enseignera \\u00e0 reconna\\u00eetre un arr\\u00eat cardiaque, \\u00e0 communiquer avec les services d\\u2019urgence rapidement et \\u00e0 aider la victime jusqu\\u2019\\u00e0 ce que des soignants plus qualifi\\u00e9s prennent le relais. Pendant le volet pratique, vous apprendrez \\u00e0 effectuer un RCR de haute qualit\\u00e9, \\u00e0 utiliser un DEA, \\u00e0 administrer des insufflations par la technique du bouche-\\u00e0-bouche ou avec un masque, et \\u00e0 porter secours \\u00e0 une victime d\\u2019\\u00e9touffement.<\\\/p>\\n\n\n<p>Communiquez avec nous pour davantage de renseignements.<\\\/p>\",\"text_align\":\"justify\"}}]}]}]},{\"name\":\"Standard First Aid\",\"type\":\"section\",\"props\":{\"style\":\"default\",\"width\":\"default\",\"image_size\":\"cover\",\"class\":\"\",\"vertical_align\":\"middle\",\"title_position\":\"top-left\",\"title_rotation\":\"left\",\"title_breakpoint\":\"xl\",\"image_position\":\"center-center\"},\"children\":[{\"name\":\"\",\"type\":\"row\",\"children\":[{\"name\":\"\",\"type\":\"column\",\"children\":[{\"name\":\"\",\"type\":\"headline\",\"props\":{\"title_element\":\"h2\",\"content\":\"Secourisme g\\u00e9n\\u00e9ral\",\"title_style\":\"h2\",\"class\":\"\"}},{\"name\":\"\",\"type\":\"text\",\"props\":{\"column_breakpoint\":\"m\",\"margin\":\"default\",\"content\":\"\n\n<p>Ce cours de 16 heures couvre 17 domaines de soins, dont le Cardio-Secours (voir plus haut), la prise en charge d\\u2019une situation d\\u2019urgence, les br\\u00fblures, h\\u00e9morragies et blessures, les blessures aux os et aux muscles, et bien d\\u2019autres encore. Apprenez \\u00e0 sauver des vies et \\u00e0 r\\u00e9agir rapidement aux blessures.<\\\/p>\\n\n\n<p>Ce cours de secourisme g\\u00e9n\\u00e9ral, pleinement approuv\\u00e9 pour le milieu de travail, est un cours donn\\u00e9 en classe par un instructeur qui inculque les comp\\u00e9tences de base du secourisme qui sont requises par les commissions de sant\\u00e9 et s\\u00e9curit\\u00e9 au travail partout au Canada.<\\\/p>\\n\n\n<p>Communiquez avec nous pour davantage de renseignements.<\\\/p>\"}}],\"props\":{\"image_position\":\"center-center\",\"media_overlay_gradient\":\"\",\"width_medium\":\"1-1\",\"position_sticky_breakpoint\":\"m\"}}]}]},{\"type\":\"section\",\"props\":{\"style\":\"default\",\"width\":\"default\",\"vertical_align\":\"middle\",\"title_position\":\"top-left\",\"title_rotation\":\"left\",\"title_breakpoint\":\"xl\",\"image_position\":\"center-center\"},\"children\":[{\"type\":\"row\",\"props\":{\"width\":\"small\",\"margin\":\"default\"},\"children\":[{\"type\":\"column\",\"props\":{\"image_position\":\"center-center\",\"media_overlay_gradient\":\"\",\"style\":\"muted\",\"padding\":\"xsmall\",\"position_sticky_breakpoint\":\"m\"},\"children\":[{\"type\":\"text\",\"props\":{\"margin\":\"default\",\"column_breakpoint\":\"m\",\"content\":\"[wd_hustle id=\\\"5\\\" type=\\\"popup\\\"]NOUS JOINDRE AU SUJET DE CETTE OFFRE[\\\/wd_hustle]\",\"text_align\":\"center\",\"margin_remove_bottom\":true},\"name\":\"Contact Us About this training\"},{\"type\":\"text\",\"props\":{\"margin\":\"default\",\"column_breakpoint\":\"m\",\"content\":\"Assurez-vous de choisir la cat\\u00e9gorie de formation dans notre formulaire.\",\"text_align\":\"center\",\"text_size\":\"small\",\"margin_remove_top\":true,\"text_color\":\"emphasis\"}}]}]}],\"name\":\"Nous joindre (formations)\"}],\"version\":\"2.7.22\",\"yooessentialsVersion\":\"1.6.10\"} --><\/p>\n","protected":false},"excerpt":{"rendered":"<p>PROGRAMMES DE FORMATION EN PREMIERS SOINS ET RCR DANS L&rsquo;ARCTIQUE Soyez un h\u00e9ros\u2009! Apprenez \u00e0 sauver des vies. Inukpak Outfitting est fier de s\u2019associer avec la Fondation des maladies du c\u0153ur et de l\u2019AVC du Canada pour vous offrir des formations en secourisme dans la capitale et, sur demande, dans les autres communaut\u00e9s du Nunavut. [&hellip;]<\/p>\n","protected":false},"author":1,"featured_media":0,"parent":2506,"menu_order":0,"comment_status":"closed","ping_status":"closed","template":"","meta":{"footnotes":""},"class_list":["post-2484","page","type-page","status-publish","hentry"],"_links":{"self":[{"href":"https:\/\/inukpakoutfitting.ca\/fr\/wp-json\/wp\/v2\/pages\/2484","targetHints":{"allow":["GET"]}}],"collection":[{"href":"https:\/\/inukpakoutfitting.ca\/fr\/wp-json\/wp\/v2\/pages"}],"about":[{"href":"https:\/\/inukpakoutfitting.ca\/fr\/wp-json\/wp\/v2\/types\/page"}],"author":[{"embeddable":true,"href":"https:\/\/inukpakoutfitting.ca\/fr\/wp-json\/wp\/v2\/users\/1"}],"replies":[{"embeddable":true,"href":"https:\/\/inukpakoutfitting.ca\/fr\/wp-json\/wp\/v2\/comments?post=2484"}],"version-history":[{"count":0,"href":"https:\/\/inukpakoutfitting.ca\/fr\/wp-json\/wp\/v2\/pages\/2484\/revisions"}],"up":[{"embeddable":true,"href":"https:\/\/inukpakoutfitting.ca\/fr\/wp-json\/wp\/v2\/pages\/2506"}],"wp:attachment":[{"href":"https:\/\/inukpakoutfitting.ca\/fr\/wp-json\/wp\/v2\/media?parent=2484"}],"curies":[{"name":"wp","href":"https:\/\/api.w.org\/{rel}","templated":true}]}}