{"id":2488,"date":"2022-01-07T17:16:13","date_gmt":"2022-01-07T17:16:13","guid":{"rendered":"https:\/\/wip.digitalsteam.ca\/inukpak\/custom-expedition\/"},"modified":"2022-06-08T18:25:35","modified_gmt":"2022-06-08T18:25:35","slug":"expeditions-sur-mesure-en-arctique","status":"publish","type":"page","link":"https:\/\/inukpakoutfitting.ca\/fr\/expeditions\/expeditions-sur-mesure-en-arctique\/","title":{"rendered":"Exp\u00e9ditions sur mesure en Arctique"},"content":{"rendered":"<h1>EXP\u00c9DITIONS SUR MESURE EN ARCTIQUE<\/h1>\n<div>\n<p>Depuis des ann\u00e9es, Inukpak Outfitting a r\u00eav\u00e9, con\u00e7u, organis\u00e9, consult\u00e9, support\u00e9 et guid\u00e9 multiples exp\u00e9ditions dans le Grand Nord. Vous \u00eates toujours les bienvenus \u00e0 participer \u00e0 l\u2019une de nos exp\u00e9ditions d\u00e9j\u00e0 existantes.<\/p>\n<p>Vous ne trouvez pas exactement ce que vous cherchez, nos dates ne vous conviennent pas, vous avez d\u00e9j\u00e0 un groupe avec lequel vous d\u00e9sirez voyager ? Il nous fera grand plaisir de vous assister dans la mise en place de votre exp\u00e9dition de r\u00eave en vous offrant un produit cl\u00e9s en main.<\/p>\n<p>N\u2019h\u00e9sitez pas \u00e0 nous contacter pour toute question \u00e0 propos de nos services de design sur mesure.<\/p>\n<\/div>\n<p><!--more--><br \/>\n<!-- {\"name\":\"BKP Custom Exp (FR)\",\"type\":\"layout\",\"children\":[{\"type\":\"section\",\"props\":{\"style\":\"muted\",\"width\":\"default\",\"vertical_align\":\"middle\",\"title_position\":\"top-left\",\"title_rotation\":\"left\",\"title_breakpoint\":\"xl\",\"image_position\":\"center-center\",\"padding\":\"xsmall\"},\"children\":[{\"type\":\"row\",\"children\":[{\"type\":\"column\",\"props\":{\"position_sticky_breakpoint\":\"m\",\"image_position\":\"center-center\",\"media_overlay_gradient\":\"\"},\"children\":[{\"type\":\"headline\",\"props\":{\"title_element\":\"h1\",\"content\":\"EXP\\u00c9DITIONS SUR MESURE EN ARCTIQUE\",\"title_style\":\"h3\",\"text_align\":\"left\",\"title_decoration\":\"bullet\",\"title_color\":\"secondary\"}}]}]}],\"name\":\"TITLE BAR\"},{\"type\":\"section\",\"props\":{\"style\":\"default\",\"width\":\"default\",\"vertical_align\":\"middle\",\"title_position\":\"top-left\",\"title_rotation\":\"left\",\"title_breakpoint\":\"xl\",\"image_position\":\"center-center\",\"padding_remove_bottom\":false},\"children\":[{\"type\":\"row\",\"props\":{\"margin_remove_top\":false,\"margin\":\"default\"},\"children\":[{\"type\":\"column\",\"props\":{\"position_sticky_breakpoint\":\"m\",\"image_position\":\"center-center\",\"media_overlay_gradient\":\"\"},\"children\":[{\"type\":\"text\",\"props\":{\"margin\":\"default\",\"column_breakpoint\":\"m\",\"content\":\"\n\n<p>Depuis des ann\\u00e9es, Inukpak Outfitting a r\\u00eav\\u00e9, con\\u00e7u, organis\\u00e9, consult\\u00e9, support\\u00e9 et guid\\u00e9 multiples exp\\u00e9ditions dans le Grand Nord. Vous \\u00eates toujours les bienvenus \\u00e0 participer \\u00e0 l\\u2019une de nos exp\\u00e9ditions d\\u00e9j\\u00e0 existantes.<\\\/p>\\n\n\n<p>Vous ne trouvez pas exactement ce que vous cherchez, nos dates ne vous conviennent pas, vous avez d\\u00e9j\\u00e0 un groupe avec lequel vous d\\u00e9sirez voyager ? Il nous fera grand plaisir de vous assister dans la mise en place de votre exp\\u00e9dition de r\\u00eave en vous offrant un produit cl\\u00e9s en main.<\\\/p>\\n\n\n<p>N\\u2019h\\u00e9sitez pas \\u00e0 nous contacter pour toute question \\u00e0 propos de nos services de design sur mesure.<\\\/p>\",\"status\":\"\"},\"name\":\"Intro\"}]}]}],\"name\":\"Custom Expedition\"}],\"version\":\"2.7.22\",\"yooessentialsVersion\":\"1.6.10\"} --><\/p>\n","protected":false},"excerpt":{"rendered":"<p>EXP\u00c9DITIONS SUR MESURE EN ARCTIQUE Depuis des ann\u00e9es, Inukpak Outfitting a r\u00eav\u00e9, con\u00e7u, organis\u00e9, consult\u00e9, support\u00e9 et guid\u00e9 multiples exp\u00e9ditions dans le Grand Nord. Vous \u00eates toujours les bienvenus \u00e0 participer \u00e0 l\u2019une de nos exp\u00e9ditions d\u00e9j\u00e0 existantes. Vous ne trouvez pas exactement ce que vous cherchez, nos dates ne vous conviennent pas, vous avez [&hellip;]<\/p>\n","protected":false},"author":1,"featured_media":0,"parent":2508,"menu_order":0,"comment_status":"closed","ping_status":"closed","template":"","meta":{"footnotes":""},"class_list":["post-2488","page","type-page","status-publish","hentry"],"_links":{"self":[{"href":"https:\/\/inukpakoutfitting.ca\/fr\/wp-json\/wp\/v2\/pages\/2488","targetHints":{"allow":["GET"]}}],"collection":[{"href":"https:\/\/inukpakoutfitting.ca\/fr\/wp-json\/wp\/v2\/pages"}],"about":[{"href":"https:\/\/inukpakoutfitting.ca\/fr\/wp-json\/wp\/v2\/types\/page"}],"author":[{"embeddable":true,"href":"https:\/\/inukpakoutfitting.ca\/fr\/wp-json\/wp\/v2\/users\/1"}],"replies":[{"embeddable":true,"href":"https:\/\/inukpakoutfitting.ca\/fr\/wp-json\/wp\/v2\/comments?post=2488"}],"version-history":[{"count":0,"href":"https:\/\/inukpakoutfitting.ca\/fr\/wp-json\/wp\/v2\/pages\/2488\/revisions"}],"up":[{"embeddable":true,"href":"https:\/\/inukpakoutfitting.ca\/fr\/wp-json\/wp\/v2\/pages\/2508"}],"wp:attachment":[{"href":"https:\/\/inukpakoutfitting.ca\/fr\/wp-json\/wp\/v2\/media?parent=2488"}],"curies":[{"name":"wp","href":"https:\/\/api.w.org\/{rel}","templated":true}]}}