{"id":2494,"date":"2022-01-07T17:13:00","date_gmt":"2022-01-07T17:13:00","guid":{"rendered":"https:\/\/wip.digitalsteam.ca\/inukpak\/dog-yard-visit\/"},"modified":"2024-12-10T18:06:42","modified_gmt":"2024-12-10T18:06:42","slug":"traineau-a-chiens-2","status":"publish","type":"page","link":"https:\/\/inukpakoutfitting.ca\/fr\/excursions-arctique\/annee\/traineau-a-chiens-2\/","title":{"rendered":"Visite du chenil des chiens de tra\u00eeneau"},"content":{"rendered":"<h1>EXCURSIONS DE VISITES GUID\u00c9ES EN ARCTIQUE<\/h1>\n<h2>Visite du chenil des chiens de tra\u00eeneau<\/h2>\n<div>\n<ul class=\"calendarmo\">\n<li class=\"on\">JAN<\/li>\n<li class=\"on\">F\u00c9V<\/li>\n<li class=\"on\">MAR<\/li>\n<li class=\"on\">AVR<\/li>\n<li class=\"on\">MAI<\/li>\n<li class=\"on\">JUI<\/li>\n<li class=\"on\">JUL<\/li>\n<li class=\"on\">AUO<\/li>\n<li class=\"on\">SEP<\/li>\n<li class=\"on\">OCT<\/li>\n<li class=\"on\">NOV<\/li>\n<li class=\"on\">D\u00c9C<\/li>\n<\/ul>\n<\/div>\n<div>\n<p>        <img decoding=\"async\" data-src=\"\/wp-content\/uploads\/2022\/01\/IconesNiveaux_Level_0.png\" alt=\"\" src=\"data:image\/svg+xml;base64,PHN2ZyB3aWR0aD0iMSIgaGVpZ2h0PSIxIiB4bWxucz0iaHR0cDovL3d3dy53My5vcmcvMjAwMC9zdmciPjwvc3ZnPg==\" class=\"lazyload\" style=\"--smush-placeholder-width: 663px; --smush-placeholder-aspect-ratio: 663\/612;\"><\/p>\n<h3>NIVEAU<\/h3>\n<p><a href=\"\/en\/trip-grading\"><\/a><\/p>\n<\/div>\n<div>Une exp\u00e9rience familiale ou en grand groupe parfaite pour un premier contact avec la meute.<br \/>\nApprenez-en plus sur la vie du \u201cChien Canadien Inuit\u201d en arctique.<\/div>\n<div>\n<p>    <img decoding=\"async\" data-src=\"\/wp-content\/uploads\/2022\/05\/dog-kennel-visit-16e27804.jpeg\" alt=\"Group Dog Kennel Visit\" src=\"data:image\/svg+xml;base64,PHN2ZyB3aWR0aD0iMSIgaGVpZ2h0PSIxIiB4bWxucz0iaHR0cDovL3d3dy53My5vcmcvMjAwMC9zdmciPjwvc3ZnPg==\" class=\"lazyload\" style=\"--smush-placeholder-width: 1200px; --smush-placeholder-aspect-ratio: 1200\/800;\"><\/p>\n<h3>Group Dog Kennel Visit<\/h3>\n<\/div>\n<div>Nous commencerons donc avec une courte pr\u00e9sentation multim\u00e9dia sur nos chiens, la vie de meute, la nutrition et plus encore. Une fois cette \u00e9tape termin\u00e9e, direction chenil pour rencontrer l\u2019\u00e9quipe. Avec le \u00ab musher \u00bb, prenez part \u00e0 la routine de la journ\u00e9e, au menu : soins des chiens et repas. Les enfants sont les bienvenus de jouer avec nos gentils et s\u00e9curitaires chiens de tra\u00eeneau. Si vous \u00eates chanceux, nous aurons peut-\u00eatre d\u2019adorables jeunes chiots \u00e0 serrer dans vos bras. Apportez votre cam\u00e9ra, bien s\u00fbr, vous pouvez avoir votre photo prise avec un de vos nouveaux amis poilus.<\/div>\n<div>\n<p>        <img decoding=\"async\" data-src=\"\/wp-content\/uploads\/2022\/01\/favicon.png\" alt=\"\" src=\"data:image\/svg+xml;base64,PHN2ZyB3aWR0aD0iMSIgaGVpZ2h0PSIxIiB4bWxucz0iaHR0cDovL3d3dy53My5vcmcvMjAwMC9zdmciPjwvc3ZnPg==\" class=\"lazyload\" style=\"--smush-placeholder-width: 500px; --smush-placeholder-aspect-ratio: 500\/500;\"><\/p>\n<h3>VISITE DU CHENIL DES CHIENS DE TRA\u00ceNEAU<\/h3>\n<\/div>\n<div>(1 \u00e0 2 heures)<\/div>\n<div>Disponible sur demande<span uk-icon=\"icon: calendar; ratio: 1\" class=\"uk-margin-small-left\"><\/span><\/div>\n<table>\n<tbody>\n<tr>\n<td>Par groupe <\/td>\n<td>\n<p style=\"text-align: right;\">360 $ CA<\/p>\n<\/td>\n<td>\n        <a href=\"#\">+<\/a>\n    <\/td>\n<\/tr>\n<\/tbody>\n<\/table>\n<p><!--more--><br \/>\n<!-- {\"name\":\"Category page (EN)\",\"type\":\"layout\",\"children\":[{\"type\":\"section\",\"props\":{\"image_position\":\"center-center\",\"padding\":\"xsmall\",\"style\":\"muted\",\"title_breakpoint\":\"xl\",\"title_position\":\"top-left\",\"title_rotation\":\"left\",\"vertical_align\":\"\",\"width\":\"default\"},\"children\":[{\"type\":\"row\",\"children\":[{\"type\":\"column\",\"props\":{\"image_position\":\"center-center\",\"position_sticky_breakpoint\":\"m\"},\"children\":[{\"type\":\"headline\",\"props\":{\"content\":\"EXCURSIONS DE VISITES GUID\\u00c9ES EN ARCTIQUE\",\"text_align\":\"left\",\"title_color\":\"secondary\",\"title_decoration\":\"bullet\",\"title_element\":\"h1\",\"title_style\":\"h3\"},\"name\":\"CATEGORY NAME (H1)\"}]}]}],\"name\":\"PAGE CATEGORY\"},{\"type\":\"section\",\"props\":{\"id\":\"GDKV\",\"image_position\":\"center-center\",\"padding\":\"small\",\"padding_remove_bottom\":false,\"style\":\"default\",\"title_breakpoint\":\"xl\",\"title_position\":\"top-left\",\"title_rotation\":\"left\",\"vertical_align\":\"\",\"width\":\"default\"},\"children\":[{\"type\":\"row\",\"children\":[{\"type\":\"column\",\"props\":{\"image_position\":\"center-center\",\"position_sticky_breakpoint\":\"m\",\"width_default\":\"expand\",\"width_large\":\"expand\",\"width_medium\":\"expand\",\"width_small\":\"expand\",\"width_xlarge\":\"expand\"},\"children\":[{\"type\":\"headline\",\"props\":{\"content\":\"Visite du chenil des chiens de tra\\u00eeneau\",\"css\":\".el-element {\\n  text-transform: uppercase;\\n}\\n\",\"margin\":\"small\",\"margin_remove_bottom\":false,\"title_element\":\"h2\",\"title_style\":\"h2\"},\"name\":\"Title\"},{\"type\":\"text\",\"props\":{\"column_breakpoint\":\"m\",\"content\":\"\n\n<ul class=\\\"calendarmo\\\">\\n    \n\n<li class=\\\"on\\\">JAN<\\\/li>\\n    \n\n<li class=\\\"on\\\">F\\u00c9V<\\\/li>\\n    \n\n<li class=\\\"on\\\">MAR<\\\/li>\\n    \n\n<li class=\\\"on\\\">AVR<\\\/li>\\n    \n\n<li class=\\\"on\\\">MAI<\\\/li>\\n    \n\n<li class=\\\"on\\\">JUI<\\\/li>\\n    \n\n<li class=\\\"on\\\">JUL<\\\/li>\\n    \n\n<li class=\\\"on\\\">AUO<\\\/li>\\n    \n\n<li class=\\\"on\\\">SEP<\\\/li>\\n    \n\n<li class=\\\"on\\\">OCT<\\\/li>\\n    \n\n<li class=\\\"on\\\">NOV<\\\/li>\\n    \n\n<li class=\\\"on\\\">D\\u00c9C<\\\/li>\\n<\\\/ul>\",\"margin\":\"small\",\"margin_remove_top\":false,\"text_align\":\"left\",\"text_style\":\"lead\"},\"name\":\"Schedule\"}]},{\"type\":\"column\",\"props\":{\"image_position\":\"center-center\",\"position_sticky_breakpoint\":\"m\",\"width_default\":\"auto\",\"width_large\":\"auto\",\"width_medium\":\"auto\",\"width_small\":\"auto\",\"width_xlarge\":\"auto\"},\"children\":[{\"type\":\"panel\",\"props\":{\"content_column_breakpoint\":\"m\",\"icon_width\":80,\"image\":\"wp-content\\\/uploads\\\/2022\\\/01\\\/IconesNiveaux_Level_0.png\",\"image_align\":\"right\",\"image_grid_breakpoint\":\"m\",\"image_grid_column_gap\":\"collapse\",\"image_grid_row_gap\":\"collapse\",\"image_grid_width\":\"auto\",\"image_svg_color\":\"emphasis\",\"image_vertical_align\":true,\"image_width\":\"60\",\"link\":\"\\\/en\\\/trip-grading\",\"link_style\":\"default\",\"link_text\":\"\",\"margin\":\"default\",\"meta_align\":\"below-title\",\"meta_element\":\"div\",\"meta_style\":\"text-meta\",\"panel_link\":true,\"text_align\":\"right\",\"title\":\"NIVEAU\",\"title_align\":\"top\",\"title_element\":\"h3\",\"title_grid_breakpoint\":\"m\",\"title_grid_width\":\"auto\",\"title_hover_style\":\"reset\",\"title_margin\":\"remove\",\"title_style\":\"text-lead\"},\"name\":\"Grading\"}]}],\"props\":{\"layout\":\"expand,large\"}},{\"type\":\"row\",\"props\":{\"margin\":\"default\",\"margin_remove_top\":false},\"children\":[{\"type\":\"column\",\"props\":{\"image_position\":\"center-center\",\"position_sticky_breakpoint\":\"m\"},\"children\":[{\"type\":\"text\",\"props\":{\"column_breakpoint\":\"m\",\"content\":\"Une exp\\u00e9rience familiale ou en grand groupe parfaite pour un premier contact avec la meute.\\nApprenez-en plus sur la vie du \\u201cChien Canadien Inuit\\u201d en arctique.\",\"margin\":\"default\"},\"name\":\"Intro\"}]}]},{\"type\":\"row\",\"children\":[{\"type\":\"column\",\"props\":{\"image_position\":\"center-center\",\"position_sticky_breakpoint\":\"m\"},\"children\":[{\"type\":\"slideshow\",\"props\":{\"link_style\":\"default\",\"link_text\":\"Read more\",\"margin\":\"default\",\"meta_align\":\"below-title\",\"meta_element\":\"div\",\"meta_style\":\"text-meta\",\"nav\":\"dotnav\",\"nav_align\":\"center\",\"nav_breakpoint\":\"s\",\"nav_position\":\"bottom-center\",\"nav_position_margin\":\"medium\",\"overlay_animation\":\"parallax\",\"overlay_position\":\"center-left\",\"show_content\":false,\"show_link\":false,\"show_meta\":false,\"show_thumbnail\":false,\"show_title\":false,\"slidenav\":\"default\",\"slidenav_breakpoint\":\"s\",\"slidenav_margin\":\"medium\",\"slidenav_outside_breakpoint\":\"xl\",\"slideshow_autoplay_pause\":true,\"slideshow_min_height\":300,\"thumbnav_height\":\"75\",\"thumbnav_svg_color\":\"emphasis\",\"thumbnav_width\":\"100\",\"title_element\":\"h3\"},\"children\":[{\"type\":\"slideshow_item\",\"props\":{\"image\":\"wp-content\\\/uploads\\\/2022\\\/05\\\/dog-kennel-visit-16e27804.jpeg\",\"image_alt\":\"Group Dog Kennel Visit\",\"title\":\"Group Dog Kennel Visit\"}}]}]}]},{\"type\":\"row\",\"children\":[{\"type\":\"column\",\"props\":{\"image_position\":\"center-center\",\"position_sticky_breakpoint\":\"m\"},\"children\":[{\"type\":\"text\",\"props\":{\"column_breakpoint\":\"m\",\"content\":\"Nous commencerons donc avec une courte pr\\u00e9sentation multim\\u00e9dia sur nos chiens, la vie de meute, la nutrition et plus encore. Une fois cette \\u00e9tape termin\\u00e9e, direction chenil pour rencontrer l\\u2019\\u00e9quipe. Avec le \\u00ab musher \\u00bb, prenez part \\u00e0 la routine de la journ\\u00e9e, au menu : soins des chiens et repas. Les enfants sont les bienvenus de jouer avec nos gentils et s\\u00e9curitaires chiens de tra\\u00eeneau. Si vous \\u00eates chanceux, nous aurons peut-\\u00eatre d\\u2019adorables jeunes chiots \\u00e0 serrer dans vos bras. Apportez votre cam\\u00e9ra, bien s\\u00fbr, vous pouvez avoir votre photo prise avec un de vos nouveaux amis poilus.\",\"margin\":\"default\",\"text_align\":\"justify\"},\"name\":\"Description\"}]}]},{\"type\":\"row\",\"children\":[{\"type\":\"column\",\"props\":{\"image_position\":\"center-center\",\"position_sticky_breakpoint\":\"m\"},\"children\":[{\"type\":\"panel\",\"props\":{\"content_column_breakpoint\":\"m\",\"icon_width\":80,\"image\":\"wp-content\\\/uploads\\\/2022\\\/01\\\/favicon.png\",\"image_align\":\"left\",\"image_grid_breakpoint\":\"m\",\"image_grid_column_gap\":\"small\",\"image_grid_row_gap\":\"small\",\"image_grid_width\":\"auto\",\"image_svg_color\":\"emphasis\",\"image_vertical_align\":true,\"image_width\":\"80\",\"link_style\":\"default\",\"link_text\":\"Read more\",\"margin\":\"default\",\"meta\":\"\",\"meta_align\":\"above-title\",\"meta_element\":\"h3\",\"meta_margin\":\"remove\",\"meta_style\":\"h3\",\"panel_padding\":\"small\",\"panel_style\":\"tile-muted\",\"text_align\":\"left\",\"text_align_breakpoint\":\"m\",\"text_align_fallback\":\"center\",\"title\":\"VISITE DU CHENIL DES CHIENS DE TRA\\u00ceNEAU\",\"title_align\":\"left\",\"title_element\":\"h3\",\"title_grid_breakpoint\":\"m\",\"title_grid_column_gap\":\"small\",\"title_grid_row_gap\":\"small\",\"title_grid_width\":\"auto\",\"title_hover_style\":\"reset\",\"title_margin\":\"remove\",\"title_style\":\"h3\"},\"name\":\"OFFER (NEW)\"}]}],\"props\":{\"width\":\"small\"}},{\"type\":\"row\",\"children\":[{\"type\":\"column\",\"props\":{\"image_position\":\"center-center\",\"position_sticky_breakpoint\":\"m\",\"width_default\":\"1-2\",\"width_large\":\"1-2\",\"width_medium\":\"1-2\",\"width_small\":\"1-2\",\"width_xlarge\":\"1-2\"},\"children\":[{\"type\":\"headline\",\"props\":{\"content\":\"(1 \\u00e0 2 heures)\",\"title_element\":\"div\",\"title_style\":\"text-lead\"}}]},{\"type\":\"column\",\"props\":{\"image_position\":\"center-center\",\"position_sticky_breakpoint\":\"m\",\"vertical_align\":\"middle\",\"width_default\":\"1-2\",\"width_large\":\"1-2\",\"width_medium\":\"1-2\",\"width_small\":\"1-2\",\"width_xlarge\":\"1-2\"},\"children\":[{\"type\":\"text\",\"props\":{\"column_breakpoint\":\"m\",\"content\":\"Disponible sur demande<span uk-icon=\\\"icon: calendar; ratio: 1\\\" class=\\\"uk-margin-small-left\\\"><\\\/span>\",\"css\":\".el-element {\\n  text-transform: uppercase;\\n}\",\"margin\":\"default\",\"text_align\":\"right\",\"text_color\":\"secondary\",\"text_style\":\"small\"}}]}],\"props\":{\"layout\":\"1-2,1-2\",\"width\":\"xsmall\"}},{\"type\":\"row\",\"children\":[{\"type\":\"column\",\"props\":{\"image_position\":\"center-center\",\"position_sticky_breakpoint\":\"m\"},\"children\":[{\"type\":\"table\",\"props\":{\"class\":\"offer\",\"image_svg_color\":\"emphasis\",\"link_fullwidth\":false,\"link_size\":\"small\",\"link_style\":\"default\",\"link_target\":true,\"link_text\":\"+\",\"meta_style\":\"text-meta\",\"show_content\":true,\"show_image\":true,\"show_link\":false,\"show_meta\":true,\"show_title\":true,\"table_hover\":true,\"table_justify\":true,\"table_last_align\":\"right\",\"table_order\":\"4\",\"table_responsive\":\"overflow\",\"table_size\":\"small\",\"table_style\":\"divider\",\"table_vertical_align\":true,\"table_width_meta\":\"medium\",\"table_width_title\":\"medium\"},\"children\":[{\"type\":\"table_item\",\"props\":{\"content\":\"\n\n<p style=\\\"text-align: right;\\\">360 $ CA<\\\/p>\",\"link\":\"#\",\"meta\":\"\",\"title\":\"Par groupe \"}}]}]}],\"props\":{\"width\":\"xsmall\"}},{\"type\":\"row\",\"props\":{\"width\":\"small\"},\"children\":[{\"type\":\"column\",\"props\":{\"image_position\":\"center-center\",\"padding\":\"xsmall\",\"position_sticky_breakpoint\":\"m\",\"style\":\"tile-muted\"},\"children\":[{\"type\":\"text\",\"props\":{\"column_breakpoint\":\"m\",\"content\":\"[wd_hustle id=\\\"5\\\" type=\\\"popup\\\"]Nous joindre au sujet de cette offre[\\\/wd_hustle]\",\"margin\":\"default\",\"status\":\"disabled\",\"text_align\":\"center\"},\"name\":\"Contact POP UP (FR)\"}]}]}],\"name\":\"Group Dog Kennel Visit\"}],\"version\":\"4.4.15\",\"yooessentialsVersion\":\"2.2.26\"} --><\/p>\n","protected":false},"excerpt":{"rendered":"<p>EXCURSIONS DE VISITES GUID\u00c9ES EN ARCTIQUE Visite du chenil des chiens de tra\u00eeneau JAN F\u00c9V MAR AVR MAI JUI JUL AUO SEP OCT NOV D\u00c9C NIVEAU Une exp\u00e9rience familiale ou en grand groupe parfaite pour un premier contact avec la meute. Apprenez-en plus sur la vie du \u201cChien Canadien Inuit\u201d en arctique. Group Dog Kennel [&hellip;]<\/p>\n","protected":false},"author":1,"featured_media":0,"parent":3549,"menu_order":0,"comment_status":"closed","ping_status":"closed","template":"","meta":{"footnotes":""},"class_list":["post-2494","page","type-page","status-publish","hentry"],"_links":{"self":[{"href":"https:\/\/inukpakoutfitting.ca\/fr\/wp-json\/wp\/v2\/pages\/2494","targetHints":{"allow":["GET"]}}],"collection":[{"href":"https:\/\/inukpakoutfitting.ca\/fr\/wp-json\/wp\/v2\/pages"}],"about":[{"href":"https:\/\/inukpakoutfitting.ca\/fr\/wp-json\/wp\/v2\/types\/page"}],"author":[{"embeddable":true,"href":"https:\/\/inukpakoutfitting.ca\/fr\/wp-json\/wp\/v2\/users\/1"}],"replies":[{"embeddable":true,"href":"https:\/\/inukpakoutfitting.ca\/fr\/wp-json\/wp\/v2\/comments?post=2494"}],"version-history":[{"count":0,"href":"https:\/\/inukpakoutfitting.ca\/fr\/wp-json\/wp\/v2\/pages\/2494\/revisions"}],"up":[{"embeddable":true,"href":"https:\/\/inukpakoutfitting.ca\/fr\/wp-json\/wp\/v2\/pages\/3549"}],"wp:attachment":[{"href":"https:\/\/inukpakoutfitting.ca\/fr\/wp-json\/wp\/v2\/media?parent=2494"}],"curies":[{"name":"wp","href":"https:\/\/api.w.org\/{rel}","templated":true}]}}