{"id":2495,"date":"2022-01-07T17:12:27","date_gmt":"2022-01-07T17:12:27","guid":{"rendered":"https:\/\/wip.digitalsteam.ca\/inukpak\/historical-cultural-guided-city-tour\/"},"modified":"2024-12-10T18:08:50","modified_gmt":"2024-12-10T18:08:50","slug":"visite-guidee-historique-et-culturelle-de-la-capitale","status":"publish","type":"page","link":"https:\/\/inukpakoutfitting.ca\/fr\/excursions-arctique\/annee\/visite-guidee-historique-et-culturelle-de-la-capitale\/","title":{"rendered":"Visite guid\u00e9e historique et culturelle de la Capitale"},"content":{"rendered":"<h1>EXCURSIONS DE VISITES GUID\u00c9ES EN ARCTIQUE<\/h1>\n<h2>Visite guid\u00e9e historique et culturelle d&rsquo;Iqaluit<\/h2>\n<div>\n<ul class=\"calendarmo\">\n<li class=\"on\">JAN<\/li>\n<li class=\"on\">F\u00c9V<\/li>\n<li class=\"on\">MAR<\/li>\n<li class=\"on\">AVR<\/li>\n<li class=\"on\">MAY<\/li>\n<li class=\"on\">JUI<\/li>\n<li class=\"on\">JUL<\/li>\n<li class=\"on\">AOU<\/li>\n<li class=\"on\">SEP<\/li>\n<li class=\"on\">OCT<\/li>\n<li class=\"on\">NOV<\/li>\n<li class=\"on\">D\u00c9C<\/li>\n<\/ul>\n<\/div>\n<div>\n<p>        <img decoding=\"async\" data-src=\"\/wp-content\/uploads\/2022\/01\/IconesNiveaux_Level_0.png\" alt=\"\" src=\"data:image\/svg+xml;base64,PHN2ZyB3aWR0aD0iMSIgaGVpZ2h0PSIxIiB4bWxucz0iaHR0cDovL3d3dy53My5vcmcvMjAwMC9zdmciPjwvc3ZnPg==\" class=\"lazyload\" style=\"--smush-placeholder-width: 663px; --smush-placeholder-aspect-ratio: 663\/612;\"><\/p>\n<h3>NIVEAU<\/h3>\n<p><a href=\"\/en\/trip-grading\"><\/a><\/p>\n<\/div>\n<div>\n<p>D\u00e9couvrez Iqaluit, la capitale du Nunavut. Votre guide, un vrai Nunavummiut (r\u00e9sident du Nunavut), vous pr\u00e9sente sa ville comme aucun livre ne peut le faire.<\/p>\n<p>Disponible sur demande (2 et 3 heures)<\/p>\n<\/div>\n<ul>\n<li>\n<p>        <img decoding=\"async\" data-src=\"\/wp-content\/uploads\/2022\/01\/iqaluit-nunavut.jpg\" alt=\"Historical &#038; Cultural Guided Iqaluit Tour\" src=\"data:image\/svg+xml;base64,PHN2ZyB3aWR0aD0iMSIgaGVpZ2h0PSIxIiB4bWxucz0iaHR0cDovL3d3dy53My5vcmcvMjAwMC9zdmciPjwvc3ZnPg==\" class=\"lazyload\" style=\"--smush-placeholder-width: 1200px; --smush-placeholder-aspect-ratio: 1200\/800;\"><\/p>\n<h3>Historical &#038; Cultural Guided Iqaluit Tour<\/h3>\n<\/li>\n<li>\n<p>        <img decoding=\"async\" data-src=\"\/wp-content\/uploads\/2022\/05\/inukpak_culturalcitytour_002-b1b2dca9.jpeg\" alt=\"Apex graveyard in Iqualuit\" src=\"data:image\/svg+xml;base64,PHN2ZyB3aWR0aD0iMSIgaGVpZ2h0PSIxIiB4bWxucz0iaHR0cDovL3d3dy53My5vcmcvMjAwMC9zdmciPjwvc3ZnPg==\" class=\"lazyload\" style=\"--smush-placeholder-width: 1200px; --smush-placeholder-aspect-ratio: 1200\/800;\"><\/p>\n<h3>Apex graveyard in Iqualuit<\/h3>\n<\/li>\n<li>\n<p>        <img decoding=\"async\" data-src=\"\/wp-content\/uploads\/2022\/05\/inukpak_culturalcitytour_003-4454884c.jpeg\" alt=\"Inukpak Van\" src=\"data:image\/svg+xml;base64,PHN2ZyB3aWR0aD0iMSIgaGVpZ2h0PSIxIiB4bWxucz0iaHR0cDovL3d3dy53My5vcmcvMjAwMC9zdmciPjwvc3ZnPg==\" class=\"lazyload\" style=\"--smush-placeholder-width: 1920px; --smush-placeholder-aspect-ratio: 1920\/1270;\"><\/p>\n<h3>Inukpak Van<\/h3>\n<\/li>\n<\/ul>\n<div>\n<p>Quoi de mieux pour vous familiariser avec votre destination qu\u2019un tour guid\u00e9 de la capitale du Nunavut, en v\u00e9hicule, avec un Nunavummiut cordial.<\/p>\n<p>Faites connaissance avec votre h\u00f4te et d\u00e9couvrez les aspects singuliers de la vie quotidienne dans cette communaut\u00e9 inuit unique.<\/p>\n<p>Explorez l\u2019histoire fascinante de la communaut\u00e9 en parcourant les rues enneig\u00e9es \u2014 de la fondation de Frobisher Bay \u00e0 aujourd\u2019hui, en passant par la cr\u00e9ation officielle du Nunavut.<\/p>\n<p>Cette visite sera adapt\u00e9e \u00e0 vos int\u00e9r\u00eats, que ce soit avec un arr\u00eat au centre des visiteurs Unikkaarvik ou au mus\u00e9e Nunatta Sunakkutaangit, ou encore dans les boutiques o\u00f9 vous pourrez d\u00e9couvrir les articles cr\u00e9\u00e9s par les nombreux artisans du Nunavut.<\/p>\n<\/div>\n<div>\n<p>        <img decoding=\"async\" data-src=\"\/wp-content\/uploads\/2022\/01\/favicon.png\" alt=\"\" src=\"data:image\/svg+xml;base64,PHN2ZyB3aWR0aD0iMSIgaGVpZ2h0PSIxIiB4bWxucz0iaHR0cDovL3d3dy53My5vcmcvMjAwMC9zdmciPjwvc3ZnPg==\" class=\"lazyload\" style=\"--smush-placeholder-width: 500px; --smush-placeholder-aspect-ratio: 500\/500;\"><\/p>\n<h3>VISITE GUID\u00c9E HISTORIQUE ET CULTURELLE D\u2019IQALUIT<\/h3>\n<\/div>\n<div>2 heures<\/div>\n<div>\n<p>Disponible sur demande<span uk-icon=\"icon: calendar; ratio: 1\" class=\"uk-margin-small-left\"><\/span><\/p>\n<\/div>\n<table>\n<tbody>\n<tr>\n<td>Par personne (min. 4)<\/td>\n<td>\n<p style=\"text-align: right;\">90 $ CA<\/p>\n<\/td>\n<td>\n        <a href=\"#\">+<\/a>\n    <\/td>\n<\/tr>\n<tr>\n<td>Par personne add. (jusqu&rsquo;\u00e0 14 participants)<\/td>\n<td>\n<p style=\"text-align: right;\">72 $ CA<\/p>\n<\/td>\n<td>\n        <a href=\"#\">+<\/a>\n    <\/td>\n<\/tr>\n<\/tbody>\n<\/table>\n<div>3 heures<\/div>\n<div>\n<p>Disponible sur demande<span uk-icon=\"icon: calendar; ratio: 1\" class=\"uk-margin-small-left\"><\/span><\/p>\n<\/div>\n<table>\n<tbody>\n<tr>\n<td>Par personne (min. 4)<\/td>\n<td>\n<p style=\"text-align: right;\">125 $ CA<\/p>\n<\/td>\n<td>\n        <a href=\"#\">+<\/a>\n    <\/td>\n<\/tr>\n<tr>\n<td>Par personne add. (jusqu&rsquo;\u00e0 14 participants)<\/td>\n<td>\n<p style=\"text-align: right;\">100 $ CA<\/p>\n<\/td>\n<td>\n        <a href=\"#\">+<\/a>\n    <\/td>\n<\/tr>\n<\/tbody>\n<\/table>\n<p><!--more--><br \/>\n<!-- {\"name\":\"Category page (EN)\",\"type\":\"layout\",\"children\":[{\"type\":\"section\",\"props\":{\"image_position\":\"center-center\",\"padding\":\"xsmall\",\"style\":\"muted\",\"title_breakpoint\":\"xl\",\"title_position\":\"top-left\",\"title_rotation\":\"left\",\"vertical_align\":\"\",\"width\":\"default\"},\"children\":[{\"type\":\"row\",\"children\":[{\"type\":\"column\",\"props\":{\"image_position\":\"center-center\",\"position_sticky_breakpoint\":\"m\"},\"children\":[{\"type\":\"headline\",\"props\":{\"content\":\"EXCURSIONS DE VISITES GUID\\u00c9ES EN ARCTIQUE\",\"text_align\":\"left\",\"title_color\":\"secondary\",\"title_decoration\":\"bullet\",\"title_element\":\"h1\",\"title_style\":\"h3\"},\"name\":\"CATEGORY NAME (H1)\"}]}]}],\"name\":\"PAGE CATEGORY\"},{\"type\":\"section\",\"props\":{\"image_position\":\"center-center\",\"padding\":\"small\",\"padding_remove_bottom\":false,\"style\":\"default\",\"title_breakpoint\":\"xl\",\"title_position\":\"top-left\",\"title_rotation\":\"left\",\"vertical_align\":\"\",\"width\":\"default\"},\"children\":[{\"type\":\"row\",\"children\":[{\"type\":\"column\",\"props\":{\"image_position\":\"center-center\",\"position_sticky_breakpoint\":\"m\",\"width_default\":\"expand\",\"width_large\":\"expand\",\"width_medium\":\"expand\",\"width_small\":\"expand\",\"width_xlarge\":\"expand\"},\"children\":[{\"type\":\"headline\",\"props\":{\"content\":\"Visite guid\\u00e9e historique et culturelle d'Iqaluit\",\"css\":\".el-element {\\n  text-transform: uppercase;\\n}\\n\",\"margin\":\"small\",\"margin_remove_bottom\":false,\"title_element\":\"h2\",\"title_style\":\"h2\"},\"name\":\"Title\"},{\"type\":\"text\",\"props\":{\"column_breakpoint\":\"m\",\"content\":\"\n\n<ul class=\\\"calendarmo\\\">\\n    \n\n<li class=\\\"on\\\">JAN<\\\/li>\\n    \n\n<li class=\\\"on\\\">F\\u00c9V<\\\/li>\\n    \n\n<li class=\\\"on\\\">MAR<\\\/li>\\n    \n\n<li class=\\\"on\\\">AVR<\\\/li>\\n    \n\n<li class=\\\"on\\\">MAY<\\\/li>\\n    \n\n<li class=\\\"on\\\">JUI<\\\/li>\\n    \n\n<li class=\\\"on\\\">JUL<\\\/li>\\n    \n\n<li class=\\\"on\\\">AOU<\\\/li>\\n    \n\n<li class=\\\"on\\\">SEP<\\\/li>\\n    \n\n<li class=\\\"on\\\">OCT<\\\/li>\\n    \n\n<li class=\\\"on\\\">NOV<\\\/li>\\n    \n\n<li class=\\\"on\\\">D\\u00c9C<\\\/li>\\n<\\\/ul>\",\"margin\":\"small\",\"margin_remove_top\":false,\"text_align\":\"left\",\"text_style\":\"lead\"},\"name\":\"Schedule\"}]},{\"type\":\"column\",\"props\":{\"image_position\":\"center-center\",\"position_sticky_breakpoint\":\"m\",\"width_default\":\"auto\",\"width_large\":\"auto\",\"width_medium\":\"auto\",\"width_small\":\"auto\",\"width_xlarge\":\"auto\"},\"children\":[{\"type\":\"panel\",\"props\":{\"content_column_breakpoint\":\"m\",\"icon_width\":80,\"image\":\"wp-content\\\/uploads\\\/2022\\\/01\\\/IconesNiveaux_Level_0.png\",\"image_align\":\"right\",\"image_grid_breakpoint\":\"m\",\"image_grid_column_gap\":\"collapse\",\"image_grid_row_gap\":\"collapse\",\"image_grid_width\":\"auto\",\"image_svg_color\":\"emphasis\",\"image_vertical_align\":true,\"image_width\":\"60\",\"link\":\"\\\/en\\\/trip-grading\",\"link_style\":\"default\",\"link_text\":\"\",\"margin\":\"default\",\"meta_align\":\"below-title\",\"meta_element\":\"div\",\"meta_style\":\"text-meta\",\"panel_link\":true,\"text_align\":\"right\",\"title\":\"NIVEAU\",\"title_align\":\"top\",\"title_element\":\"h3\",\"title_grid_breakpoint\":\"m\",\"title_grid_width\":\"auto\",\"title_hover_style\":\"reset\",\"title_margin\":\"remove\",\"title_style\":\"text-lead\"},\"name\":\"Grading\"}]}],\"props\":{\"layout\":\"expand,large\"}},{\"type\":\"row\",\"props\":{\"margin\":\"default\",\"margin_remove_top\":false},\"children\":[{\"type\":\"column\",\"props\":{\"image_position\":\"center-center\",\"position_sticky_breakpoint\":\"m\"},\"children\":[{\"type\":\"text\",\"props\":{\"column_breakpoint\":\"m\",\"content\":\"\n\n<p>D\\u00e9couvrez Iqaluit, la capitale du Nunavut. Votre guide, un vrai Nunavummiut (r\\u00e9sident du Nunavut), vous pr\\u00e9sente sa ville comme aucun livre ne peut le faire.<\\\/p>\\n\n\n<p>Disponible sur demande (2 et 3 heures)<\\\/p>\",\"margin\":\"default\"},\"name\":\"Intro\"}]}]},{\"type\":\"row\",\"children\":[{\"type\":\"column\",\"props\":{\"image_position\":\"center-center\",\"position_sticky_breakpoint\":\"m\"},\"children\":[{\"type\":\"slideshow\",\"props\":{\"link_style\":\"default\",\"link_text\":\"Read more\",\"margin\":\"default\",\"meta_align\":\"below-title\",\"meta_element\":\"div\",\"meta_style\":\"text-meta\",\"nav\":\"dotnav\",\"nav_align\":\"center\",\"nav_breakpoint\":\"s\",\"nav_position\":\"bottom-center\",\"nav_position_margin\":\"medium\",\"overlay_animation\":\"parallax\",\"overlay_position\":\"center-left\",\"show_content\":false,\"show_link\":false,\"show_meta\":false,\"show_thumbnail\":false,\"show_title\":false,\"slidenav\":\"default\",\"slidenav_breakpoint\":\"s\",\"slidenav_margin\":\"medium\",\"slidenav_outside_breakpoint\":\"xl\",\"slideshow_autoplay_pause\":true,\"slideshow_min_height\":300,\"thumbnav_height\":\"75\",\"thumbnav_svg_color\":\"emphasis\",\"thumbnav_width\":\"100\",\"title_element\":\"h3\"},\"children\":[{\"type\":\"slideshow_item\",\"props\":{\"image\":\"wp-content\\\/uploads\\\/2022\\\/01\\\/iqaluit-nunavut.jpg\",\"image_alt\":\"Historical & Cultural Guided Iqaluit Tour\",\"title\":\"Historical & Cultural Guided Iqaluit Tour\"}},{\"type\":\"slideshow_item\",\"props\":{\"image\":\"wp-content\\\/uploads\\\/2022\\\/05\\\/inukpak_culturalcitytour_002-b1b2dca9.jpeg\",\"image_alt\":\"Apex graveyard in Iqualuit\",\"title\":\"Apex graveyard in Iqualuit\"}},{\"type\":\"slideshow_item\",\"props\":{\"image\":\"wp-content\\\/uploads\\\/2022\\\/05\\\/inukpak_culturalcitytour_003-4454884c.jpeg\",\"image_alt\":\"Inukpak Van\",\"title\":\"Inukpak Van\"}}]}]}]},{\"type\":\"row\",\"children\":[{\"type\":\"column\",\"props\":{\"image_position\":\"center-center\",\"position_sticky_breakpoint\":\"m\"},\"children\":[{\"type\":\"text\",\"props\":{\"column_breakpoint\":\"m\",\"content\":\"\n\n<p>Quoi de mieux pour vous familiariser avec votre destination qu\\u2019un tour guid\\u00e9 de la capitale du Nunavut, en v\\u00e9hicule, avec un Nunavummiut cordial.<\\\/p>\\n\n\n<p>Faites connaissance avec votre h\\u00f4te et d\\u00e9couvrez les aspects singuliers de la vie quotidienne dans cette communaut\\u00e9 inuit unique.<\\\/p>\\n\n\n<p>Explorez l\\u2019histoire fascinante de la communaut\\u00e9 en parcourant les rues enneig\\u00e9es \\u2014 de la fondation de Frobisher Bay \\u00e0 aujourd\\u2019hui, en passant par la cr\\u00e9ation officielle du Nunavut.<\\\/p>\\n\n\n<p>Cette visite sera adapt\\u00e9e \\u00e0 vos int\\u00e9r\\u00eats, que ce soit avec un arr\\u00eat au centre des visiteurs Unikkaarvik ou au mus\\u00e9e Nunatta Sunakkutaangit, ou encore dans les boutiques o\\u00f9 vous pourrez d\\u00e9couvrir les articles cr\\u00e9\\u00e9s par les nombreux artisans du Nunavut.<\\\/p>\",\"margin\":\"default\",\"text_align\":\"justify\"},\"name\":\"Description\"}]}]},{\"type\":\"row\",\"children\":[{\"type\":\"column\",\"props\":{\"image_position\":\"center-center\",\"position_sticky_breakpoint\":\"m\"},\"children\":[{\"type\":\"panel\",\"props\":{\"content_column_breakpoint\":\"m\",\"icon_width\":80,\"image\":\"wp-content\\\/uploads\\\/2022\\\/01\\\/favicon.png\",\"image_align\":\"left\",\"image_grid_breakpoint\":\"m\",\"image_grid_column_gap\":\"small\",\"image_grid_row_gap\":\"small\",\"image_grid_width\":\"auto\",\"image_svg_color\":\"emphasis\",\"image_vertical_align\":true,\"image_width\":\"80\",\"link_style\":\"default\",\"link_text\":\"Read more\",\"margin\":\"default\",\"meta\":\"\",\"meta_align\":\"above-title\",\"meta_element\":\"h3\",\"meta_margin\":\"remove\",\"meta_style\":\"h3\",\"panel_padding\":\"small\",\"panel_style\":\"tile-muted\",\"text_align\":\"left\",\"text_align_breakpoint\":\"m\",\"text_align_fallback\":\"center\",\"title\":\"VISITE GUID\\u00c9E HISTORIQUE ET CULTURELLE D\\u2019IQALUIT\",\"title_align\":\"left\",\"title_element\":\"h3\",\"title_grid_breakpoint\":\"m\",\"title_grid_column_gap\":\"small\",\"title_grid_row_gap\":\"small\",\"title_grid_width\":\"auto\",\"title_hover_style\":\"reset\",\"title_margin\":\"remove\",\"title_style\":\"h3\"},\"name\":\"OFFER (NEW)\"}]}],\"props\":{\"width\":\"small\"}},{\"type\":\"row\",\"children\":[{\"type\":\"column\",\"props\":{\"image_position\":\"center-center\",\"position_sticky_breakpoint\":\"m\",\"width_default\":\"1-2\",\"width_large\":\"1-2\",\"width_medium\":\"1-2\",\"width_small\":\"1-2\",\"width_xlarge\":\"1-2\"},\"children\":[{\"type\":\"headline\",\"props\":{\"content\":\"2 heures\",\"title_element\":\"div\",\"title_style\":\"text-lead\"}}]},{\"type\":\"column\",\"props\":{\"image_position\":\"center-center\",\"position_sticky_breakpoint\":\"m\",\"vertical_align\":\"middle\",\"width_default\":\"1-2\",\"width_large\":\"1-2\",\"width_medium\":\"1-2\",\"width_small\":\"1-2\",\"width_xlarge\":\"1-2\"},\"children\":[{\"type\":\"text\",\"props\":{\"column_breakpoint\":\"m\",\"content\":\"\n\n<p>Disponible sur demande<span uk-icon=\\\"icon: calendar; ratio: 1\\\" class=\\\"uk-margin-small-left\\\"><\\\/span><\\\/p>\",\"css\":\".el-element {\\n  text-transform: uppercase;\\n}\",\"margin\":\"default\",\"text_align\":\"right\",\"text_color\":\"secondary\",\"text_style\":\"small\"}}]}],\"props\":{\"layout\":\"1-2,1-2\",\"width\":\"xsmall\"}},{\"type\":\"row\",\"children\":[{\"type\":\"column\",\"props\":{\"image_position\":\"center-center\",\"position_sticky_breakpoint\":\"m\"},\"children\":[{\"type\":\"table\",\"props\":{\"class\":\"offer\",\"image_svg_color\":\"emphasis\",\"link_fullwidth\":false,\"link_size\":\"small\",\"link_style\":\"default\",\"link_target\":true,\"link_text\":\"+\",\"meta_style\":\"text-meta\",\"show_content\":true,\"show_image\":true,\"show_link\":false,\"show_meta\":true,\"show_title\":true,\"table_hover\":true,\"table_justify\":true,\"table_last_align\":\"right\",\"table_order\":\"4\",\"table_responsive\":\"overflow\",\"table_size\":\"small\",\"table_style\":\"divider\",\"table_vertical_align\":true,\"table_width_meta\":\"medium\",\"table_width_title\":\"medium\"},\"children\":[{\"type\":\"table_item\",\"props\":{\"content\":\"\n\n<p style=\\\"text-align: right;\\\">90 $ CA<\\\/p>\",\"link\":\"#\",\"meta\":\"\",\"title\":\"Par personne (min. 4)\"}},{\"type\":\"table_item\",\"props\":{\"content\":\"\n\n<p style=\\\"text-align: right;\\\">72 $ CA<\\\/p>\",\"link\":\"#\",\"meta\":\"\",\"title\":\"Par personne add. (jusqu'\\u00e0 14 participants)\"}}]}]}],\"props\":{\"margin_remove_top\":true,\"width\":\"xsmall\"}},{\"type\":\"row\",\"children\":[{\"type\":\"column\",\"props\":{\"image_position\":\"center-center\",\"position_sticky_breakpoint\":\"m\",\"width_default\":\"1-2\",\"width_large\":\"1-2\",\"width_medium\":\"1-2\",\"width_small\":\"1-2\",\"width_xlarge\":\"1-2\"},\"children\":[{\"type\":\"headline\",\"props\":{\"content\":\"3 heures\",\"title_element\":\"div\",\"title_style\":\"text-lead\"}}]},{\"type\":\"column\",\"props\":{\"image_position\":\"center-center\",\"position_sticky_breakpoint\":\"m\",\"vertical_align\":\"middle\",\"width_default\":\"1-2\",\"width_large\":\"1-2\",\"width_medium\":\"1-2\",\"width_small\":\"1-2\",\"width_xlarge\":\"1-2\"},\"children\":[{\"type\":\"text\",\"props\":{\"column_breakpoint\":\"m\",\"content\":\"\n\n<p>Disponible sur demande<span uk-icon=\\\"icon: calendar; ratio: 1\\\" class=\\\"uk-margin-small-left\\\"><\\\/span><\\\/p>\",\"css\":\".el-element {\\n  text-transform: uppercase;\\n}\",\"margin\":\"default\",\"text_align\":\"right\",\"text_color\":\"secondary\",\"text_style\":\"small\"}}]}],\"props\":{\"layout\":\"1-2,1-2\",\"margin_remove_top\":false,\"width\":\"xsmall\"}},{\"type\":\"row\",\"children\":[{\"type\":\"column\",\"props\":{\"image_position\":\"center-center\",\"position_sticky_breakpoint\":\"m\"},\"children\":[{\"type\":\"table\",\"props\":{\"class\":\"offer\",\"image_svg_color\":\"emphasis\",\"link_fullwidth\":false,\"link_size\":\"small\",\"link_style\":\"default\",\"link_target\":true,\"link_text\":\"+\",\"meta_style\":\"text-meta\",\"show_content\":true,\"show_image\":true,\"show_link\":false,\"show_meta\":true,\"show_title\":true,\"table_hover\":true,\"table_justify\":true,\"table_last_align\":\"right\",\"table_order\":\"4\",\"table_responsive\":\"overflow\",\"table_size\":\"small\",\"table_style\":\"divider\",\"table_vertical_align\":true,\"table_width_meta\":\"medium\",\"table_width_title\":\"medium\"},\"children\":[{\"type\":\"table_item\",\"props\":{\"content\":\"\n\n<p style=\\\"text-align: right;\\\">125 $ CA<\\\/p>\",\"link\":\"#\",\"meta\":\"\",\"title\":\"Par personne (min. 4)\"}},{\"type\":\"table_item\",\"props\":{\"content\":\"\n\n<p style=\\\"text-align: right;\\\">100 $ CA<\\\/p>\",\"link\":\"#\",\"meta\":\"\",\"title\":\"Par personne add. (jusqu'\\u00e0 14 participants)\"}}]}]}],\"props\":{\"margin_remove_top\":true,\"width\":\"xsmall\"}},{\"type\":\"row\",\"children\":[{\"type\":\"column\",\"props\":{\"image_position\":\"center-center\",\"position_sticky_breakpoint\":\"m\"},\"children\":[{\"type\":\"panel\",\"props\":{\"block_align\":\"center\",\"content\":\"\n\n<p>[wd_hustle id=\\\"5\\\" type=\\\"popup\\\"]Contactez-nous[\\\/wd_hustle] pour des prix<\\\/p>\",\"content_column_breakpoint\":\"m\",\"content_margin\":\"remove\",\"content_style\":\"text-meta\",\"icon\":\"users\",\"icon_color\":\"muted\",\"icon_width\":\"40\",\"image_align\":\"left\",\"image_grid_breakpoint\":\"\",\"image_grid_column_gap\":\"small\",\"image_grid_width\":\"auto\",\"image_svg_color\":\"emphasis\",\"image_vertical_align\":true,\"link_style\":\"default\",\"link_text\":\"Read more\",\"margin\":\"default\",\"maxwidth\":\"medium\",\"meta_align\":\"below-title\",\"meta_element\":\"div\",\"meta_style\":\"text-meta\",\"status\":\"disabled\",\"text_align\":\"left\",\"title\":\"GROUPE PLUS NOMBREUX?\",\"title_align\":\"top\",\"title_color\":\"muted\",\"title_element\":\"h6\",\"title_grid_breakpoint\":\"m\",\"title_grid_width\":\"1-2\",\"title_hover_style\":\"reset\",\"title_style\":\"text-lead\"},\"name\":\"Larger Group (FR)\"}]}]},{\"type\":\"row\",\"props\":{\"width\":\"small\"},\"children\":[{\"type\":\"column\",\"props\":{\"image_position\":\"center-center\",\"padding\":\"xsmall\",\"position_sticky_breakpoint\":\"m\",\"style\":\"tile-muted\"},\"children\":[{\"type\":\"text\",\"props\":{\"column_breakpoint\":\"m\",\"content\":\"[wd_hustle id=\\\"5\\\" type=\\\"popup\\\"]Nous joindre au sujet de cette offre[\\\/wd_hustle]\",\"margin\":\"default\",\"status\":\"disabled\",\"text_align\":\"center\"},\"name\":\"Contact POP UP (FR)\"}]}]}],\"name\":\"Historical & Cultural Guided Iqaluit Tour\"}],\"version\":\"4.4.15\",\"yooessentialsVersion\":\"2.2.26\"} --><\/p>\n","protected":false},"excerpt":{"rendered":"<p>EXCURSIONS DE VISITES GUID\u00c9ES EN ARCTIQUE Visite guid\u00e9e historique et culturelle d&rsquo;Iqaluit JAN F\u00c9V MAR AVR MAY JUI JUL AOU SEP OCT NOV D\u00c9C NIVEAU D\u00e9couvrez Iqaluit, la capitale du Nunavut. Votre guide, un vrai Nunavummiut (r\u00e9sident du Nunavut), vous pr\u00e9sente sa ville comme aucun livre ne peut le faire. Disponible sur demande (2 et [&hellip;]<\/p>\n","protected":false},"author":1,"featured_media":0,"parent":3549,"menu_order":0,"comment_status":"closed","ping_status":"closed","template":"","meta":{"footnotes":""},"class_list":["post-2495","page","type-page","status-publish","hentry"],"_links":{"self":[{"href":"https:\/\/inukpakoutfitting.ca\/fr\/wp-json\/wp\/v2\/pages\/2495","targetHints":{"allow":["GET"]}}],"collection":[{"href":"https:\/\/inukpakoutfitting.ca\/fr\/wp-json\/wp\/v2\/pages"}],"about":[{"href":"https:\/\/inukpakoutfitting.ca\/fr\/wp-json\/wp\/v2\/types\/page"}],"author":[{"embeddable":true,"href":"https:\/\/inukpakoutfitting.ca\/fr\/wp-json\/wp\/v2\/users\/1"}],"replies":[{"embeddable":true,"href":"https:\/\/inukpakoutfitting.ca\/fr\/wp-json\/wp\/v2\/comments?post=2495"}],"version-history":[{"count":0,"href":"https:\/\/inukpakoutfitting.ca\/fr\/wp-json\/wp\/v2\/pages\/2495\/revisions"}],"up":[{"embeddable":true,"href":"https:\/\/inukpakoutfitting.ca\/fr\/wp-json\/wp\/v2\/pages\/3549"}],"wp:attachment":[{"href":"https:\/\/inukpakoutfitting.ca\/fr\/wp-json\/wp\/v2\/media?parent=2495"}],"curies":[{"name":"wp","href":"https:\/\/api.w.org\/{rel}","templated":true}]}}