{"id":2497,"date":"2022-01-07T17:11:21","date_gmt":"2022-01-07T17:11:21","guid":{"rendered":"https:\/\/wip.digitalsteam.ca\/inukpak\/river-canoeing\/"},"modified":"2024-12-10T18:11:00","modified_gmt":"2024-12-10T18:11:00","slug":"canot-de-riviere","status":"publish","type":"page","link":"https:\/\/inukpakoutfitting.ca\/fr\/excursions-arctique\/ete\/canot-de-riviere\/","title":{"rendered":"Canot de rivi\u00e8re"},"content":{"rendered":"<h1>EXCURSIONS DE CANOT EN ARCTIQUE<\/h1>\n<h2>Excursions de randonn\u00e9e p\u00e9destre et canot<\/h2>\n<div>\n<ul class=\"calendarmo\">\n<li class=\"off\">JAN<\/li>\n<li class=\"off\">F\u00c9V<\/li>\n<li class=\"off\">MAR<\/li>\n<li class=\"off\">AVR<\/li>\n<li class=\"off\">MAI<\/li>\n<li class=\"off\">JUI<\/li>\n<li class=\"on\">JUL<\/li>\n<li class=\"on\">AOU<\/li>\n<li class=\"on\">SEP<\/li>\n<li class=\"off\">OCT<\/li>\n<li class=\"off\">NOV<\/li>\n<li class=\"off\">D\u00c9C<\/li>\n<\/ul>\n<\/div>\n<div>\n<p>        <img decoding=\"async\" data-src=\"\/wp-content\/uploads\/2022\/01\/IconesNiveaux_Level_1.png\" alt=\"\" src=\"data:image\/svg+xml;base64,PHN2ZyB3aWR0aD0iMSIgaGVpZ2h0PSIxIiB4bWxucz0iaHR0cDovL3d3dy53My5vcmcvMjAwMC9zdmciPjwvc3ZnPg==\" class=\"lazyload\" style=\"--smush-placeholder-width: 663px; --smush-placeholder-aspect-ratio: 663\/612;\"><\/p>\n<h3>NIVEAU<\/h3>\n<p><a href=\"\/en\/trip-grading\"><\/a><\/p>\n<\/div>\n<div>Vivez une journ\u00e9e au grand air en bonne compagnie !<\/div>\n<div>\n<p>    <img decoding=\"async\" data-src=\"\/wp-content\/uploads\/2022\/01\/arctic-canoeing.jpg\" alt=\"Hiking and canoeing excursion\" src=\"data:image\/svg+xml;base64,PHN2ZyB3aWR0aD0iMSIgaGVpZ2h0PSIxIiB4bWxucz0iaHR0cDovL3d3dy53My5vcmcvMjAwMC9zdmciPjwvc3ZnPg==\" class=\"lazyload\" style=\"--smush-placeholder-width: 1200px; --smush-placeholder-aspect-ratio: 1200\/800;\"><\/p>\n<h3>Hiking and canoeing excursion<\/h3>\n<\/div>\n<div>Situ\u00e9e \u00e0 cinq minutes d\u2019Iqaluit, la rivi\u00e8re Sylvia Grinnell suit son cours. Vivez une journ\u00e9e au grand air en sa compagnie ! Apr\u00e8s une randonn\u00e9e de pr\u00e8s de deux heures \u00e0 travers la large vall\u00e9e entourant la rivi\u00e8re, nous arr\u00eatons pour le d\u00eener. Apr\u00e8s le repas, votre guide d\u2019exp\u00e9rience vous enseigne les rudiments de base du canotage en rivi\u00e8re. Vous vous familiarisez au d\u00e9bit de la rivi\u00e8re dans nos canots pneumatiques stables et faciles \u00e0 man\u0153uvrer. Devant vous, une s\u00e9rie de rapides de classe I et II pour un apr\u00e8s-midi de plaisir assur\u00e9 !<\/div>\n<div>\n<p>        <img decoding=\"async\" data-src=\"\/wp-content\/uploads\/2022\/01\/favicon.png\" alt=\"\" src=\"data:image\/svg+xml;base64,PHN2ZyB3aWR0aD0iMSIgaGVpZ2h0PSIxIiB4bWxucz0iaHR0cDovL3d3dy53My5vcmcvMjAwMC9zdmciPjwvc3ZnPg==\" class=\"lazyload\" style=\"--smush-placeholder-width: 500px; --smush-placeholder-aspect-ratio: 500\/500;\"><\/p>\n<h3>EXCURSIONS DE RANDONN\u00c9E P\u00c9DESTRE ET CANOT<\/h3>\n<\/div>\n<div>Journ\u00e9e compl\u00e8te<br \/>\n(6 \u00e0 8 heures)<\/div>\n<div>Juillet \u00e0 Septembre<span uk-icon=\"icon: calendar; ratio: 1\" class=\"uk-margin-small-left\"><\/span><\/div>\n<table>\n<tbody>\n<tr>\n<td>Par personne (min. 2)<\/td>\n<td>\n<p style=\"text-align: right;\">510 $ CA<\/p>\n<\/td>\n<td>\n        <a href=\"#\">+<\/a>\n    <\/td>\n<\/tr>\n<tr>\n<td>Par personne (min. 4 \/ max. 6)<\/td>\n<td>\n<p style=\"text-align: right;\">410 $ CA<\/p>\n<\/td>\n<td>\n        <a href=\"#\">+<\/a>\n    <\/td>\n<\/tr>\n<tr>\n<td>Par personne (personne seule)<\/td>\n<td>\n<p style=\"text-align: right;\">930 $ CA<\/p>\n<\/td>\n<td>\n        <a href=\"#\">+<\/a>\n    <\/td>\n<\/tr>\n<\/tbody>\n<\/table>\n<p><!--more--><br \/>\n<!-- {\"name\":\"Category page (EN)\",\"type\":\"layout\",\"children\":[{\"type\":\"section\",\"props\":{\"image_position\":\"center-center\",\"padding\":\"xsmall\",\"style\":\"muted\",\"title_breakpoint\":\"xl\",\"title_position\":\"top-left\",\"title_rotation\":\"left\",\"vertical_align\":\"\",\"width\":\"default\"},\"children\":[{\"type\":\"row\",\"children\":[{\"type\":\"column\",\"props\":{\"image_position\":\"center-center\",\"position_sticky_breakpoint\":\"m\"},\"children\":[{\"type\":\"headline\",\"props\":{\"content\":\"EXCURSIONS DE CANOT EN ARCTIQUE\",\"text_align\":\"left\",\"title_color\":\"secondary\",\"title_decoration\":\"bullet\",\"title_element\":\"h1\",\"title_style\":\"h3\"},\"name\":\"CATEGORY NAME (H1)\"}]}]}],\"name\":\"PAGE CATEGORY\"},{\"type\":\"section\",\"props\":{\"id\":\"HCE\",\"image_position\":\"center-center\",\"padding\":\"small\",\"padding_remove_bottom\":false,\"style\":\"default\",\"title_breakpoint\":\"xl\",\"title_position\":\"top-left\",\"title_rotation\":\"left\",\"vertical_align\":\"\",\"width\":\"default\"},\"children\":[{\"type\":\"row\",\"children\":[{\"type\":\"column\",\"props\":{\"image_position\":\"center-center\",\"position_sticky_breakpoint\":\"m\",\"width_default\":\"expand\",\"width_large\":\"expand\",\"width_medium\":\"expand\",\"width_small\":\"expand\",\"width_xlarge\":\"expand\"},\"children\":[{\"type\":\"headline\",\"props\":{\"content\":\"Excursions de randonn\\u00e9e p\\u00e9destre et canot\",\"css\":\".el-element {\\n  text-transform: uppercase;\\n}\\n\",\"margin\":\"small\",\"margin_remove_bottom\":false,\"title_element\":\"h2\",\"title_style\":\"h2\"},\"name\":\"Title\"},{\"type\":\"text\",\"props\":{\"column_breakpoint\":\"m\",\"content\":\"\n\n<ul class=\\\"calendarmo\\\">\\n    \n\n<li class=\\\"off\\\">JAN<\\\/li>\\n    \n\n<li class=\\\"off\\\">F\\u00c9V<\\\/li>\\n    \n\n<li class=\\\"off\\\">MAR<\\\/li>\\n    \n\n<li class=\\\"off\\\">AVR<\\\/li>\\n    \n\n<li class=\\\"off\\\">MAI<\\\/li>\\n    \n\n<li class=\\\"off\\\">JUI<\\\/li>\\n    \n\n<li class=\\\"on\\\">JUL<\\\/li>\\n    \n\n<li class=\\\"on\\\">AOU<\\\/li>\\n    \n\n<li class=\\\"on\\\">SEP<\\\/li>\\n    \n\n<li class=\\\"off\\\">OCT<\\\/li>\\n    \n\n<li class=\\\"off\\\">NOV<\\\/li>\\n    \n\n<li class=\\\"off\\\">D\\u00c9C<\\\/li>\\n<\\\/ul>\",\"margin\":\"small\",\"margin_remove_top\":false,\"text_align\":\"left\",\"text_style\":\"lead\"},\"name\":\"Schedule\"}]},{\"type\":\"column\",\"props\":{\"image_position\":\"center-center\",\"position_sticky_breakpoint\":\"m\",\"width_default\":\"auto\",\"width_large\":\"auto\",\"width_medium\":\"auto\",\"width_small\":\"auto\",\"width_xlarge\":\"auto\"},\"children\":[{\"type\":\"panel\",\"props\":{\"content_column_breakpoint\":\"m\",\"icon_width\":80,\"image\":\"wp-content\\\/uploads\\\/2022\\\/01\\\/IconesNiveaux_Level_1.png\",\"image_align\":\"right\",\"image_grid_breakpoint\":\"m\",\"image_grid_column_gap\":\"collapse\",\"image_grid_row_gap\":\"collapse\",\"image_grid_width\":\"auto\",\"image_svg_color\":\"emphasis\",\"image_vertical_align\":true,\"image_width\":\"60\",\"link\":\"\\\/en\\\/trip-grading\",\"link_style\":\"default\",\"link_text\":\"\",\"margin\":\"default\",\"meta_align\":\"below-title\",\"meta_element\":\"div\",\"meta_style\":\"text-meta\",\"panel_link\":true,\"text_align\":\"right\",\"title\":\"NIVEAU\",\"title_align\":\"top\",\"title_element\":\"h3\",\"title_grid_breakpoint\":\"m\",\"title_grid_width\":\"auto\",\"title_hover_style\":\"reset\",\"title_margin\":\"remove\",\"title_style\":\"text-lead\"},\"name\":\"Grading\"}]}],\"props\":{\"layout\":\"expand,large\"}},{\"type\":\"row\",\"props\":{\"margin\":\"default\",\"margin_remove_top\":false},\"children\":[{\"type\":\"column\",\"props\":{\"image_position\":\"center-center\",\"position_sticky_breakpoint\":\"m\"},\"children\":[{\"type\":\"text\",\"props\":{\"column_breakpoint\":\"m\",\"content\":\"Vivez une journ\\u00e9e au grand air en bonne compagnie !\",\"margin\":\"default\"},\"name\":\"Intro\"}]}]},{\"type\":\"row\",\"children\":[{\"type\":\"column\",\"props\":{\"image_position\":\"center-center\",\"position_sticky_breakpoint\":\"m\"},\"children\":[{\"type\":\"slideshow\",\"props\":{\"link_style\":\"default\",\"link_text\":\"Read more\",\"margin\":\"default\",\"meta_align\":\"below-title\",\"meta_element\":\"div\",\"meta_style\":\"text-meta\",\"nav\":\"dotnav\",\"nav_align\":\"center\",\"nav_breakpoint\":\"s\",\"nav_position\":\"bottom-center\",\"nav_position_margin\":\"medium\",\"overlay_animation\":\"parallax\",\"overlay_position\":\"center-left\",\"show_content\":false,\"show_link\":false,\"show_meta\":false,\"show_thumbnail\":false,\"show_title\":false,\"slidenav\":\"default\",\"slidenav_breakpoint\":\"s\",\"slidenav_margin\":\"medium\",\"slidenav_outside_breakpoint\":\"xl\",\"slideshow_autoplay_pause\":true,\"slideshow_min_height\":300,\"thumbnav_height\":\"75\",\"thumbnav_svg_color\":\"emphasis\",\"thumbnav_width\":\"100\",\"title_element\":\"h3\"},\"children\":[{\"type\":\"slideshow_item\",\"props\":{\"image\":\"wp-content\\\/uploads\\\/2022\\\/01\\\/arctic-canoeing.jpg\",\"image_alt\":\"Hiking and canoeing excursion\",\"title\":\"Hiking and canoeing excursion\"}}]}]}]},{\"type\":\"row\",\"children\":[{\"type\":\"column\",\"props\":{\"image_position\":\"center-center\",\"position_sticky_breakpoint\":\"m\"},\"children\":[{\"type\":\"text\",\"props\":{\"column_breakpoint\":\"m\",\"content\":\"Situ\\u00e9e \\u00e0 cinq minutes d\\u2019Iqaluit, la rivi\\u00e8re Sylvia Grinnell suit son cours. Vivez une journ\\u00e9e au grand air en sa compagnie ! Apr\\u00e8s une randonn\\u00e9e de pr\\u00e8s de deux heures \\u00e0 travers la large vall\\u00e9e entourant la rivi\\u00e8re, nous arr\\u00eatons pour le d\\u00eener. Apr\\u00e8s le repas, votre guide d\\u2019exp\\u00e9rience vous enseigne les rudiments de base du canotage en rivi\\u00e8re. Vous vous familiarisez au d\\u00e9bit de la rivi\\u00e8re dans nos canots pneumatiques stables et faciles \\u00e0 man\\u0153uvrer. Devant vous, une s\\u00e9rie de rapides de classe I et II pour un apr\\u00e8s-midi de plaisir assur\\u00e9 !\",\"margin\":\"default\",\"text_align\":\"justify\"},\"name\":\"Description\"}]}]},{\"type\":\"row\",\"children\":[{\"type\":\"column\",\"props\":{\"image_position\":\"center-center\",\"position_sticky_breakpoint\":\"m\"},\"children\":[{\"type\":\"panel\",\"props\":{\"content_column_breakpoint\":\"m\",\"icon_width\":80,\"image\":\"wp-content\\\/uploads\\\/2022\\\/01\\\/favicon.png\",\"image_align\":\"left\",\"image_grid_breakpoint\":\"m\",\"image_grid_column_gap\":\"small\",\"image_grid_row_gap\":\"small\",\"image_grid_width\":\"auto\",\"image_svg_color\":\"emphasis\",\"image_vertical_align\":true,\"image_width\":\"80\",\"link_style\":\"default\",\"link_text\":\"Read more\",\"margin\":\"default\",\"meta\":\"\",\"meta_align\":\"above-title\",\"meta_element\":\"h3\",\"meta_margin\":\"remove\",\"meta_style\":\"h3\",\"panel_padding\":\"small\",\"panel_style\":\"tile-muted\",\"text_align\":\"left\",\"text_align_breakpoint\":\"m\",\"text_align_fallback\":\"center\",\"title\":\"EXCURSIONS DE RANDONN\\u00c9E P\\u00c9DESTRE ET CANOT\",\"title_align\":\"left\",\"title_element\":\"h3\",\"title_grid_breakpoint\":\"m\",\"title_grid_column_gap\":\"small\",\"title_grid_row_gap\":\"small\",\"title_grid_width\":\"auto\",\"title_hover_style\":\"reset\",\"title_margin\":\"remove\",\"title_style\":\"h3\"},\"name\":\"OFFER (NEW)\"}]}],\"props\":{\"width\":\"small\"}},{\"type\":\"row\",\"children\":[{\"type\":\"column\",\"props\":{\"image_position\":\"center-center\",\"position_sticky_breakpoint\":\"m\",\"width_default\":\"1-2\",\"width_large\":\"1-2\",\"width_medium\":\"1-2\",\"width_small\":\"1-2\",\"width_xlarge\":\"1-2\"},\"children\":[{\"type\":\"headline\",\"props\":{\"content\":\"Journ\\u00e9e compl\\u00e8te\\n(6 \\u00e0 8 heures)\",\"title_element\":\"div\",\"title_style\":\"text-lead\"}}]},{\"type\":\"column\",\"props\":{\"image_position\":\"center-center\",\"position_sticky_breakpoint\":\"m\",\"vertical_align\":\"middle\",\"width_default\":\"1-2\",\"width_large\":\"1-2\",\"width_medium\":\"1-2\",\"width_small\":\"1-2\",\"width_xlarge\":\"1-2\"},\"children\":[{\"type\":\"text\",\"props\":{\"column_breakpoint\":\"m\",\"content\":\"Juillet \\u00e0 Septembre<span uk-icon=\\\"icon: calendar; ratio: 1\\\" class=\\\"uk-margin-small-left\\\"><\\\/span>\",\"css\":\".el-element {\\n  text-transform: uppercase;\\n}\",\"margin\":\"default\",\"text_align\":\"right\",\"text_color\":\"secondary\",\"text_style\":\"small\"}}]}],\"props\":{\"layout\":\"1-2,1-2\",\"width\":\"xsmall\"}},{\"type\":\"row\",\"children\":[{\"type\":\"column\",\"props\":{\"image_position\":\"center-center\",\"position_sticky_breakpoint\":\"m\"},\"children\":[{\"type\":\"table\",\"props\":{\"class\":\"offer\",\"image_svg_color\":\"emphasis\",\"link_fullwidth\":false,\"link_size\":\"small\",\"link_style\":\"default\",\"link_target\":true,\"link_text\":\"+\",\"meta_style\":\"text-meta\",\"show_content\":true,\"show_image\":true,\"show_link\":false,\"show_meta\":true,\"show_title\":true,\"table_hover\":true,\"table_justify\":true,\"table_last_align\":\"right\",\"table_order\":\"4\",\"table_responsive\":\"overflow\",\"table_size\":\"small\",\"table_style\":\"divider\",\"table_vertical_align\":true,\"table_width_meta\":\"medium\",\"table_width_title\":\"medium\"},\"children\":[{\"type\":\"table_item\",\"props\":{\"content\":\"\n\n<p style=\\\"text-align: right;\\\">510 $ CA<\\\/p>\",\"link\":\"#\",\"meta\":\"\",\"title\":\"Par personne (min. 2)\"}},{\"type\":\"table_item\",\"props\":{\"content\":\"\n\n<p style=\\\"text-align: right;\\\">410 $ CA<\\\/p>\",\"link\":\"#\",\"meta\":\"\",\"title\":\"Par personne (min. 4 \\\/ max. 6)\"}},{\"type\":\"table_item\",\"props\":{\"content\":\"\n\n<p style=\\\"text-align: right;\\\">930 $ CA<\\\/p>\",\"link\":\"#\",\"meta\":\"\",\"title\":\"Par personne (personne seule)\"}}]}]}],\"props\":{\"width\":\"xsmall\"}},{\"type\":\"row\",\"props\":{\"width\":\"small\"},\"children\":[{\"type\":\"column\",\"props\":{\"image_position\":\"center-center\",\"padding\":\"xsmall\",\"position_sticky_breakpoint\":\"m\",\"style\":\"tile-muted\"},\"children\":[{\"type\":\"text\",\"props\":{\"column_breakpoint\":\"m\",\"content\":\"[wd_hustle id=\\\"5\\\" type=\\\"popup\\\"]Nous joindre au sujet de cette offre[\\\/wd_hustle]\",\"margin\":\"default\",\"status\":\"disabled\",\"text_align\":\"center\"},\"name\":\"Contact POP UP (FR)\"}]}]}],\"name\":\"HIKING AND CANOEING EXCURSIONS\"}],\"version\":\"4.4.15\",\"yooessentialsVersion\":\"2.2.26\"} --><\/p>\n","protected":false},"excerpt":{"rendered":"<p>EXCURSIONS DE CANOT EN ARCTIQUE Excursions de randonn\u00e9e p\u00e9destre et canot JAN F\u00c9V MAR AVR MAI JUI JUL AOU SEP OCT NOV D\u00c9C NIVEAU Vivez une journ\u00e9e au grand air en bonne compagnie ! Hiking and canoeing excursion Situ\u00e9e \u00e0 cinq minutes d\u2019Iqaluit, la rivi\u00e8re Sylvia Grinnell suit son cours. Vivez une journ\u00e9e au grand [&hellip;]<\/p>\n","protected":false},"author":1,"featured_media":0,"parent":3547,"menu_order":0,"comment_status":"closed","ping_status":"closed","template":"","meta":{"footnotes":""},"class_list":["post-2497","page","type-page","status-publish","hentry"],"_links":{"self":[{"href":"https:\/\/inukpakoutfitting.ca\/fr\/wp-json\/wp\/v2\/pages\/2497","targetHints":{"allow":["GET"]}}],"collection":[{"href":"https:\/\/inukpakoutfitting.ca\/fr\/wp-json\/wp\/v2\/pages"}],"about":[{"href":"https:\/\/inukpakoutfitting.ca\/fr\/wp-json\/wp\/v2\/types\/page"}],"author":[{"embeddable":true,"href":"https:\/\/inukpakoutfitting.ca\/fr\/wp-json\/wp\/v2\/users\/1"}],"replies":[{"embeddable":true,"href":"https:\/\/inukpakoutfitting.ca\/fr\/wp-json\/wp\/v2\/comments?post=2497"}],"version-history":[{"count":0,"href":"https:\/\/inukpakoutfitting.ca\/fr\/wp-json\/wp\/v2\/pages\/2497\/revisions"}],"up":[{"embeddable":true,"href":"https:\/\/inukpakoutfitting.ca\/fr\/wp-json\/wp\/v2\/pages\/3547"}],"wp:attachment":[{"href":"https:\/\/inukpakoutfitting.ca\/fr\/wp-json\/wp\/v2\/media?parent=2497"}],"curies":[{"name":"wp","href":"https:\/\/api.w.org\/{rel}","templated":true}]}}